{"id":3006,"date":"2015-01-14T15:36:41","date_gmt":"2015-01-14T15:36:41","guid":{"rendered":"http:\/\/nice-network.org\/?page_id=3006"},"modified":"2020-04-24T14:34:29","modified_gmt":"2020-04-24T14:34:29","slug":"logement","status":"publish","type":"page","link":"https:\/\/nice-network.org\/fr\/logement\/","title":{"rendered":"Logement &#038; Accueil"},"content":{"rendered":"<p><div class=\"fusion-fullwidth fullwidth-box fusion-builder-row-1 nonhundred-percent-fullwidth non-hundred-percent-height-scrolling\" style=\"background-color: no;background-position: left top;background-repeat: no-repeat;padding-top:0px;padding-right:0px;padding-bottom:50px;padding-left:0px;margin-bottom: 0px;margin-top: 0px;border-width: 0px 0px 0px 0px;border-color:#eae9e9;border-style:solid;\" ><div class=\"fusion-builder-row fusion-row\"><div class=\"fusion-layout-column fusion_builder_column fusion-builder-column-0 fusion_builder_column_2_3 2_3 fusion-two-third fusion-column-first\" style=\"width:65.3333%; margin-right: 4%;margin-top:0px;margin-bottom:20px;\"><div class=\"fusion-column-wrapper fusion-flex-column-wrapper-legacy\" style=\"background-position:left top;background-repeat:no-repeat;-webkit-background-size:cover;-moz-background-size:cover;-o-background-size:cover;background-size:cover;padding: 0px 0px 0px 0px;\"><style type=\"text\/css\"><\/style><div class=\"fusion-title title fusion-title-1 fusion-sep-none fusion-title-text fusion-title-size-one\" style=\"margin-top:0px;margin-right:0px;margin-bottom:31px;margin-left:0px;\"><h1 class=\"title-heading-left\" style=\"margin:0;\">Logement: Faites comme chez vous en Argentine!<\/h1><\/div><div class=\"fusion-text fusion-text-1\"><p>En vivant avec un de nos h\u00f4tes locaux, vous allez conna\u00eetre le mode de vie argentin \u00e0 bout portant. Vous allez rencontrer un grand nombre de personnes ouvertes et vous allez prendre part de mani\u00e8re active au\u00a0mode de vie argentin typiquement sociable. C&rsquo;est un excellent moyen de se plonger dans la culture et l&rsquo;apprentissage de l&rsquo;<a href=\"http:\/\/nice-network.org\/fr\/coursdespagnol-amerique-du-sud\/\">espagnol<\/a> devient tellement plus facile!<\/p>\n<\/div><div class=\"fusion-sep-clear\"><\/div><div class=\"fusion-separator fusion-full-width-sep\" style=\"margin-left: auto;margin-right: auto;margin-top:20px;width:100%;\"><\/div><div class=\"fusion-sep-clear\"><\/div><div class=\"fusion-video fusion-youtube\" style=\"max-width:512px;max-height:290px;\"><div class=\"video-shortcode\"><iframe title=\"YouTube video player 1\" src=\"https:\/\/www.youtube.com\/embed\/eoApJ4tJYQ0?wmode=transparent&autoplay=0\" width=\"512\" height=\"290\" allowfullscreen allow=\"autoplay; fullscreen\"><\/iframe><\/div><\/div><div class=\"fusion-clearfix\"><\/div><\/div><\/div><div class=\"fusion-layout-column fusion_builder_column fusion-builder-column-1 fusion_builder_column_1_3 1_3 fusion-one-third fusion-column-last\" style=\"width:30.6666%;margin-top:0px;margin-bottom:20px;\"><div class=\"fusion-column-wrapper fusion-flex-column-wrapper-legacy\" style=\"background-position:left top;background-repeat:no-repeat;-webkit-background-size:cover;-moz-background-size:cover;-o-background-size:cover;background-size:cover;padding: 0px 0px 0px 0px;\"><style type=\"text\/css\"><\/style><div class=\"fusion-title title fusion-title-2 fusion-sep-none fusion-title-text fusion-title-size-three\" style=\"margin-top:0px;margin-right:0px;margin-bottom:31px;margin-left:0px;\"><h3 class=\"title-heading-left\" style=\"margin:0;\">Logement &#8211; faits en bref<\/h3><\/div><ul class=\"fusion-checklist fusion-checklist-1\" style=\"font-size:13px;line-height:22.1px;\"><li class=\"fusion-li-item\"><span style=\"background-color:#ff8a00;font-size:11.44px;height:22.1px;width:22.1px;margin-right:9.1px;\" class=\"icon-wrapper circle-yes\"><i class=\"fusion-li-icon fa-check fas\" style=\"color:#ffffff;\" aria-hidden=\"true\"><\/i><\/span><div class=\"fusion-li-item-content\" style=\"margin-left:31.2px;\">Des chambres enti\u00e8rement meubl\u00e9e, chauffage et internet compris, linge<\/div><\/li><li class=\"fusion-li-item\"><span style=\"background-color:#ff8a00;font-size:11.44px;height:22.1px;width:22.1px;margin-right:9.1px;\" class=\"icon-wrapper circle-yes\"><i class=\"fusion-li-icon fa-check fas\" style=\"color:#ffffff;\" aria-hidden=\"true\"><\/i><\/span><div class=\"fusion-li-item-content\" style=\"margin-left:31.2px;\">Situation centrale dans les quartiers s\u00fbrs<\/div><\/li><li class=\"fusion-li-item\"><span style=\"background-color:#ff8a00;font-size:11.44px;height:22.1px;width:22.1px;margin-right:9.1px;\" class=\"icon-wrapper circle-yes\"><i class=\"fusion-li-icon fa-check fas\" style=\"color:#ffffff;\" aria-hidden=\"true\"><\/i><\/span><div class=\"fusion-li-item-content\" style=\"margin-left:31.2px;\">Des h\u00f4tes de confiance, chaleureux et culturellement ouverts d&rsquo;esprit<\/div><\/li><li class=\"fusion-li-item\"><span style=\"background-color:#ff8a00;font-size:11.44px;height:22.1px;width:22.1px;margin-right:9.1px;\" class=\"icon-wrapper circle-yes\"><i class=\"fusion-li-icon fa-check fas\" style=\"color:#ffffff;\" aria-hidden=\"true\"><\/i><\/span><div class=\"fusion-li-item-content\" style=\"margin-left:31.2px;\">Des normes de qualit\u00e9 r\u00e9guli\u00e8rement contr\u00f4l\u00e9es<\/div><\/li><li class=\"fusion-li-item\"><span style=\"background-color:#ff8a00;font-size:11.44px;height:22.1px;width:22.1px;margin-right:9.1px;\" class=\"icon-wrapper circle-yes\"><i class=\"fusion-li-icon fa-check fas\" style=\"color:#ffffff;\" aria-hidden=\"true\"><\/i><\/span><div class=\"fusion-li-item-content\" style=\"margin-left:31.2px;\">Des bonnes connexions \u00e0 votre lieu de <a href=\"http:\/\/nice-network.org\/fr\/stage-amerique-du-sud\/\">stage<\/a> ou \u00e0 votre institution de <a href=\"http:\/\/nice-network.org\/fr\/volontariat-amerique-du-sud\/\">volontariat<\/a><\/div><\/li><li class=\"fusion-li-item\"><span style=\"background-color:#ff8a00;font-size:11.44px;height:22.1px;width:22.1px;margin-right:9.1px;\" class=\"icon-wrapper circle-yes\"><i class=\"fusion-li-icon fa-check fas\" style=\"color:#ffffff;\" aria-hidden=\"true\"><\/i><\/span><div class=\"fusion-li-item-content\" style=\"margin-left:31.2px;\">Prise en compte des besoins sp\u00e9ciaux (c&rsquo;est \u00e0 dire non-fumeur, allergies)<\/div><\/li><li class=\"fusion-li-item\"><span style=\"background-color:#ff8a00;font-size:11.44px;height:22.1px;width:22.1px;margin-right:9.1px;\" class=\"icon-wrapper circle-yes\"><i class=\"fusion-li-icon fa-check fas\" style=\"color:#ffffff;\" aria-hidden=\"true\"><\/i><\/span><div class=\"fusion-li-item-content\" style=\"margin-left:31.2px;\">Une garantie <a href=\"http:\/\/nice-network.org\/fr\/description\/\">Nice<\/a> <\/div><\/li><li class=\"fusion-li-item\"><span style=\"background-color:#ff8a00;font-size:11.44px;height:22.1px;width:22.1px;margin-right:9.1px;\" class=\"icon-wrapper circle-yes\"><i class=\"fusion-li-icon fa-check fas\" style=\"color:#ffffff;\" aria-hidden=\"true\"><\/i><\/span><div class=\"fusion-li-item-content\" style=\"margin-left:31.2px;\">\n<p>Prix: \u00e0 partir de \u20ac 80 par semaine<\/p>\n<\/div><\/li><\/ul><div class=\"fusion-text fusion-text-2\"><p>D\u00e9couvrez ici tout ce qui est inclus dans le prix:<\/p>\n<\/div><div class=\"fusion-alignleft\"><style type=\"text\/css\">.fusion-button.button-1 .fusion-button-text, .fusion-button.button-1 i {color:#ffffff;}.fusion-button.button-1 .fusion-button-icon-divider{border-color:#ffffff;}.fusion-button.button-1:hover .fusion-button-text, .fusion-button.button-1:hover i,.fusion-button.button-1:focus .fusion-button-text, .fusion-button.button-1:focus i,.fusion-button.button-1:active .fusion-button-text, .fusion-button.button-1:active{color:#ffffff;}.fusion-button.button-1:hover .fusion-button-icon-divider, .fusion-button.button-1:hover .fusion-button-icon-divider, .fusion-button.button-1:active .fusion-button-icon-divider{border-color:#ffffff;}.fusion-button.button-1:hover, .fusion-button.button-1:focus, .fusion-button.button-1:active{border-color:#ffffff;}.fusion-button.button-1 {border-color:#ffffff;border-radius:0px;}.fusion-button.button-1{background: #ff8a00;}.fusion-button.button-1:hover,.button-1:focus,.fusion-button.button-1:active{background: #ff4800;}<\/style><a class=\"fusion-button button-flat button-large button-custom button-1 fusion-button-span-no fusion-button-default-type\" target=\"_blank\" rel=\"noopener noreferrer\" title=\"Inclus et FAQ\" href=\"http:\/\/nice-network.org\/fr\/nice-services\/\"><span class=\"fusion-button-text\">Ce qui est inclus &amp; FAQ<\/span><\/a><\/div><div class=\"fusion-clearfix\"><\/div><\/div><\/div><div class=\"fusion-layout-column fusion_builder_column fusion-builder-column-2 fusion_builder_column_1_1 1_1 fusion-one-full fusion-column-first fusion-column-last\" style=\"margin-top:30px;margin-bottom:0px;\"><div class=\"fusion-column-wrapper fusion-flex-column-wrapper-legacy\" style=\"background-position:left top;background-repeat:no-repeat;-webkit-background-size:cover;-moz-background-size:cover;-o-background-size:cover;background-size:cover;padding: 50px 0px 0px 0px;\"><style type=\"text\/css\"><\/style><div class=\"fusion-title title fusion-title-3 fusion-sep-none fusion-title-text fusion-title-size-three\" style=\"margin-top:0px;margin-right:0px;margin-bottom:31px;margin-left:0px;\"><h3 class=\"title-heading-left\" style=\"margin:0;\">Votre logement en Argentine: Tout ce qu&rsquo;il faut savoir!<\/h3><\/div><div class=\"fusion-clearfix\"><\/div><\/div><\/div><\/div><\/div><div class=\"fusion-fullwidth fullwidth-box fusion-builder-row-2 fusion-parallax-fixed nonhundred-percent-fullwidth non-hundred-percent-height-scrolling\" style=\"background-color: no;background-image: url(&quot;http:\/\/nice-network.org\/wp-content\/uploads\/2016\/06\/0_Home-3.jpg&quot;);background-position: left top;background-repeat: no-repeat;padding-top:50px;padding-right:0px;padding-bottom:0px;padding-left:0px;margin-bottom: 50px;margin-top: 0px;border-width: 0px 0px 0px 0px;border-color:#eae9e9;border-style:solid;-webkit-background-size:cover;-moz-background-size:cover;-o-background-size:cover;background-size:cover;background-attachment:fixed;\" ><div class=\"fusion-builder-row fusion-row\"><div class=\"fusion-layout-column fusion_builder_column fusion-builder-column-3 fusion_builder_column_2_3 2_3 fusion-two-third fusion-column-first\" style=\"width:65.3333%; margin-right: 4%;margin-top:0px;margin-bottom:20px;\"><div class=\"fusion-column-wrapper fusion-flex-column-wrapper-legacy\" style=\"background-position:left top;background-repeat:no-repeat;-webkit-background-size:cover;-moz-background-size:cover;-o-background-size:cover;background-size:cover;padding: 0px 0px 0px 0px;\"><div class=\"fusion-tabs fusion-tabs-1 classic horizontal-tabs icon-position-left\"><style type=\"text\/css\">.fusion-tabs.fusion-tabs-1 .nav-tabs li a.tab-link{border-top-color:#ebeaea;background-color:#ebeaea;}.fusion-tabs.fusion-tabs-1 .nav-tabs{background-color:#ffffff;}.fusion-tabs.fusion-tabs-1 .nav-tabs li.active a.tab-link,.fusion-tabs.fusion-tabs-1 .nav-tabs li.active a.tab-link:hover,.fusion-tabs.fusion-tabs-1 .nav-tabs li.active a.tab-link:focus{border-right-color:#ffffff;}.fusion-tabs.fusion-tabs-1 .nav-tabs li.active a.tab-link,.fusion-tabs.fusion-tabs-1 .nav-tabs li.active a.tab-link:hover,.fusion-tabs.fusion-tabs-1 .nav-tabs li.active a.tab-link:focus{background-color:#ffffff;}.fusion-tabs.fusion-tabs-1 .nav-tabs li a:hover{background-color:#ffffff;border-top-color:#ffffff;}.fusion-tabs.fusion-tabs-1 .tab-pane{background-color:#ffffff;}.fusion-tabs.fusion-tabs-1 .nav,.fusion-tabs.fusion-tabs-1 .nav-tabs,.fusion-tabs.fusion-tabs-1 .tab-content .tab-pane{border-color:#ebeaea;}<\/style><div class=\"nav\"><ul class=\"nav-tabs nav-justified\" role=\"tablist\"><li class=\"active\"><a class=\"tab-link\" data-toggle=\"tab\" role=\"tab\" aria-controls=\"tab-1029b579382f16bd0fb\" aria-selected=\"true\" id=\"fusion-tab-logement\" href=\"#tab-1029b579382f16bd0fb\"><h4 class=\"fusion-tab-heading\"><i class=\"fontawesome-icon fa-bed fas\" aria-hidden=\"true\" style=\"font-size:13px;\"><\/i>Logement<\/h4><\/a><\/li><li><a class=\"tab-link\" data-toggle=\"tab\" role=\"tab\" aria-controls=\"tab-2bb0deb15ebfd95b345\" aria-selected=\"false\" tabindex=\"-1\" id=\"fusion-tab-accueil\" href=\"#tab-2bb0deb15ebfd95b345\"><h4 class=\"fusion-tab-heading\"><i class=\"fontawesome-icon fa-taxi fas\" aria-hidden=\"true\" style=\"font-size:13px;\"><\/i>Accueil<\/h4><\/a><\/li><li><a class=\"tab-link\" data-toggle=\"tab\" role=\"tab\" aria-controls=\"tab-c6e36e6c7078ed18577\" aria-selected=\"false\" tabindex=\"-1\" id=\"fusion-tab-commentr\u00e9server\" href=\"#tab-c6e36e6c7078ed18577\"><h4 class=\"fusion-tab-heading\"><i class=\"fontawesome-icon fa-edit far\" aria-hidden=\"true\" style=\"font-size:13px;\"><\/i>Comment r\u00e9server<\/h4><\/a><\/li><\/ul><\/div><div class=\"tab-content\"><div class=\"nav fusion-mobile-tab-nav\"><ul class=\"nav-tabs nav-justified\"><li class=\"active\"><a class=\"tab-link\" data-toggle=\"tab\" role=\"tab\" aria-controls=\"tab-1029b579382f16bd0fb\" aria-selected=\"true\" id=\"mobile-fusion-tab-logement\" href=\"#tab-1029b579382f16bd0fb\"><h4 class=\"fusion-tab-heading\"><i class=\"fontawesome-icon fa-bed fas\" aria-hidden=\"true\" style=\"font-size:13px;\"><\/i>Logement<\/h4><\/a><\/li><\/ul><\/div><div class=\"tab-pane fade fusion-clearfix in active\" role=\"tabpanel\" tabindex=\"0\" aria-labelledby=\"fusion-tab-logement\" id=\"tab-1029b579382f16bd0fb\">\n<p><strong>Votre chambre:<\/strong><br \/>\nChacune de nos chambres dans un m\u00e9nage priv\u00e9 argentin a son propre charme et style et est conforme \u00e0 nos standards de qualit\u00e9 contr\u00f4l\u00e9s r\u00e9guli\u00e8rement. Nous organisons des chambres individuelles \u00e9quip\u00e9es en conformit\u00e9 avec le style de l\u2019ameublement argentin, y compris lit, bureau, placard, linge et radiateur.<br \/>\nBien s\u00fbr, vous pouvez \u00e9galement utiliser la salle de s\u00e9jour, la cuisine, la salle de bains et le jardin ou le patio.<\/p>\n<p><strong>Votre quartier:<\/strong><br \/>\nNos installations de logement sont situ\u00e9es dans des zones s\u00fbres, soit directement dans le centre-ville ou dans un quartier \u00e0 c\u00f4t\u00e9. Des th\u00e9\u00e2tres locaux, des cin\u00e9mas, des restaurants et des bars sont facilement accessibles. Si vous envisagez de faire un stage ou un volontariat, nous portons une attention particuli\u00e8re aux connexions de transport \u00e0 votre institution.<\/p>\n<p><strong>Votre h\u00f4te:<\/strong><br \/>\nTous nos h\u00f4tes sont des Argentins fiables avec un caract\u00e8re chaleureux et hospitalier et un large int\u00e9r\u00eat pour l\u2019\u00e9change interculturel. Soit vous vivez avec des \u00e9tudiants, des professionnels, des familles d\u2019accueil ou simplement des Argentins louant des chambres. Il est courant que ces types de logement m\u00e9langent parfois, par exemple, si une m\u00e8re vit avec ses deux filles qui sont des \u00e9tudiantes universitaires ou si un \u00e9tudiant travaille afin de financer ses \u00e9tudes.<\/p>\n<p><strong>Votre style de vie:<\/strong><br \/>\nPeu importe le type de l\u2019h\u00f4te avec lequel vous vivez, vous avez la libert\u00e9 d\u2019organiser votre journ\u00e9e de mani\u00e8re ind\u00e9pendante. En ce qui concerne les repas, soit vous pouvez cuisiner vous-m\u00eame soit vous les pr\u00e9parez avec vos colocataires. Et si les deux parties sont d\u2019accord, vous pouvez \u00e9galement organiser individuellement avec votre h\u00f4te (s) que vous allez rejoindre leurs repas et de payer une indemnit\u00e9.<\/p>\n<\/div><div class=\"nav fusion-mobile-tab-nav\"><ul class=\"nav-tabs nav-justified\"><li><a class=\"tab-link\" data-toggle=\"tab\" role=\"tab\" aria-controls=\"tab-2bb0deb15ebfd95b345\" aria-selected=\"false\" tabindex=\"-1\" id=\"mobile-fusion-tab-accueil\" href=\"#tab-2bb0deb15ebfd95b345\"><h4 class=\"fusion-tab-heading\"><i class=\"fontawesome-icon fa-taxi fas\" aria-hidden=\"true\" style=\"font-size:13px;\"><\/i>Accueil<\/h4><\/a><\/li><\/ul><\/div><div class=\"tab-pane fade fusion-clearfix\" role=\"tabpanel\" tabindex=\"0\" aria-labelledby=\"fusion-tab-accueil\" id=\"tab-2bb0deb15ebfd95b345\">\n<p>Pour commencer votre aventure en Argentine d\u2019une mani\u00e8re tranquille et surtout sans stress, nous vous proposons de vous accueillir directement \u00e0 l\u2019a\u00e9roport ou \u00e0 la gare routi\u00e8re. Nos vous accompagnerons jusqu\u2019\u00e0 votre nouveau logement pour faire en sorte que vous vous sentez \u00e0 l\u2019aise d\u00e8s votre arriv\u00e9e !<\/p>\n<p><strong>Vos avantages :<\/strong><\/p>\n<p><strong>Pas de barri\u00e8res linguistiques\u00a0:<br \/>\n<\/strong>Nous vous am\u00e8nerons \u00e0 votre appartement et seront pr\u00e9sents lors de la premi\u00e8re rencontre avec votre famille d\u2019accueil. Ainsi, nous pouvons facilement traduire et expliquer ce qui n\u2019est pas clair.<\/p>\n<p><strong>Un encadrement personnel et un plan de la ville\u00a0:<br \/>\n<\/strong>Nous vous ferons parvenir un plan de la ville, vous donnerons des informations utiles et pratiques pour la vie en Argentine et vous r\u00e9pondrons \u00e0 toutes questions. De plus, nous pouvons vous montrer directement o\u00f9 se trouvent des supermarch\u00e9s, restaurants et arr\u00eats de bus dans votre quartier.<\/p>\n<p><strong>D\u00e9couvrez votre ville avec votre ticket de bus\u00a0:<br \/>\n<\/strong>Avec notre guide vous allez tr\u00e8s rapidement trouver tous les bars, bo\u00eetes et march\u00e9s dans la ville. Nous vous fournirons un ticket de bus rechargeable pour les transports en commun pour que vous puissiez visiter tous ces endroits sans probl\u00e8mes.<\/p>\n<\/div><div class=\"nav fusion-mobile-tab-nav\"><ul class=\"nav-tabs nav-justified\"><li><a class=\"tab-link\" data-toggle=\"tab\" role=\"tab\" aria-controls=\"tab-c6e36e6c7078ed18577\" aria-selected=\"false\" tabindex=\"-1\" id=\"mobile-fusion-tab-commentr\u00e9server\" href=\"#tab-c6e36e6c7078ed18577\"><h4 class=\"fusion-tab-heading\"><i class=\"fontawesome-icon fa-edit far\" aria-hidden=\"true\" style=\"font-size:13px;\"><\/i>Comment r\u00e9server<\/h4><\/a><\/li><\/ul><\/div><div class=\"tab-pane fade fusion-clearfix\" role=\"tabpanel\" tabindex=\"0\" aria-labelledby=\"fusion-tab-commentr\u00e9server\" id=\"tab-c6e36e6c7078ed18577\">\n<p>Trouver un logement avec NICE est un service suppl\u00e9mentaire que nous proposons en plus des\u00a0<a href=\"http:\/\/nice-network.org\/fr\/stage-amerique-du-sud\/\">stages<\/a>, <a href=\"http:\/\/nice-network.org\/fr\/volontariat-amerique-du-sud\/\">volontariats<\/a> et <a href=\"http:\/\/nice-network.org\/fr\/coursdespagnol-amerique-du-sud\/\">cours de langues<\/a> que nous organisons pour nos clients. Si vous sollicitez un des nos services, vous aurez automatiquement la possibilit\u00e9 de r\u00e9server un logement. Pour directement r\u00e9server un logement, vous pouvez nous envoyer un <a href=\"http:\/\/nice-network.org\/fr\/contact\/\">e-mail<\/a> et nous vous transmettons notre kit de d\u00e9marrage avec toutes les informations n\u00e9cessaires ainsi que les <a href=\"http:\/\/nice-network.org\/fr\/inscription\/\">formulaires d\u2019inscription<\/a>.<\/p>\n<p><strong>NICE vous garantie\u00a0: en cas de probl\u00e8me vous pouvez changer de logement<\/strong><\/p>\n<p>Si pour une raison ou une autre vous ne vous sentez pas \u00e0 l\u2019aise dans votre logement ou vous avez des probl\u00e8mes avec vos colocataires, il est possible \u00e0 C\u00f3rdoba de changer de logement dans la premi\u00e8re semaine. De m\u00eame pour les logements dans les autres villes\u00a0: S\u2019ils existent des probl\u00e8mes graves que ni NICE ni votre famille d\u2019accueil peut r\u00e9soudre, contactez-nous pour arranger un changement de logement.<\/p>\n<p>Il faut dire que c&rsquo;est quand-m\u00eame rare parce que nous choisissons les logements selon nos standards de qualit\u00e9. De plus, les familles d\u2019accueil ont d\u00e9j\u00e0 une longue exp\u00e9rience aupr\u00e8s des \u00e9trangers et sont tr\u00e8s ouvertes, accueillantes et hospitali\u00e8res\u00a0! Cela dit, en cas de probl\u00e8me nous sommes toujours l\u00e0 pour vous\u00a0!<\/p>\n<\/div><\/div><\/div><div class=\"fusion-clearfix\"><\/div><\/div><\/div><div class=\"fusion-layout-column fusion_builder_column fusion-builder-column-4 fusion_builder_column_1_3 1_3 fusion-one-third fusion-column-last fusion-column-no-min-height\" style=\"width:30.6666%;margin-top:0px;margin-bottom:20px;\"><div class=\"fusion-column-wrapper fusion-flex-column-wrapper-legacy\" style=\"background-position:left top;background-repeat:no-repeat;-webkit-background-size:cover;-moz-background-size:cover;-o-background-size:cover;background-size:cover;padding: 0px 0px 0px 0px;\"><div class=\"fusion-column-content-centered\"><div class=\"fusion-column-content\"><div class=\"fusion-text fusion-text-3\"><p style=\"text-align: center;\"><a href=\"http:\/\/nice-network.org\/fr\/rapports\/\"><img decoding=\"async\" class=\"margin-buton alignnone wp-image-4726 size-full\" title=\"Rapport d'Exp\u00e9rience Kerstin\" src=\"http:\/\/nice-network.org\/wp-content\/uploads\/2015\/01\/Aloj-Kerstin-FR.png\" alt=\"Logement Rapport d'Exp\u00e9rience Kerstin\" width=\"242\" height=\"257\" \/><\/a><\/p>\n<\/div><div class=\"fusion-sep-clear\"><\/div><div class=\"fusion-separator fusion-full-width-sep\" style=\"margin-left: auto;margin-right: auto;margin-top:30px;width:100%;\"><\/div><div class=\"fusion-sep-clear\"><\/div><div class=\"fusion-text fusion-text-4\"><p><a href=\"http:\/\/nice-network.org\/fr\/promotion\/\"><img decoding=\"async\" class=\"margin-buton aligncenter wp-image-4158 size-medium\" title=\"Paquets\" src=\"http:\/\/nice-network.org\/wp-content\/uploads\/2015\/01\/Paquete3-FR-274x300.png\" alt=\"Logement en Argentine - Paquets\" width=\"274\" height=\"300\" srcset=\"https:\/\/nice-network.org\/wp-content\/uploads\/2015\/01\/Paquete3-FR-274x300.png 274w, https:\/\/nice-network.org\/wp-content\/uploads\/2015\/01\/Paquete3-FR.png 347w\" sizes=\"(max-width: 274px) 100vw, 274px\" \/><\/a><\/p>\n<\/div><\/div><\/div><div class=\"fusion-clearfix\"><\/div><\/div><\/div><\/div><\/div><\/p>\n","protected":false},"excerpt":{"rendered":"","protected":false},"author":5,"featured_media":0,"parent":0,"menu_order":0,"comment_status":"open","ping_status":"closed","template":"100-width.php","meta":{"footnotes":""},"_links":{"self":[{"href":"https:\/\/nice-network.org\/fr\/wp-json\/wp\/v2\/pages\/3006"}],"collection":[{"href":"https:\/\/nice-network.org\/fr\/wp-json\/wp\/v2\/pages"}],"about":[{"href":"https:\/\/nice-network.org\/fr\/wp-json\/wp\/v2\/types\/page"}],"author":[{"embeddable":true,"href":"https:\/\/nice-network.org\/fr\/wp-json\/wp\/v2\/users\/5"}],"replies":[{"embeddable":true,"href":"https:\/\/nice-network.org\/fr\/wp-json\/wp\/v2\/comments?post=3006"}],"version-history":[{"count":6,"href":"https:\/\/nice-network.org\/fr\/wp-json\/wp\/v2\/pages\/3006\/revisions"}],"predecessor-version":[{"id":19984,"href":"https:\/\/nice-network.org\/fr\/wp-json\/wp\/v2\/pages\/3006\/revisions\/19984"}],"wp:attachment":[{"href":"https:\/\/nice-network.org\/fr\/wp-json\/wp\/v2\/media?parent=3006"}],"curies":[{"name":"wp","href":"https:\/\/api.w.org\/{rel}","templated":true}]}}