{"id":3017,"date":"2015-01-14T15:15:03","date_gmt":"2015-01-14T15:15:03","guid":{"rendered":"http:\/\/nice-network.org\/?page_id=3017"},"modified":"2017-11-28T13:14:04","modified_gmt":"2017-11-28T13:14:04","slug":"argentine-bariloche","status":"publish","type":"page","link":"https:\/\/nice-network.org\/fr\/argentine-bariloche\/","title":{"rendered":"Bariloche"},"content":{"rendered":"<p><div class=\"fusion-fullwidth fullwidth-box fusion-builder-row-1 nonhundred-percent-fullwidth non-hundred-percent-height-scrolling\" style=\"background-color: no;background-position: left top;background-repeat: no-repeat;padding-top:0px;padding-right:0px;padding-bottom:50px;padding-left:0px;margin-bottom: 0px;margin-top: 0px;border-width: 0px 0px 0px 0px;border-color:#eae9e9;border-style:solid;\" ><div class=\"fusion-builder-row fusion-row\"><div class=\"fusion-layout-column fusion_builder_column fusion-builder-column-0 fusion_builder_column_2_3 2_3 fusion-two-third fusion-column-first\" style=\"width:65.3333%; margin-right: 4%;margin-top:0px;margin-bottom:20px;\"><div class=\"fusion-column-wrapper fusion-flex-column-wrapper-legacy\" style=\"background-position:left top;background-repeat:no-repeat;-webkit-background-size:cover;-moz-background-size:cover;-o-background-size:cover;background-size:cover;padding: 0px 0px 0px 0px;\"><style type=\"text\/css\"><\/style><div class=\"fusion-title title fusion-title-1 fusion-sep-none fusion-title-text fusion-title-size-one\" style=\"margin-top:0px;margin-right:0px;margin-bottom:31px;margin-left:0px;\"><h1 class=\"title-heading-left\" style=\"margin:0;\">Bariloche &#8211; La Patagonie argentine<\/h1><\/div><div class=\"fusion-text fusion-text-1\"><p>Allons au sud, allons \u00e0 la Patagonie ! <a href=\"https:\/\/fr.wikipedia.org\/wiki\/San_Carlos_de_Bariloche\" target=\"_blank\" rel=\"noopener\">San Carlos de Bariloche<\/a> est situ\u00e9 au pied des Andes et au milieu d&rsquo;un <a href=\"http:\/\/www.nahuelhuapi.gov.ar\/\" target=\"_blank\" rel=\"noopener\">parc national<\/a> \u00e9norme. En raison de son architecture alpine pittoresque et ses lacs incroyables et environnement de montagne, la ville est une attraction touristique tr\u00e8s populaire.<br \/>\nVous n&rsquo;aimez pas les temp\u00e9ratures trop \u00e9lev\u00e9es ? Eh bien, alors c&rsquo;est l&rsquo;endroit id\u00e9al pour vous, tel qu&rsquo;il l&rsquo;\u00e9tait pour les gens qui se sont install\u00e9s \u00e0 Bariloche.<\/p>\n<p>Non seulement leur c\u00e9l\u00e8bre production de chocolat nationale vous rappellera de la Suisse, mais aussi vous entendrez beaucoup d&rsquo;histoires sur l&rsquo;immigration en provenance d&rsquo;Europe centrale \u00e0 la Patagonie en discutant avec les habitants chaleureux et accueillants de cette ville.<\/p>\n<p>Les environs de Bariloche sont incroyables et uniques; les habitants sont fiers de leur r\u00e9gion et aiment le plein air : faire des randonn\u00e9e dans les montagnes, aller se baigner dans un lac de montagne (si vous \u00eates assez courageux comme l&rsquo;eau est froide), emprunter un kayak ou bien s\u00fbr faire du ski ou du snowboard dans la le plus grand domaine skiable d&rsquo;<a href=\"http:\/\/nice-network.org\/fr\/argentine-amerique-du-sud\/\">Am\u00e9rique du Sud<\/a>.<\/p>\n<p>Et apr\u00e8s, vous vous r\u00e9unissez pour un barbecue argentin d\u00e9licieux et profitez de la vie nocturne anim\u00e9e avec des amis.<\/p>\n<p><strong>Exactement ce que vous voulez ? Commencez votre <a href=\"http:\/\/nice-network.org\/fr\/stage-amerique-du-sud\/\">stage<\/a> ou <a href=\"http:\/\/nice-network.org\/fr\/volontariat-amerique-du-sud\/\">volontariat<\/a> et apprenez l\u2019<a href=\"http:\/\/nice-network.org\/fr\/coursdespagnol-amerique-du-sud\/\">espagnol<\/a> en Bariloche maintenant !<\/strong><\/p>\n<\/div><div class=\"fusion-clearfix\"><\/div><\/div><\/div><div class=\"fusion-layout-column fusion_builder_column fusion-builder-column-1 fusion_builder_column_1_3 1_3 fusion-one-third fusion-column-last\" style=\"width:30.6666%;margin-top:0px;margin-bottom:20px;\"><div class=\"fusion-column-wrapper fusion-flex-column-wrapper-legacy\" style=\"background-position:left top;background-repeat:no-repeat;-webkit-background-size:cover;-moz-background-size:cover;-o-background-size:cover;background-size:cover;padding: 0px 0px 0px 0px;\"><style type=\"text\/css\"><\/style><div class=\"fusion-title title fusion-title-2 fusion-sep-none fusion-title-text fusion-title-size-two\" style=\"margin-top:0px;margin-right:0px;margin-bottom:31px;margin-left:0px;\"><h2 class=\"title-heading-left\" style=\"margin:0;\">Faits en bref :<\/h2><\/div><ul class=\"fusion-checklist fusion-checklist-1\" style=\"font-size:13px;line-height:22.1px;\"><li class=\"fusion-li-item\"><span style=\"background-color:#ff8a00;font-size:11.44px;height:22.1px;width:22.1px;margin-right:9.1px;\" class=\"icon-wrapper circle-yes\"><i class=\"fusion-li-icon fa fa-check\" style=\"color:#ffffff;\" aria-hidden=\"true\"><\/i><\/span><div class=\"fusion-li-item-content\" style=\"margin-left:31.2px;\">Population : 133.500<\/div><\/li><li class=\"fusion-li-item\"><span style=\"background-color:#ff8a00;font-size:11.44px;height:22.1px;width:22.1px;margin-right:9.1px;\" class=\"icon-wrapper circle-yes\"><i class=\"fusion-li-icon fa fa-check\" style=\"color:#ffffff;\" aria-hidden=\"true\"><\/i><\/span><div class=\"fusion-li-item-content\" style=\"margin-left:31.2px;\">Temp\u00e9rature moyenne :<br \/>\nNov-Avr 19\u00b0C \/ Mai-Oct 9,3\u00b0C<\/div><\/li><li class=\"fusion-li-item\"><span style=\"background-color:#ff8a00;font-size:11.44px;height:22.1px;width:22.1px;margin-right:9.1px;\" class=\"icon-wrapper circle-yes\"><i class=\"fusion-li-icon fa fa-check\" style=\"color:#ffffff;\" aria-hidden=\"true\"><\/i><\/span><div class=\"fusion-li-item-content\" style=\"margin-left:31.2px;\">Caract\u00e9ristiques : Architecture alpine, activit\u00e9s de plein air, chocolat d\u00e9licieux, les racines de l&rsquo;Europe centrale<\/div><\/li><li class=\"fusion-li-item\"><span style=\"background-color:#ff8a00;font-size:11.44px;height:22.1px;width:22.1px;margin-right:9.1px;\" class=\"icon-wrapper circle-yes\"><i class=\"fusion-li-icon fa fa-check\" style=\"color:#ffffff;\" aria-hidden=\"true\"><\/i><\/span><div class=\"fusion-li-item-content\" style=\"margin-left:31.2px;\"><a href=\"http:\/\/www.barilocheturismo.gob.ar\/\" target=\"_blank\" rel=\"noopener\">Site officielle du tourisme<\/a> de la ville<\/div><\/li><li class=\"fusion-li-item\"><span style=\"background-color:#ff8a00;font-size:11.44px;height:22.1px;width:22.1px;margin-right:9.1px;\" class=\"icon-wrapper circle-yes\"><i class=\"fusion-li-icon fa fa-check\" style=\"color:#ffffff;\" aria-hidden=\"true\"><\/i><\/span><div class=\"fusion-li-item-content\" style=\"margin-left:31.2px;\">Bariloche sur <a href=\"http:\/\/wikitravel.org\/fr\/Bariloche_et_la_r%C3%A9gion_des_Lacs\" target=\"_blank\" rel=\"noopener\">Wikitravel<\/a><\/div><\/li><\/ul><div class=\"fusion-clearfix\"><\/div><\/div><\/div><\/div><\/div><div class=\"fusion-fullwidth fullwidth-box fusion-builder-row-2 nonhundred-percent-fullwidth non-hundred-percent-height-scrolling\" style=\"background-color: no;background-position: left top;background-repeat: no-repeat;padding-top:0px;padding-right:0px;padding-bottom:50px;padding-left:0px;margin-bottom: 0px;margin-top: 0px;border-width: 0px 0px 0px 0px;border-color:#eae9e9;border-style:solid;\" ><div class=\"fusion-builder-row fusion-row\"><div class=\"fusion-layout-column fusion_builder_column fusion-builder-column-2 fusion_builder_column_2_3 2_3 fusion-two-third fusion-column-first\" style=\"width:65.3333%; margin-right: 4%;margin-top:0px;margin-bottom:20px;\"><div class=\"fusion-column-wrapper fusion-flex-column-wrapper-legacy\" style=\"background-position:left top;background-repeat:no-repeat;-webkit-background-size:cover;-moz-background-size:cover;-o-background-size:cover;background-size:cover;padding: 0px 0px 0px 0px;\"><iframe src=\"https:\/\/www.google.com\/maps\/d\/embed?mid=zoJ5Cw5W2El0.k1RDuJipokHo\" width=\"100%\" height=\"400\"><\/iframe><div class=\"fusion-clearfix\"><\/div><\/div><\/div><div class=\"fusion-layout-column fusion_builder_column fusion-builder-column-3 fusion_builder_column_1_3 1_3 fusion-one-third fusion-column-last\" style=\"width:30.6666%;margin-top:0px;margin-bottom:20px;\"><div class=\"fusion-column-wrapper fusion-flex-column-wrapper-legacy\" style=\"background-position:left top;background-repeat:no-repeat;-webkit-background-size:cover;-moz-background-size:cover;-o-background-size:cover;background-size:cover;padding: 0px 0px 0px 0px;\"><div class=\"fusion-text fusion-text-2\"><p><a href=\"http:\/\/nice-network.org\/fr\/stage-volontariat-bourse\/\"><img decoding=\"async\" class=\"aligncenter wp-image-3962 size-full\" src=\"http:\/\/nice-network.org\/wp-content\/uploads\/2015\/06\/button-home-FR.png\" alt=\"Last minute et postes vacants pour stages \u00e0 l'\u00e9tranger en Am\u00e9rique du Sud\" width=\"242\" height=\"149\" \/><\/a><a href=\"http:\/\/nice-network.org\/fr\/logement\/\"><img decoding=\"async\" class=\"aligncenter wp-image-4171 size-full\" src=\"http:\/\/nice-network.org\/wp-content\/uploads\/2015\/01\/Alojamiento-FR.png\" alt=\"Logements chez personnes priv\u00e9es et familles en Argentine\" width=\"242\" height=\"149\" \/><\/a><\/p>\n<\/div><div class=\"fusion-clearfix\"><\/div><\/div><\/div><\/div><\/div><div class=\"fusion-fullwidth fullwidth-box fusion-builder-row-3 nonhundred-percent-fullwidth non-hundred-percent-height-scrolling\" style=\"background-color: no;background-position: left top;background-repeat: no-repeat;padding-top:0px;padding-right:0px;padding-bottom:50px;padding-left:0px;margin-bottom: 0px;margin-top: 0px;border-width: 0px 0px 0px 0px;border-color:#eae9e9;border-style:solid;\" ><div class=\"fusion-builder-row fusion-row\"><div class=\"fusion-layout-column fusion_builder_column fusion-builder-column-4 fusion_builder_column_1_1 1_1 fusion-one-full fusion-column-first fusion-column-last fusion-column-no-min-height\" style=\"margin-top:0px;margin-bottom:0px;\"><div class=\"fusion-column-wrapper fusion-flex-column-wrapper-legacy\" style=\"background-position:left top;background-repeat:no-repeat;-webkit-background-size:cover;-moz-background-size:cover;-o-background-size:cover;background-size:cover;padding: 0px 0px 0px 0px;\"><style type=\"text\/css\"><\/style><div class=\"fusion-title title fusion-title-3 fusion-sep-none fusion-title-text fusion-title-size-three\" style=\"margin-top:0px;margin-right:0px;margin-bottom:31px;margin-left:0px;\"><h3 class=\"title-heading-left\" style=\"margin:0;\">Jetez un regard sur tous nos services !<\/h3><\/div><div class=\"fusion-clearfix\"><\/div><\/div><\/div><div class=\"fusion-layout-column fusion_builder_column fusion-builder-column-5 fusion_builder_column_1_1 1_1 fusion-one-full fusion-column-first fusion-column-last fusion-column-no-min-height\" style=\"margin-top:0px;margin-bottom:0px;\"><div class=\"fusion-column-wrapper fusion-flex-column-wrapper-legacy\" style=\"background-position:left top;background-repeat:no-repeat;-webkit-background-size:cover;-moz-background-size:cover;-o-background-size:cover;background-size:cover;padding: 0px 0px 0px 0px;\"><div class=\"fusion-image-carousel fusion-image-carousel-fixed fusion-carousel-border\"><div class=\"fusion-carousel\" data-autoplay=\"no\" data-columns=\"5\" data-itemmargin=\"13\" data-itemwidth=\"180\" data-touchscroll=\"no\" data-imagesize=\"fixed\"><div class=\"fusion-carousel-positioner\"><ul class=\"fusion-carousel-holder\"><li class=\"fusion-carousel-item\"><div class=\"fusion-carousel-item-wrapper\"><div class=\"fusion-image-wrapper hover-type-none\"><a href=\"http:\/\/nice-network.org\/fr\/stage-personalfit\/\" target=\"_self\"><img decoding=\"async\" src=\"http:\/\/nice-network.org\/wp-content\/uploads\/2015\/02\/Personal-Fit-Petrol-Frances.gif\" alt=\"Stages pour des \u00e9tudiants en Argentine\"\/><\/a><\/div><\/div><\/li><li class=\"fusion-carousel-item\"><div class=\"fusion-carousel-item-wrapper\"><div class=\"fusion-image-wrapper hover-type-none\"><a href=\"http:\/\/nice-network.org\/fr\/argentine-voyages\/\" target=\"_self\"><img decoding=\"async\" src=\"http:\/\/nice-network.org\/wp-content\/uploads\/2015\/02\/Touristic-Highlights-Petrol-Frances.gif\" alt=\"D\u00e9couvrez les meilleurs lieux en Argentine\"\/><\/a><\/div><\/div><\/li><li class=\"fusion-carousel-item\"><div class=\"fusion-carousel-item-wrapper\"><div class=\"fusion-image-wrapper hover-type-none\"><a href=\"http:\/\/nice-network.org\/fr\/coursdespagnol-amerique-du-sud\/\" target=\"_self\"><img decoding=\"async\" src=\"http:\/\/nice-network.org\/wp-content\/uploads\/2015\/02\/Learn-Spanish-Petrol-Frances.gif\" alt=\"Cours d'espagnol en Am\u00e9rique du Sud\"\/><\/a><\/div><\/div><\/li><li class=\"fusion-carousel-item\"><div class=\"fusion-carousel-item-wrapper\"><div class=\"fusion-image-wrapper hover-type-none\"><a href=\"http:\/\/nice-network.org\/fr\/stage-gapyear\/\" target=\"_self\"><img decoding=\"async\" src=\"http:\/\/nice-network.org\/wp-content\/uploads\/2015\/02\/Gap-Year-Petrol-Frances.gif\" alt=\"Stages et Gap Year en Am\u00e9rique du Sud\"\/><\/a><\/div><\/div><\/li><li class=\"fusion-carousel-item\"><div class=\"fusion-carousel-item-wrapper\"><div class=\"fusion-image-wrapper hover-type-none\"><a href=\"http:\/\/nice-network.org\/fr\/guide\/\" target=\"_self\"><img decoding=\"async\" src=\"http:\/\/nice-network.org\/wp-content\/uploads\/2015\/02\/Travel-Preparation-Petrol-Frances.gif\" alt=\"Pr\u00e9paration de votre voyage en Argentine et Am\u00e9rique du Sud\"\/><\/a><\/div><\/div><\/li><li class=\"fusion-carousel-item\"><div class=\"fusion-carousel-item-wrapper\"><div class=\"fusion-image-wrapper hover-type-none\"><a href=\"http:\/\/nice-network.org\/fr\/promotion\/\" target=\"_self\"><img decoding=\"async\" src=\"http:\/\/nice-network.org\/wp-content\/uploads\/2015\/02\/Promotion-Petrol-Frances.gif\" alt=\"Packages pour stages ou volontariats en Argentine\"\/><\/a><\/div><\/div><\/li><li class=\"fusion-carousel-item\"><div class=\"fusion-carousel-item-wrapper\"><div class=\"fusion-image-wrapper hover-type-none\"><a href=\"http:\/\/nice-network.org\/fr\/coursdespagnol-intensifplus\/\" target=\"_self\"><img decoding=\"async\" src=\"http:\/\/nice-network.org\/wp-content\/uploads\/2015\/02\/Intensiv-Course-Plus-Petrol-France.gif\" alt=\"Apprendre l'espagnol en Argentine\"\/><\/a><\/div><\/div><\/li><li class=\"fusion-carousel-item\"><div class=\"fusion-carousel-item-wrapper\"><div class=\"fusion-image-wrapper hover-type-none\"><a href=\"http:\/\/nice-network.org\/fr\/description\/\" target=\"_self\"><img decoding=\"async\" src=\"http:\/\/nice-network.org\/wp-content\/uploads\/2015\/02\/About-Nice-Petrol-Frances.gif\" alt=\"Stages et volontariats en Argentine\"\/><\/a><\/div><\/div><\/li><li class=\"fusion-carousel-item\"><div class=\"fusion-carousel-item-wrapper\"><div class=\"fusion-image-wrapper hover-type-none\"><a href=\"http:\/\/nice-network.org\/fr\/logement\/\" target=\"_self\"><img decoding=\"async\" src=\"http:\/\/nice-network.org\/wp-content\/uploads\/2015\/02\/Nice-Acco-Petrol-Frances.gif\" alt=\"Acceuil et logement en Argentine\"\/><\/a><\/div><\/div><\/li><li class=\"fusion-carousel-item\"><div class=\"fusion-carousel-item-wrapper\"><div class=\"fusion-image-wrapper hover-type-none\"><a href=\"http:\/\/nice-network.org\/fr\/stage-categoryfit\/\" target=\"_self\"><img decoding=\"async\" src=\"http:\/\/nice-network.org\/wp-content\/uploads\/2015\/02\/Category-Fit-Petrol-Frances.gif\" alt=\"Stage \u00e0 l'\u00e9tranger en Argentine\"\/><\/a><\/div><\/div><\/li><li class=\"fusion-carousel-item\"><div class=\"fusion-carousel-item-wrapper\"><div class=\"fusion-image-wrapper hover-type-none\"><a href=\"http:\/\/nice-network.org\/fr\/argentine-voyages\/\" target=\"_self\"><img decoding=\"async\" src=\"http:\/\/nice-network.org\/wp-content\/uploads\/2015\/02\/Touristic-Highlights-Petrol-Frances.gif\" alt=\"D\u00e9couvrez les meilleurs lieux en Argentine\"\/><\/a><\/div><\/div><\/li><li class=\"fusion-carousel-item\"><div class=\"fusion-carousel-item-wrapper\"><div class=\"fusion-image-wrapper hover-type-none\"><a href=\"http:\/\/nice-network.org\/fr\/coursdespagnol-amerique-du-sud\/\" target=\"_self\"><img decoding=\"async\" src=\"http:\/\/nice-network.org\/wp-content\/uploads\/2015\/02\/Learn-Spanish-Petrol-Frances.gif\" alt=\"Cours d'espagnol en Am\u00e9rique du Sud\"\/><\/a><\/div><\/div><\/li><li class=\"fusion-carousel-item\"><div class=\"fusion-carousel-item-wrapper\"><div class=\"fusion-image-wrapper hover-type-none\"><a href=\"http:\/\/nice-network.org\/fr\/pourquoi\/\" target=\"_self\"><img decoding=\"async\" src=\"http:\/\/nice-network.org\/wp-content\/uploads\/2015\/02\/Why-Nice-Petrol-Frances.gif\" alt=\"Le sp\u00e9cialiste pour stages et volontariats en Argentine\"\/><\/a><\/div><\/div><\/li><li class=\"fusion-carousel-item\"><div class=\"fusion-carousel-item-wrapper\"><div class=\"fusion-image-wrapper hover-type-none\"><a href=\"http:\/\/nice-network.org\/fr\/stage-gapyear\/\" target=\"_self\"><img decoding=\"async\" src=\"http:\/\/nice-network.org\/wp-content\/uploads\/2015\/02\/Gap-Year-Petrol-Frances.gif\" alt=\"Stages et Gap Year en Am\u00e9rique du Sud\"\/><\/a><\/div><\/div><\/li><li class=\"fusion-carousel-item\"><div class=\"fusion-carousel-item-wrapper\"><div class=\"fusion-image-wrapper hover-type-none\"><a href=\"http:\/\/nice-network.org\/fr\/stage-amerique-du-sud\/\" target=\"_self\"><img decoding=\"async\" src=\"http:\/\/nice-network.org\/wp-content\/uploads\/2015\/02\/Internship-Petrol-Frances.gif\" alt=\"Stage en Am\u00e9rique du Sud\"\/><\/a><\/div><\/div><\/li><li class=\"fusion-carousel-item\"><div class=\"fusion-carousel-item-wrapper\"><div class=\"fusion-image-wrapper hover-type-none\"><a href=\"http:\/\/nice-network.org\/fr\/coursdespagnol-amerique-du-sud\/\" target=\"_self\"><img decoding=\"async\" src=\"http:\/\/nice-network.org\/wp-content\/uploads\/2015\/02\/Learn-Spanish-Petrol-Frances.gif\" alt=\"Cours d'espagnol en Am\u00e9rique du Sud\"\/><\/a><\/div><\/div><\/li><li class=\"fusion-carousel-item\"><div class=\"fusion-carousel-item-wrapper\"><div class=\"fusion-image-wrapper hover-type-none\"><a href=\"http:\/\/nice-network.org\/fr\/promotion\/\" target=\"_self\"><img decoding=\"async\" src=\"http:\/\/nice-network.org\/wp-content\/uploads\/2015\/02\/Promotion-Petrol-Frances.gif\" alt=\"Packages pour stages ou volontariats en Argentine\"\/><\/a><\/div><\/div><\/li><li class=\"fusion-carousel-item\"><div class=\"fusion-carousel-item-wrapper\"><div class=\"fusion-image-wrapper hover-type-none\"><a href=\"http:\/\/nice-network.org\/fr\/volontariat-amerique-du-sud\/\" target=\"_self\"><img decoding=\"async\" src=\"http:\/\/nice-network.org\/wp-content\/uploads\/2015\/02\/Volunteer-Petrol-Frances.gif\" alt=\"Volontariat en Am\u00e9rique du Sud\"\/><\/a><\/div><\/div><\/li><li class=\"fusion-carousel-item\"><div class=\"fusion-carousel-item-wrapper\"><div class=\"fusion-image-wrapper hover-type-none\"><a href=\"http:\/\/nice-network.org\/fr\/coursdespagnol-commercial\/\" target=\"_self\"><img decoding=\"async\" src=\"http:\/\/nice-network.org\/wp-content\/uploads\/2015\/02\/Business-Spanish-Petrol-Frances.gif\" alt=\"Cours d'espagnol commerciale en Argentine\"\/><\/a><\/div><\/div><\/li><li class=\"fusion-carousel-item\"><div class=\"fusion-carousel-item-wrapper\"><div class=\"fusion-image-wrapper hover-type-none\"><a href=\"http:\/\/nice-network.org\/fr\/description\/\" target=\"_self\"><img decoding=\"async\" src=\"http:\/\/nice-network.org\/wp-content\/uploads\/2015\/02\/About-Nice-Petrol-Frances.gif\" alt=\"Stages et volontariats en Argentine\"\/><\/a><\/div><\/div><\/li><li class=\"fusion-carousel-item\"><div class=\"fusion-carousel-item-wrapper\"><div class=\"fusion-image-wrapper hover-type-none\"><a href=\"http:\/\/nice-network.org\/fr\/stage-categoryfit\/\" target=\"_self\"><img decoding=\"async\" src=\"http:\/\/nice-network.org\/wp-content\/uploads\/2015\/02\/Category-Fit-Petrol-Frances.gif\" alt=\"Stage \u00e0 l'\u00e9tranger en Argentine\"\/><\/a><\/div><\/div><\/li><li class=\"fusion-carousel-item\"><div class=\"fusion-carousel-item-wrapper\"><div class=\"fusion-image-wrapper hover-type-none\"><a href=\"http:\/\/nice-network.org\/fr\/stage-volontariat-bourse\/\" target=\"_self\"><img decoding=\"async\" src=\"http:\/\/nice-network.org\/wp-content\/uploads\/2015\/02\/Internship-Vac-Petrol-Frances.gif\" alt=\"Postes vacants pour stages en Argentine\"\/><\/a><\/div><\/div><\/li><li class=\"fusion-carousel-item\"><div class=\"fusion-carousel-item-wrapper\"><div class=\"fusion-image-wrapper hover-type-none\"><a href=\"http:\/\/nice-network.org\/fr\/argentine-amerique-du-sud\/\" target=\"_self\"><img decoding=\"async\" src=\"http:\/\/nice-network.org\/wp-content\/uploads\/2015\/02\/Discover-Argentina-Petrol-Frances.gif\" alt=\"L'argentine: La vraie Am\u00e9rique du Sud\"\/><\/a><\/div><\/div><\/li><li class=\"fusion-carousel-item\"><div class=\"fusion-carousel-item-wrapper\"><div class=\"fusion-image-wrapper hover-type-none\"><a href=\"http:\/\/nice-network.org\/fr\/logement\/\" target=\"_self\"><img decoding=\"async\" src=\"http:\/\/nice-network.org\/wp-content\/uploads\/2015\/02\/Nice-Acco-Petrol-Frances.gif\" alt=\"Acceuil et logement en Argentine\"\/><\/a><\/div><\/div><\/li><\/ul><div class=\"fusion-carousel-nav\"><span class=\"fusion-nav-prev\"><\/span><span class=\"fusion-nav-next\"><\/span><\/div><\/div><\/div><\/div><div class=\"fusion-clearfix\"><\/div><\/div><\/div><\/div><\/div><\/p>\n","protected":false},"excerpt":{"rendered":"","protected":false},"author":5,"featured_media":0,"parent":0,"menu_order":0,"comment_status":"open","ping_status":"closed","template":"","meta":{"footnotes":""},"_links":{"self":[{"href":"https:\/\/nice-network.org\/fr\/wp-json\/wp\/v2\/pages\/3017"}],"collection":[{"href":"https:\/\/nice-network.org\/fr\/wp-json\/wp\/v2\/pages"}],"about":[{"href":"https:\/\/nice-network.org\/fr\/wp-json\/wp\/v2\/types\/page"}],"author":[{"embeddable":true,"href":"https:\/\/nice-network.org\/fr\/wp-json\/wp\/v2\/users\/5"}],"replies":[{"embeddable":true,"href":"https:\/\/nice-network.org\/fr\/wp-json\/wp\/v2\/comments?post=3017"}],"version-history":[{"count":1,"href":"https:\/\/nice-network.org\/fr\/wp-json\/wp\/v2\/pages\/3017\/revisions"}],"predecessor-version":[{"id":12684,"href":"https:\/\/nice-network.org\/fr\/wp-json\/wp\/v2\/pages\/3017\/revisions\/12684"}],"wp:attachment":[{"href":"https:\/\/nice-network.org\/fr\/wp-json\/wp\/v2\/media?parent=3017"}],"curies":[{"name":"wp","href":"https:\/\/api.w.org\/{rel}","templated":true}]}}