{"id":3046,"date":"2015-01-14T14:59:32","date_gmt":"2015-01-14T14:59:32","guid":{"rendered":"http:\/\/nice-network.org\/?page_id=3046"},"modified":"2025-12-09T16:48:15","modified_gmt":"2025-12-09T16:48:15","slug":"contact","status":"publish","type":"page","link":"https:\/\/nice-network.org\/fr\/contact\/","title":{"rendered":"Contact"},"content":{"rendered":"<div class=\"fusion-fullwidth fullwidth-box fusion-builder-row-1 nonhundred-percent-fullwidth non-hundred-percent-height-scrolling\" style=\"background-color: no;background-position: left top;background-repeat: no-repeat;padding-top:20px;padding-right:20px;padding-bottom:20px;padding-left:20px;margin-bottom: 0px;margin-top: 0px;border-width: 0px 0px 0px 0px;border-color:#eae9e9;border-style:solid;\" ><div class=\"fusion-builder-row fusion-row\"><div class=\"fusion-layout-column fusion_builder_column fusion-builder-column-0 fusion_builder_column_2_3 2_3 fusion-two-third fusion-column-first\" style=\"width:65.3333%; margin-right: 4%;margin-top:0px;margin-bottom:20px;\"><div class=\"fusion-column-wrapper fusion-flex-column-wrapper-legacy\" style=\"background-position:left top;background-repeat:no-repeat;-webkit-background-size:cover;-moz-background-size:cover;-o-background-size:cover;background-size:cover;padding: 0px 0px 0px 0px;\"><style type=\"text\/css\"><\/style><div class=\"fusion-title title fusion-title-1 fusion-sep-none fusion-title-text fusion-title-size-one\" style=\"margin-top:0px;margin-right:0px;margin-bottom:31px;margin-left:0px;\"><h1 class=\"title-heading-left\" style=\"margin:0;\">CONTACTEZ-NOUS<\/p><\/h1><\/div><div class=\"fusion-text fusion-text-1\"><p>Vous avez des questions ? Nous vous fournissons un accompagnement personnalis\u00e9 en temps opportun ! Il y a de diff\u00e9rentes fa\u00e7ons pour vous de nous contacter, il suffit de choisir celle que vous pr\u00e9f\u00e9rez. Et, si vous ne nous atteignez pas imm\u00e9diatement, nous allons certainement revenir \u00e0 vous lors de la prochaine journ\u00e9e de travail. Vous \u00eates d\u00e9j\u00e0 en Argentine ? Passez par notre bureau pour rencontrer l&rsquo;\u00e9quipe de NICE ou contactez-nous pour organiser une le\u00e7on d&rsquo;essai \u00e0 notre \u00e9cole d&rsquo;espagnol !<\/p>\n<\/div><style type=\"text\/css\"><\/style><div class=\"fusion-title title fusion-title-2 fusion-sep-none fusion-title-text fusion-title-size-three\" style=\"margin-top:0px;margin-right:0px;margin-bottom:31px;margin-left:0px;\"><h3 class=\"title-heading-left\" style=\"margin:0;\">REMPLIEZ L\u2019ENREGISTREMENT EN LIGNE<\/h3><\/div><div class=\"fusion-text fusion-text-2\">\n<div class=\"wpcf7 no-js\" id=\"wpcf7-f10065-o1\" lang=\"fr-FR\" dir=\"ltr\">\n<div class=\"screen-reader-response\"><p role=\"status\" aria-live=\"polite\" aria-atomic=\"true\"><\/p> <ul><\/ul><\/div>\n<form action=\"\/fr\/wp-json\/wp\/v2\/pages\/3046#wpcf7-f10065-o1\" method=\"post\" class=\"wpcf7-form init\" aria-label=\"Formulaire de contact\" novalidate=\"novalidate\" data-status=\"init\">\n<div style=\"display: none;\">\n<input type=\"hidden\" name=\"_wpcf7\" value=\"10065\" \/>\n<input type=\"hidden\" name=\"_wpcf7_version\" value=\"5.9.8\" \/>\n<input type=\"hidden\" name=\"_wpcf7_locale\" value=\"fr_FR\" \/>\n<input type=\"hidden\" name=\"_wpcf7_unit_tag\" value=\"wpcf7-f10065-o1\" \/>\n<input type=\"hidden\" name=\"_wpcf7_container_post\" value=\"0\" \/>\n<input type=\"hidden\" name=\"_wpcf7_posted_data_hash\" value=\"\" \/>\n<\/div>\n<p><span class=\"wpcf7-form-control-wrap\" data-name=\"nombre\"><input size=\"40\" maxlength=\"400\" class=\"wpcf7-form-control wpcf7-text wpcf7-validates-as-required\" aria-required=\"true\" aria-invalid=\"false\" placeholder=\"NOM, Pr\u00e9nom (*)\" value=\"\" type=\"text\" name=\"nombre\" \/><\/span>\n<\/p>\n<p><span class=\"wpcf7-form-control-wrap\" data-name=\"mail\"><input size=\"40\" maxlength=\"400\" class=\"wpcf7-form-control wpcf7-email wpcf7-validates-as-required wpcf7-text wpcf7-validates-as-email\" aria-required=\"true\" aria-invalid=\"false\" placeholder=\"E-mail (*)\" value=\"\" type=\"email\" name=\"mail\" \/><\/span>\n<\/p>\n<p><span class=\"wpcf7-form-control-wrap\" data-name=\"lugar\"><input size=\"40\" maxlength=\"400\" class=\"wpcf7-form-control wpcf7-text\" aria-invalid=\"false\" placeholder=\"D&#039;o\u00f9 \u00eates-vous?\" value=\"\" type=\"text\" name=\"lugar\" \/><\/span>\n<\/p>\n<p>Je suis int\u00e9ress\u00e9(e) par: <span class=\"wpcf7-form-control-wrap\" data-name=\"intereses\"><span class=\"wpcf7-form-control wpcf7-checkbox\"><span class=\"wpcf7-list-item first\"><label><input type=\"checkbox\" name=\"intereses[]\" value=\"Stage\" \/><span class=\"wpcf7-list-item-label\">Stage<\/span><\/label><\/span><span class=\"wpcf7-list-item\"><label><input type=\"checkbox\" name=\"intereses[]\" value=\"Volontariat\" \/><span class=\"wpcf7-list-item-label\">Volontariat<\/span><\/label><\/span><span class=\"wpcf7-list-item last\"><label><input type=\"checkbox\" name=\"intereses[]\" value=\"Cours d\u2019espagnol\" \/><span class=\"wpcf7-list-item-label\">Cours d\u2019espagnol<\/span><\/label><\/span><\/span><\/span>\n<\/p>\n<p><span class=\"wpcf7-form-control-wrap\" data-name=\"mensaje\"><textarea cols=\"40\" rows=\"10\" maxlength=\"2000\" class=\"wpcf7-form-control wpcf7-textarea\" aria-invalid=\"false\" placeholder=\"Question:\" name=\"mensaje\"><\/textarea><\/span>\n<\/p>\n<p>Je suis: <span class=\"wpcf7-form-control-wrap\" data-name=\"estudios\"><span class=\"wpcf7-form-control wpcf7-checkbox\"><span class=\"wpcf7-list-item first\"><label><input type=\"checkbox\" name=\"estudios[]\" value=\"\u00e9l\u00e8ve \/ dipl\u00f4m\u00e9(e)\" \/><span class=\"wpcf7-list-item-label\">\u00e9l\u00e8ve \/ dipl\u00f4m\u00e9(e)<\/span><\/label><\/span><span class=\"wpcf7-list-item\"><label><input type=\"checkbox\" name=\"estudios[]\" value=\"\u00e9tudiant(e)\/ titulaire\" \/><span class=\"wpcf7-list-item-label\">\u00e9tudiant(e)\/ titulaire<\/span><\/label><\/span><span class=\"wpcf7-list-item last\"><label><input type=\"checkbox\" name=\"estudios[]\" value=\"autres\" \/><span class=\"wpcf7-list-item-label\">autres<\/span><\/label><\/span><\/span><\/span>\n<\/p>\n<p><span class=\"wpcf7-form-control-wrap\" data-name=\"brochure\"><span class=\"wpcf7-form-control wpcf7-checkbox\"><span class=\"wpcf7-list-item first last\"><label><input type=\"checkbox\" name=\"brochure[]\" value=\"Envoyez-moi une brochure\" \/><span class=\"wpcf7-list-item-label\">Envoyez-moi une brochure<\/span><\/label><\/span><\/span><\/span>\n<\/p>\n<p><span class=\"wpcf7-form-control-wrap\" data-name=\"callme\"><span class=\"wpcf7-form-control wpcf7-checkbox\"><span class=\"wpcf7-list-item first last\"><label><input type=\"checkbox\" name=\"callme[]\" value=\"Rappelez-moi\" \/><span class=\"wpcf7-list-item-label\">Rappelez-moi<\/span><\/label><\/span><\/span><\/span>\n<\/p>\n<p><span class=\"wpcf7-form-control-wrap\" data-name=\"telefono\"><input size=\"40\" maxlength=\"400\" class=\"wpcf7-form-control wpcf7-tel wpcf7-text wpcf7-validates-as-tel\" aria-invalid=\"false\" placeholder=\"Num\u00e9ro de t\u00e9l\u00e9phone\" value=\"\" type=\"tel\" name=\"telefono\" \/><\/span>\n<\/p>\n<p><strong>Merci de nous donner plus d'informations:<\/strong>\n<\/p>\n<p>Comment avez-vous nous trouv\u00e9 ? <span class=\"wpcf7-form-control-wrap\" data-name=\"encontrar\"><span class=\"wpcf7-form-control wpcf7-checkbox\"><span class=\"wpcf7-list-item first\"><label><input type=\"checkbox\" name=\"encontrar[]\" value=\"Recherche sur Internet\" \/><span class=\"wpcf7-list-item-label\">Recherche sur Internet<\/span><\/label><\/span><span class=\"wpcf7-list-item\"><label><input type=\"checkbox\" name=\"encontrar[]\" value=\"R\u00e9seaux sociaux\" \/><span class=\"wpcf7-list-item-label\">R\u00e9seaux sociaux<\/span><\/label><\/span><span class=\"wpcf7-list-item\"><label><input type=\"checkbox\" name=\"encontrar[]\" value=\"Universit\u00e9\/\u00c9cole\" \/><span class=\"wpcf7-list-item-label\">Universit\u00e9\/\u00c9cole<\/span><\/label><\/span><span class=\"wpcf7-list-item last\"><label><input type=\"checkbox\" name=\"encontrar[]\" value=\"Recommandation\" \/><span class=\"wpcf7-list-item-label\">Recommandation<\/span><\/label><\/span><\/span><\/span>\n<\/p>\n<p><span class=\"wpcf7-form-control-wrap\" data-name=\"encontrar-otros\"><input size=\"40\" maxlength=\"400\" class=\"wpcf7-form-control wpcf7-text\" aria-invalid=\"false\" placeholder=\"Autres:\" value=\"\" type=\"text\" name=\"encontrar-otros\" \/><\/span>\n<\/p>\n<p><span class=\"wpcf7-form-control-wrap\" data-name=\"hcap-cf7\">\t\t<input\n\t\t\t\ttype=\"hidden\"\n\t\t\t\tclass=\"hcaptcha-widget-id\"\n\t\t\t\tname=\"hcaptcha-widget-id\"\n\t\t\t\tvalue=\"eyJzb3VyY2UiOlsiY29udGFjdC1mb3JtLTdcL3dwLWNvbnRhY3QtZm9ybS03LnBocCJdLCJmb3JtX2lkIjoxMDA2NX0=-4728fbad243a3f8bd61bad72bd26ca00\">\n\t\t\t\t<span id=\"hcap_cf7-69ede0c98dcd11.30526612\" class=\"wpcf7-form-control h-captcha \"\n\t\t\tdata-sitekey=\"8c1058bc-eaaa-4e42-b632-282e075eec5a\"\n\t\t\tdata-theme=\"light\"\n\t\t\tdata-size=\"normal\"\n\t\t\tdata-auto=\"false\"\n\t\t\tdata-ajax=\"false\"\n\t\t\tdata-force=\"false\">\n\t\t<\/span>\n\t\t<input type=\"hidden\" id=\"_wpnonce\" name=\"_wpnonce\" value=\"01e3dccc70\" \/><input type=\"hidden\" name=\"_wp_http_referer\" value=\"\/fr\/wp-json\/wp\/v2\/pages\/3046\" \/><\/span><input class=\"wpcf7-form-control wpcf7-submit has-spinner boton-formulario\" type=\"submit\" value=\"Soumettre\" \/>\n<\/p><div class=\"wpcf7-response-output\" aria-hidden=\"true\"><\/div>\n<\/form>\n<\/div>\n\n<\/div><div class=\"fusion-clearfix\"><\/div><\/div><\/div><div class=\"fusion-layout-column fusion_builder_column fusion-builder-column-1 fusion_builder_column_1_3 1_3 fusion-one-third fusion-column-last\" style=\"width:30.6666%;margin-top:0px;margin-bottom:20px;\"><div class=\"fusion-column-wrapper fusion-flex-column-wrapper-legacy\" style=\"background-position:left top;background-repeat:no-repeat;-webkit-background-size:cover;-moz-background-size:cover;-o-background-size:cover;background-size:cover;padding: 0px 0px 0px 0px;\"><style type=\"text\/css\"><\/style><div class=\"fusion-title title fusion-title-3 fusion-sep-none fusion-title-text fusion-title-size-three\" style=\"margin-top:0px;margin-right:0px;margin-bottom:31px;margin-left:0px;\"><h3 class=\"title-heading-left\" style=\"margin:0;\">Notre si\u00e8ge<\/h3><\/div><div class=\"fusion-sep-clear\"><\/div><div class=\"fusion-separator fusion-full-width-sep\" style=\"margin-left: auto;margin-right: auto;margin-top:30px;width:100%;\"><\/div><div class=\"fusion-sep-clear\"><\/div><div class=\"fusion-text fusion-text-3\"><p><span style=\"color: #000000;\"><strong>NICE en Argentine<\/strong><\/span><br \/>\n<strong>T\u00e9l\u00e9phone :<\/strong><br \/>\n+54 &#8211; (9)351 &#8211; 5286778<br \/>\n<strong>Heure d\u2019ouverture :<\/strong><br \/>\nLu-Ve : 9.00 h &#8211; 16.00 h (ARG)<\/p>\n<p><span style=\"color: #000000;\"><strong>E-Mail :<\/strong><\/span><br \/>\ninfo@nice-network.org<\/p>\n<\/div><div class=\"fusion-social-links\"><div class=\"fusion-social-networks boxed-icons\"><div class=\"fusion-social-networks-wrapper\"><a class=\"fusion-social-network-icon fusion-tooltip fusion-mail fusion-icon-mail\" style=\"color:#ffffff;font-size:16px;width: calc(16px + (2 * (8px)) + 2px);background-color:#000000;border-color:#000000;border-radius:4px;\" data-placement=\"top\" data-title=\"Email\" data-toggle=\"tooltip\" title=\"Email\" aria-label=\"mail\" target=\"_blank\" rel=\"noopener noreferrer\" href=\"http:\/\/nice-network.org\/contact\/\"><\/a><a class=\"fusion-social-network-icon fusion-tooltip fusion-facebook fusion-icon-facebook\" style=\"color:#ffffff;font-size:16px;width: calc(16px + (2 * (8px)) + 2px);background-color:#3b5998;border-color:#3b5998;border-radius:4px;\" data-placement=\"top\" data-title=\"Facebook\" data-toggle=\"tooltip\" title=\"Facebook\" aria-label=\"facebook\" target=\"_blank\" rel=\"noopener noreferrer\" href=\"https:\/\/www.facebook.com\/FundacionNICE\/\"><\/a><a class=\"fusion-social-network-icon fusion-tooltip fusion-youtube fusion-icon-youtube\" style=\"color:#ffffff;font-size:16px;width: calc(16px + (2 * (8px)) + 2px);background-color:#cd201f;border-color:#cd201f;border-radius:4px;\" data-placement=\"top\" data-title=\"YouTube\" data-toggle=\"tooltip\" title=\"YouTube\" aria-label=\"youtube\" target=\"_blank\" rel=\"noopener noreferrer\" href=\"https:\/\/www.youtube.com\/channel\/UCVUyAQ0Qbz026EvTvspm4xA\"><\/a><a class=\"fusion-social-network-icon fusion-tooltip fusion-pinterest fusion-icon-pinterest\" style=\"color:#ffffff;font-size:16px;width: calc(16px + (2 * (8px)) + 2px);background-color:#bd081c;border-color:#bd081c;border-radius:4px;\" data-placement=\"top\" data-title=\"Pinterest\" data-toggle=\"tooltip\" title=\"Pinterest\" aria-label=\"pinterest\" target=\"_blank\" rel=\"noopener noreferrer\" href=\"https:\/\/es.pinterest.com\/nicenetworkorg\/\"><\/a><\/div><\/div><\/div><div class=\"fusion-sep-clear\"><\/div><div class=\"fusion-separator fusion-full-width-sep\" style=\"margin-left: auto;margin-right: auto;margin-top:30px;width:100%;\"><\/div><div class=\"fusion-sep-clear\"><\/div><span class=\" fusion-imageframe imageframe-none imageframe-1 hover-type-none fusion-animated\" data-animationType=\"fadeInRight\" data-animationDuration=\"0.9\" data-animationOffset=\"100%\"><a class=\"fusion-no-lightbox\" href=\"http:\/\/nice-network.org\/fr\/rapports\/\" target=\"_self\" aria-label=\"anciens-participants\"><img decoding=\"async\" width=\"347\" height=\"380\" alt=\"Contact\" src=\"http:\/\/nice-network.org\/wp-content\/uploads\/2015\/01\/anciens-participants.png\" class=\"img-responsive wp-image-16640\" srcset=\"https:\/\/nice-network.org\/wp-content\/uploads\/2015\/01\/anciens-participants-200x219.png 200w, https:\/\/nice-network.org\/wp-content\/uploads\/2015\/01\/anciens-participants.png 347w\" sizes=\"(max-width: 800px) 100vw, 347px\" \/><\/a><\/span><div class=\"fusion-clearfix\"><\/div><\/div><\/div><\/div><\/div>\n","protected":false},"excerpt":{"rendered":"","protected":false},"author":5,"featured_media":0,"parent":0,"menu_order":0,"comment_status":"open","ping_status":"open","template":"","meta":{"footnotes":""},"_links":{"self":[{"href":"https:\/\/nice-network.org\/fr\/wp-json\/wp\/v2\/pages\/3046"}],"collection":[{"href":"https:\/\/nice-network.org\/fr\/wp-json\/wp\/v2\/pages"}],"about":[{"href":"https:\/\/nice-network.org\/fr\/wp-json\/wp\/v2\/types\/page"}],"author":[{"embeddable":true,"href":"https:\/\/nice-network.org\/fr\/wp-json\/wp\/v2\/users\/5"}],"replies":[{"embeddable":true,"href":"https:\/\/nice-network.org\/fr\/wp-json\/wp\/v2\/comments?post=3046"}],"version-history":[{"count":8,"href":"https:\/\/nice-network.org\/fr\/wp-json\/wp\/v2\/pages\/3046\/revisions"}],"predecessor-version":[{"id":47862,"href":"https:\/\/nice-network.org\/fr\/wp-json\/wp\/v2\/pages\/3046\/revisions\/47862"}],"wp:attachment":[{"href":"https:\/\/nice-network.org\/fr\/wp-json\/wp\/v2\/media?parent=3046"}],"curies":[{"name":"wp","href":"https:\/\/api.w.org\/{rel}","templated":true}]}}