{"id":3055,"date":"2015-01-14T15:09:41","date_gmt":"2015-01-14T15:09:41","guid":{"rendered":"http:\/\/nice-network.org\/?page_id=3055"},"modified":"2019-10-28T14:08:30","modified_gmt":"2019-10-28T14:08:30","slug":"coursdespagnol-ateliers","status":"publish","type":"page","link":"https:\/\/nice-network.org\/fr\/coursdespagnol-ateliers\/","title":{"rendered":"Loisirs"},"content":{"rendered":"<p><div class=\"fusion-fullwidth fullwidth-box fusion-builder-row-1 nonhundred-percent-fullwidth non-hundred-percent-height-scrolling\" style=\"background-color: no;background-position: left top;background-repeat: no-repeat;padding-top:0px;padding-right:0px;padding-bottom:50px;padding-left:0px;margin-bottom: 0px;margin-top: 0px;border-width: 0px 0px 0px 0px;border-color:#eae9e9;border-style:solid;\" ><div class=\"fusion-builder-row fusion-row\"><div class=\"fusion-layout-column fusion_builder_column fusion-builder-column-0 fusion_builder_column_1_1 1_1 fusion-one-full fusion-column-first fusion-column-last\" style=\"margin-top:0px;margin-bottom:20px;\"><div class=\"fusion-column-wrapper fusion-flex-column-wrapper-legacy\" style=\"background-position:left top;background-repeat:no-repeat;-webkit-background-size:cover;-moz-background-size:cover;-o-background-size:cover;background-size:cover;padding: 0px 0px 0px 0px;\"><style type=\"text\/css\"><\/style><div class=\"fusion-title title fusion-title-1 fusion-sep-none fusion-title-text fusion-title-size-one\" style=\"margin-top:0px;margin-right:0px;margin-bottom:31px;margin-left:0px;\"><h1 class=\"title-heading-left\" style=\"margin:0;\">Les ateliers d&rsquo;espagnol : Apprendre l&rsquo;espagnol et d\u00e9couvrir la culture !<\/h1><\/div><div class=\"fusion-clearfix\"><\/div><\/div><\/div><div class=\"fusion-layout-column fusion_builder_column fusion-builder-column-1 fusion_builder_column_2_3 2_3 fusion-two-third fusion-column-first\" style=\"width:65.3333%; margin-right: 4%;margin-top:0px;margin-bottom:20px;\"><div class=\"fusion-column-wrapper fusion-flex-column-wrapper-legacy\" style=\"background-position:left top;background-repeat:no-repeat;-webkit-background-size:cover;-moz-background-size:cover;-o-background-size:cover;background-size:cover;padding: 0px 0px 0px 0px;\"><div class=\"fusion-text fusion-text-1\"><p>Vous voulez faire bon usage de votre temps libre en <a href=\"http:\/\/nice-network.org\/fr\/argentine-amerique-du-sud\/\">Argentine<\/a> ? Vous \u00eates ravi d\u2019apprendre plus sur le pays et ses activit\u00e9s habituelles tout en mettant vos comp\u00e9tences d&rsquo;<a href=\"http:\/\/nice-network.org\/fr\/coursdespagnol-amerique-du-sud\/\">espagnol<\/a> nouvellement acquises en pratique ? Vous pouvez le faire pendant danser le tango ou participer \u00e0 un asado (soir\u00e9e barbecue) typiquement argentin. Nos ateliers culturels vous permet d\u00e9couvrir le pays et la culture et apprendre le vocabulaire utile pour votre vie en Am\u00e9rique du Sud.<\/p>\n<p>Il y a beaucoup de possibilit\u00e9s pour vous d\u2019essayer de nouvelles choses et de mieux comprendre les secrets de la <a href=\"https:\/\/fr.wikipedia.org\/wiki\/Culture_de_l%27Argentine\" target=\"_blank\" rel=\"noopener noreferrer\">culture argentine<\/a>. Vous pouvez apprendre comment pr\u00e9parer <a href=\"https:\/\/fr.wikipedia.org\/wiki\/Empanada\">Empanadas<\/a> (des p\u00e2tes farcies), la confiserie <a href=\"https:\/\/fr.wikipedia.org\/wiki\/Alfajor\">Alfajor<\/a> ou le th\u00e9 mate. Nos ateliers de Tango ou Folklore vous montrent d\u2019autre aspect de la culture argentine et vous donnent la possibilit\u00e9 de participer \u00e0 un <a href=\"https:\/\/fr.wikipedia.org\/wiki\/Milonga_(lieu)\">Milonga<\/a> ou Pe\u00f1a (des rencontres de danse).<\/p>\n<p>Ci-dessous vous trouverez quelques exemples de nos ateliers :<\/p>\n<\/div><div class=\"fusion-clearfix\"><\/div><\/div><\/div><div class=\"fusion-layout-column fusion_builder_column fusion-builder-column-2 fusion_builder_column_1_3 1_3 fusion-one-third fusion-column-last\" style=\"width:30.6666%;margin-top:0px;margin-bottom:20px;\"><div class=\"fusion-column-wrapper fusion-flex-column-wrapper-legacy\" style=\"background-position:left top;background-repeat:no-repeat;-webkit-background-size:cover;-moz-background-size:cover;-o-background-size:cover;background-size:cover;padding: 0px 0px 0px 0px;\"><div class=\"imageframe-align-center\"><div class=\"imageframe-liftup\"><span class=\" fusion-imageframe imageframe-none imageframe-1 fusion-animated\" data-animationType=\"slideInRight\" data-animationDuration=\"0.2\" data-animationOffset=\"100%\"><a class=\"fusion-no-lightbox\" href=\"http:\/\/nice-network.org\/fr\/rapports\/\" target=\"_self\" aria-label=\"Gap-year-Eva-FR\"><img decoding=\"async\" width=\"242\" height=\"257\" alt=\"Ateliers culturels: Rapport d&#039;exp\u00e9rience Eva\" src=\"http:\/\/nice-network.org\/wp-content\/uploads\/2015\/01\/Gap-year-Eva-FR.png\" class=\"img-responsive wp-image-15199\"\/><\/a><\/span><\/div><\/div><div class=\"fusion-sep-clear\"><\/div><div class=\"fusion-separator fusion-full-width-sep\" style=\"margin-left: auto;margin-right: auto;margin-top:30px;width:100%;\"><\/div><div class=\"fusion-sep-clear\"><\/div><div class=\"imageframe-align-center\"><div class=\"imageframe-liftup\"><span class=\" fusion-imageframe imageframe-none imageframe-2\"><a class=\"fusion-no-lightbox\" href=\"http:\/\/nice-network.org\/fr\/logement\/\" target=\"_self\" aria-label=\"Alojamiento-FR\"><img decoding=\"async\" width=\"242\" height=\"149\" alt=\"Ateliers culturels: Logement\" src=\"http:\/\/nice-network.org\/wp-content\/uploads\/2015\/01\/Alojamiento-FR.png\" class=\"img-responsive wp-image-15313\"\/><\/a><\/span><\/div><\/div><div class=\"fusion-clearfix\"><\/div><\/div><\/div><\/div><\/div><div class=\"fusion-fullwidth fullwidth-box fusion-builder-row-2 fusion-parallax-fixed nonhundred-percent-fullwidth non-hundred-percent-height-scrolling\" style=\"background-color: no;background-image: url(&quot;http:\/\/nice-network.org\/wp-content\/uploads\/2015\/01\/iguazu-4-clara.jpg&quot;);background-position: left top;background-repeat: no-repeat;padding-top:40px;padding-right:0px;padding-bottom:40px;padding-left:0px;margin-bottom: 50px;margin-top: 0px;border-width: 0px 0px 0px 0px;border-color:#eae9e9;border-style:solid;-webkit-background-size:cover;-moz-background-size:cover;-o-background-size:cover;background-size:cover;background-attachment:fixed;\" ><div class=\"fusion-builder-row fusion-row\"><div class=\"fusion-layout-column fusion_builder_column fusion-builder-column-3 fusion_builder_column_1_1 1_1 fusion-one-full fusion-column-first fusion-column-last fusion-column-no-min-height\" style=\"margin-top:0px;margin-bottom:0px;\"><div class=\"fusion-column-wrapper fusion-flex-column-wrapper-legacy\" style=\"background-position:left top;background-repeat:no-repeat;-webkit-background-size:cover;-moz-background-size:cover;-o-background-size:cover;background-size:cover;padding: 0px 0px 0px 0px;\"><div class=\"fusion-flip-boxes flip-boxes row fusion-columns-3 flip-effect-classic\"><div class=\"fusion-flip-box-wrapper fusion-column col-lg-4 col-md-4 col-sm-4\"><div class=\"fusion-flip-box flip-right\" tabindex=\"0\"><div class=\"flip-box-inner-wrapper\"><div class=\"flip-box-front\" style=\"background-color:rgba(255,255,255,0.75);border-color:rgba(255,255,255,0);border-radius:0px;border-style:solid;border-width:2px;color:#286270;transition-duration:0.4s;\"><div class=\"flip-box-front-inner\"><div class=\"flip-box-grafix flip-box-image\"><img decoding=\"async\" src=\"http:\/\/nice-network.org\/wp-content\/uploads\/2015\/01\/Tango.png\" width=\"350\" height=\"350\" alt=\"\" \/><\/div><h2 class=\"flip-box-heading without-text\" style=\"color:#286270;\">Apprendre &amp; danser le tango<\/h2><\/div><\/div><div class=\"flip-box-back\" style=\"background-color:#ff8a00;border-color:rgba(255,255,255,0);border-radius:0px;border-style:solid;border-width:2px;color:#ffffff;transition-duration:0.4s;\"><div class=\"flip-box-back-inner\">\n<p>Apprenez les pas basiques de la danse de renomm\u00e9e mondiale o\u00f9 il est n\u00e9. Une fois que vous avez fait le premier contact avec la musique et le rythme, vous serez enthousiaste \u00e0 devenir un expert du tango.<\/p>\n<\/div><\/div><\/div><\/div><\/div><div class=\"fusion-flip-box-wrapper fusion-column col-lg-4 col-md-4 col-sm-4\"><div class=\"fusion-flip-box flip-right\" tabindex=\"0\"><div class=\"flip-box-inner-wrapper\"><div class=\"flip-box-front\" style=\"background-color:rgba(255,255,255,0.75);border-color:rgba(255,255,255,0);border-radius:0px;border-style:solid;border-width:2px;color:#286270;transition-duration:0.4s;\"><div class=\"flip-box-front-inner\"><div class=\"flip-box-grafix flip-box-image\"><img decoding=\"async\" src=\"http:\/\/nice-network.org\/wp-content\/uploads\/2015\/01\/Empanadas.png\" width=\"350\" height=\"350\" alt=\"\" \/><\/div><h2 class=\"flip-box-heading without-text\" style=\"color:#286270;\">Faire &amp; manger des Empanadas<\/h2><\/div><\/div><div class=\"flip-box-back\" style=\"background-color:#ff8a00;border-color:rgba(255,255,255,0);border-radius:0px;border-style:solid;border-width:2px;color:#ffffff;transition-duration:0.4s;\"><div class=\"flip-box-back-inner\">\n<p>Apprenez \u00e0 faire les Empanadas traditionnelles avec divers farce. Et bien s\u00fbr, apr\u00e8s le travail dur, vous pouvez remplir votre ventre avec les boulettes fra\u00eechement pr\u00e9par\u00e9s et chaudes que vous venez de faire.<\/p>\n<\/div><\/div><\/div><\/div><\/div><div class=\"fusion-flip-box-wrapper fusion-column col-lg-4 col-md-4 col-sm-4\"><div class=\"fusion-flip-box flip-right\" tabindex=\"0\"><div class=\"flip-box-inner-wrapper\"><div class=\"flip-box-front\" style=\"background-color:rgba(255,255,255,0.75);border-color:rgba(255,255,255,0);border-radius:0px;border-style:solid;border-width:2px;color:#286270;transition-duration:0.4s;\"><div class=\"flip-box-front-inner\"><div class=\"flip-box-grafix flip-box-image\"><img decoding=\"async\" src=\"http:\/\/nice-network.org\/wp-content\/uploads\/2015\/01\/Mate.png\" width=\"350\" height=\"350\" alt=\"\" \/><\/div><h2 class=\"flip-box-heading without-text\" style=\"color:#286270;\">Pr\u00e9parer &amp;<br \/>\nboire Mate<\/h2><\/div><\/div><div class=\"flip-box-back\" style=\"background-color:#ff8a00;border-color:rgba(255,255,255,0);border-radius:0px;border-style:solid;border-width:2px;color:#ffffff;transition-duration:0.4s;\"><div class=\"flip-box-back-inner\">\n<p>Apr\u00e8s avoir particip\u00e9 \u00e0 notre atelier Mate vous saurez tout sur les coutumes et le mode de pr\u00e9paration de cette boisson typiquement argentine. Avec votre Mate, vous pourrez jouir de d\u00e9licieux \u00ab Alfajores \u00bb (biscuits fourr\u00e9s \u00e0 la cr\u00e8me de caramel) ou Chipas faits-maison (petits pains au fromage).<\/p>\n<\/div><\/div><\/div><\/div><\/div><\/div><div class=\"clearfix\"><\/div><div class=\"fusion-sep-clear\"><\/div><div class=\"fusion-separator fusion-full-width-sep\" style=\"margin-left: auto;margin-right: auto;margin-top:30px;width:100%;\"><\/div><div class=\"fusion-sep-clear\"><\/div><div class=\"fusion-flip-boxes flip-boxes row fusion-columns-3 flip-effect-classic\"><div class=\"fusion-flip-box-wrapper fusion-column col-lg-4 col-md-4 col-sm-4\"><div class=\"fusion-flip-box flip-right\" tabindex=\"0\"><div class=\"flip-box-inner-wrapper\"><div class=\"flip-box-front\" style=\"background-color:rgba(255,255,255,0.75);border-color:rgba(255,255,255,0);border-radius:0px;border-style:solid;border-width:2px;color:#286270;transition-duration:0.4s;\"><div class=\"flip-box-front-inner\"><div class=\"flip-box-grafix flip-box-image\"><img decoding=\"async\" src=\"http:\/\/nice-network.org\/wp-content\/uploads\/2015\/01\/Asado.png\" width=\"350\" height=\"350\" alt=\"\" \/><\/div><h2 class=\"flip-box-heading without-text\" style=\"color:#286270;\">Griller &amp; appr\u00e9cier un Asado<\/h2><\/div><\/div><div class=\"flip-box-back\" style=\"background-color:#ff8a00;border-color:rgba(255,255,255,0);border-radius:0px;border-style:solid;border-width:2px;color:#ffffff;transition-duration:0.4s;\"><div class=\"flip-box-back-inner\">\n<p>Pr\u00e9parez un Asado comme les gauchos : Prenez part au barbecue c\u00e9l\u00e9br\u00e9 argentin ! Apprenez plus sur l\u2019histoire, les diff\u00e9rents types de viande et la proc\u00e9dure de pr\u00e9paration traditionnelle.<\/p>\n<\/div><\/div><\/div><\/div><\/div><div class=\"fusion-flip-box-wrapper fusion-column col-lg-4 col-md-4 col-sm-4\"><div class=\"fusion-flip-box flip-right\" tabindex=\"0\"><div class=\"flip-box-inner-wrapper\"><div class=\"flip-box-front\" style=\"background-color:rgba(255,255,255,0.75);border-color:rgba(255,255,255,0);border-radius:0px;border-style:solid;border-width:2px;color:#286270;transition-duration:0.4s;\"><div class=\"flip-box-front-inner\"><div class=\"flip-box-grafix flip-box-image\"><img decoding=\"async\" src=\"http:\/\/nice-network.org\/wp-content\/uploads\/2015\/01\/Folclore.png\" width=\"350\" height=\"350\" alt=\"\" \/><\/div><h2 class=\"flip-box-heading without-text\" style=\"color:#286270;\">Danser le Folkore &amp; ses rhytmes<\/h2><\/div><\/div><div class=\"flip-box-back\" style=\"background-color:#ff8a00;border-color:rgba(255,255,255,0);border-radius:0px;border-style:solid;border-width:2px;color:#ffffff;transition-duration:0.4s;\"><div class=\"flip-box-back-inner\">\n<p>Les \u00e9tudiants aiment aller \u00e0 des concerts o\u00f9 vous pourrez danser sur des rythmes traditionnels jusqu\u2019au petit matin. Cet atelier vous enseigne la danse la plus populaire appel\u00e9e Chacarera, donc vous pouvez rejoindre vos amis argentins pour le prochain concert !<\/p>\n<\/div><\/div><\/div><\/div><\/div><div class=\"fusion-flip-box-wrapper fusion-column col-lg-4 col-md-4 col-sm-4\"><div class=\"fusion-flip-box flip-right\" tabindex=\"0\"><div class=\"flip-box-inner-wrapper\"><div class=\"flip-box-front\" style=\"background-color:rgba(255,255,255,0.75);border-color:rgba(255,255,255,0);border-radius:0px;border-style:solid;border-width:2px;color:#286270;transition-duration:0.4s;\"><div class=\"flip-box-front-inner\"><div class=\"flip-box-grafix flip-box-image\"><img decoding=\"async\" src=\"http:\/\/nice-network.org\/wp-content\/uploads\/2015\/01\/Soon.png\" width=\"350\" height=\"350\" alt=\"\" \/><\/div><h2 class=\"flip-box-heading without-text\" style=\"color:#286270;\">Et la prochaine<br \/>\nfois \u2026<\/h2><\/div><\/div><div class=\"flip-box-back\" style=\"background-color:#ff8a00;border-color:rgba(255,255,255,0);border-radius:0px;border-style:solid;border-width:2px;color:#ffffff;transition-duration:0.4s;\"><div class=\"flip-box-back-inner\">\n<p>\u2026vous en ferez partie !<\/p>\n<\/div><\/div><\/div><\/div><\/div><\/div><div class=\"clearfix\"><\/div><div class=\"fusion-clearfix\"><\/div><\/div><\/div><div class=\"fusion-layout-column fusion_builder_column fusion-builder-column-4 fusion_builder_column_1_1 1_1 fusion-one-full fusion-column-first fusion-column-last fusion-animated\" style=\"margin-top:10px;margin-bottom:10px;\" data-animationType=\"fadeInUp\" data-animationDuration=\"0.4\" data-animationOffset=\"100%\"><div class=\"fusion-column-wrapper fusion-flex-column-wrapper-legacy\" style=\"background-position:left top;background-repeat:no-repeat;-webkit-background-size:cover;-moz-background-size:cover;-o-background-size:cover;background-size:cover;background-color:rgba(255,255,255,0.5);border:20px solid rgba(255,255,255,0.3);padding: 0px 0px 20px 0px;\"><div class=\"fusion-column-content-centered\"><div class=\"fusion-column-content\"><style type=\"text\/css\"><\/style><div class=\"fusion-title title fusion-title-2 fusion-sep-none fusion-title-center fusion-title-text fusion-title-size-two\" style=\"margin-top:0px;margin-right:0px;margin-bottom:20px;margin-left:0px;\"><h2 class=\"title-heading-center\" style=\"margin:0;\">Nous sommes \u00e0 votre disposition pour r\u00e9pondre \u00e0 vos questions !<\/h2><\/div><div class=\"fusion-aligncenter\"><style type=\"text\/css\">.fusion-button.button-1 .fusion-button-text, .fusion-button.button-1 i {color:#ffffff;}.fusion-button.button-1 .fusion-button-icon-divider{border-color:#ffffff;}.fusion-button.button-1:hover .fusion-button-text, .fusion-button.button-1:hover i,.fusion-button.button-1:focus .fusion-button-text, .fusion-button.button-1:focus i,.fusion-button.button-1:active .fusion-button-text, .fusion-button.button-1:active{color:#ffffff;}.fusion-button.button-1:hover .fusion-button-icon-divider, .fusion-button.button-1:hover .fusion-button-icon-divider, .fusion-button.button-1:active .fusion-button-icon-divider{border-color:#ffffff;}.fusion-button.button-1:hover, .fusion-button.button-1:focus, .fusion-button.button-1:active{border-color:#ffffff;}.fusion-button.button-1 {border-color:#ffffff;border-radius:0px;}.fusion-button.button-1{background: #ff8a00;}.fusion-button.button-1:hover,.button-1:focus,.fusion-button.button-1:active{background: #ff4800;}<\/style><a class=\"fusion-button button-flat button-xlarge button-custom button-1 fusion-button-span-no fusion-button-default-type fusion-animated\" data-animationType=\"fadeInDown\" data-animationDuration=\"0.4\" data-animationOffset=\"100%\" target=\"_self\" title=\"Contact\" href=\"http:\/\/nice-network.org\/fr\/contact\/\"><span class=\"fusion-button-text\">Contactez-nous<\/span><\/a><\/div><\/div><\/div><div class=\"fusion-clearfix\"><\/div><\/div><\/div><\/div><\/div><\/p>\n","protected":false},"excerpt":{"rendered":"","protected":false},"author":5,"featured_media":0,"parent":0,"menu_order":0,"comment_status":"open","ping_status":"open","template":"100-width.php","meta":{"footnotes":""},"_links":{"self":[{"href":"https:\/\/nice-network.org\/fr\/wp-json\/wp\/v2\/pages\/3055"}],"collection":[{"href":"https:\/\/nice-network.org\/fr\/wp-json\/wp\/v2\/pages"}],"about":[{"href":"https:\/\/nice-network.org\/fr\/wp-json\/wp\/v2\/types\/page"}],"author":[{"embeddable":true,"href":"https:\/\/nice-network.org\/fr\/wp-json\/wp\/v2\/users\/5"}],"replies":[{"embeddable":true,"href":"https:\/\/nice-network.org\/fr\/wp-json\/wp\/v2\/comments?post=3055"}],"version-history":[{"count":6,"href":"https:\/\/nice-network.org\/fr\/wp-json\/wp\/v2\/pages\/3055\/revisions"}],"predecessor-version":[{"id":19982,"href":"https:\/\/nice-network.org\/fr\/wp-json\/wp\/v2\/pages\/3055\/revisions\/19982"}],"wp:attachment":[{"href":"https:\/\/nice-network.org\/fr\/wp-json\/wp\/v2\/media?parent=3055"}],"curies":[{"name":"wp","href":"https:\/\/api.w.org\/{rel}","templated":true}]}}