{"id":3096,"date":"2015-01-14T15:14:09","date_gmt":"2015-01-14T15:14:09","guid":{"rendered":"http:\/\/nice-network.org\/?page_id=3096"},"modified":"2018-07-19T13:33:05","modified_gmt":"2018-07-19T13:33:05","slug":"argentine-mendoza","status":"publish","type":"page","link":"https:\/\/nice-network.org\/fr\/argentine-mendoza\/","title":{"rendered":"Mendoza"},"content":{"rendered":"<p><div class=\"fusion-fullwidth fullwidth-box fusion-builder-row-1 nonhundred-percent-fullwidth non-hundred-percent-height-scrolling\" style=\"background-color: no;background-position: left top;background-repeat: no-repeat;padding-top:0px;padding-right:0px;padding-bottom:50px;padding-left:0px;margin-bottom: 0px;margin-top: 0px;border-width: 0px 0px 0px 0px;border-color:#eae9e9;border-style:solid;\" ><div class=\"fusion-builder-row fusion-row\"><div class=\"fusion-layout-column fusion_builder_column fusion-builder-column-0 fusion_builder_column_2_3 2_3 fusion-two-third fusion-column-first\" style=\"width:65.3333%; margin-right: 4%;margin-top:0px;margin-bottom:20px;\"><div class=\"fusion-column-wrapper fusion-flex-column-wrapper-legacy\" style=\"background-position:left top;background-repeat:no-repeat;-webkit-background-size:cover;-moz-background-size:cover;-o-background-size:cover;background-size:cover;padding: 0px 0px 0px 0px;\"><style type=\"text\/css\"><\/style><div class=\"fusion-title title fusion-title-1 fusion-sep-none fusion-title-text fusion-title-size-one\" style=\"margin-top:0px;margin-right:0px;margin-bottom:31px;margin-left:0px;\"><h1 class=\"title-heading-left\" style=\"margin:0;\">Mendoza &#8211; La ville au pied des Andes<\/h1><\/div><div class=\"fusion-text fusion-text-1\"><p><a href=\"https:\/\/fr.wikipedia.org\/wiki\/Mendoza_(ville)\" target=\"_blank\" rel=\"noopener\">Mendoza<\/a> est consid\u00e9r\u00e9e comme l&rsquo;une des villes les plus prosp\u00e8res et organis\u00e9es en <a href=\"http:\/\/nice-network.org\/fr\/argentine-amerique-du-sud\/\">Argentine<\/a> et un centre \u00e9conomique en pleine croissance. Gr\u00e2ce \u00e0 environ 320 jours ensoleill\u00e9s par an, il est possible de cro\u00eetre de d\u00e9licieux raisins dans ses alentours et par cons\u00e9quent, 70% de l&rsquo;excellent vin de l&rsquo;Argentine est produit ici.<br \/>\nSon emplacement idyllique au milieu des vignes arros\u00e9es, des parcs et des zones pi\u00e9tonnes bord\u00e9es de nombreux arbres font de la ville une belle oasis de verdure dans cette r\u00e9gion extr\u00eamement s\u00e8che au pied des Andes.<br \/>\n\u00c9tant un lieu touristique central, vous allez bient\u00f4t vous retrouver essayant toutes sortes d&rsquo;activit\u00e9s de plein air tels que le VTT, la randonn\u00e9e, le rafting, l&rsquo;\u00e9quitation ou bien le ski.<br \/>\nEt apr\u00e8s une journ\u00e9e dans votre <a href=\"http:\/\/nice-network.org\/fr\/volontariat-amerique-du-sud\/\">volontariat<\/a> ou dans votre <a href=\"http:\/\/nice-network.org\/fr\/stage-amerique-du-sud\/\">stage<\/a>, vous aurez le temps pour explorer plein de caves, de bars et de clubs.<\/p>\n<p><strong>Exactement ce que vous voulez? Commencez votre <a href=\"http:\/\/nice-network.org\/fr\/stage-amerique-du-sud\/\">stage<\/a> ou <a href=\"http:\/\/nice-network.org\/fr\/volontariat-amerique-du-sud\/\">volontariat<\/a> et apprenez l\u2019<a href=\"http:\/\/nice-network.org\/fr\/coursdespagnol-amerique-du-sud\/\">espagnol<\/a>\u00a0\u00e0 Mendoza maintenant!<\/strong><\/p>\n<\/div><div class=\"fusion-clearfix\"><\/div><\/div><\/div><div class=\"fusion-layout-column fusion_builder_column fusion-builder-column-1 fusion_builder_column_1_3 1_3 fusion-one-third fusion-column-last\" style=\"width:30.6666%;margin-top:0px;margin-bottom:20px;\"><div class=\"fusion-column-wrapper fusion-flex-column-wrapper-legacy\" style=\"background-position:left top;background-repeat:no-repeat;-webkit-background-size:cover;-moz-background-size:cover;-o-background-size:cover;background-size:cover;padding: 0px 0px 0px 0px;\"><style type=\"text\/css\"><\/style><div class=\"fusion-title title fusion-title-2 fusion-sep-none fusion-title-text fusion-title-size-two\" style=\"margin-top:0px;margin-right:0px;margin-bottom:31px;margin-left:0px;\"><h2 class=\"title-heading-left\" style=\"margin:0;\">Faits en bref:<\/h2><\/div><ul class=\"fusion-checklist fusion-checklist-1\" style=\"font-size:13px;line-height:22.1px;\"><li class=\"fusion-li-item\"><span style=\"background-color:#ff8a00;font-size:11.44px;height:22.1px;width:22.1px;margin-right:9.1px;\" class=\"icon-wrapper circle-yes\"><i class=\"fusion-li-icon fa fa-check\" style=\"color:#ffffff;\" aria-hidden=\"true\"><\/i><\/span><div class=\"fusion-li-item-content\" style=\"margin-left:31.2px;\">Population: 115.000<\/div><\/li><li class=\"fusion-li-item\"><span style=\"background-color:#ff8a00;font-size:11.44px;height:22.1px;width:22.1px;margin-right:9.1px;\" class=\"icon-wrapper circle-yes\"><i class=\"fusion-li-icon fa fa-check\" style=\"color:#ffffff;\" aria-hidden=\"true\"><\/i><\/span><div class=\"fusion-li-item-content\" style=\"margin-left:31.2px;\">Temp\u00e9rature moyenne:<br \/>\nNov-Avr 22,4\u00b0 C \/ May-Oct 12,3\u00b0 C<\/div><\/li><li class=\"fusion-li-item\"><span style=\"background-color:#ff8a00;font-size:11.44px;height:22.1px;width:22.1px;margin-right:9.1px;\" class=\"icon-wrapper circle-yes\"><i class=\"fusion-li-icon fa fa-check\" style=\"color:#ffffff;\" aria-hidden=\"true\"><\/i><\/span><div class=\"fusion-li-item-content\" style=\"margin-left:31.2px;\">Caract\u00e9ristiques: ensoleill\u00e9, organis\u00e9, paysages impressionnants, touristique, r\u00e9gion du vin<\/div><\/li><li class=\"fusion-li-item\"><span style=\"background-color:#ff8a00;font-size:11.44px;height:22.1px;width:22.1px;margin-right:9.1px;\" class=\"icon-wrapper circle-yes\"><i class=\"fusion-li-icon fa fa-check\" style=\"color:#ffffff;\" aria-hidden=\"true\"><\/i><\/span><div class=\"fusion-li-item-content\" style=\"margin-left:31.2px;\"><a href=\"http:\/\/turismo.mendoza.gov.ar\/\" target=\"_blank\" rel=\"noopener\">Site officielle du tourisme<\/a> de la ville<\/div><\/li><li class=\"fusion-li-item\"><span style=\"background-color:#ff8a00;font-size:11.44px;height:22.1px;width:22.1px;margin-right:9.1px;\" class=\"icon-wrapper circle-yes\"><i class=\"fusion-li-icon fa fa-check\" style=\"color:#ffffff;\" aria-hidden=\"true\"><\/i><\/span><div class=\"fusion-li-item-content\" style=\"margin-left:31.2px;\">Mendoza sur <a href=\"http:\/\/wikitravel.org\/fr\/Mendoza\" target=\"_blank\" rel=\"noopener\">Wikitravel<\/a><\/div><\/li><\/ul><div class=\"fusion-clearfix\"><\/div><\/div><\/div><\/div><\/div><div class=\"fusion-fullwidth fullwidth-box fusion-builder-row-2 nonhundred-percent-fullwidth non-hundred-percent-height-scrolling\" style=\"background-color: no;background-position: left top;background-repeat: no-repeat;padding-top:0px;padding-right:0px;padding-bottom:50px;padding-left:0px;margin-bottom: 0px;margin-top: 0px;border-width: 0px 0px 0px 0px;border-color:#eae9e9;border-style:solid;\" ><div class=\"fusion-builder-row fusion-row\"><div class=\"fusion-layout-column fusion_builder_column fusion-builder-column-2 fusion_builder_column_2_3 2_3 fusion-two-third fusion-column-first\" style=\"width:65.3333%; margin-right: 4%;margin-top:0px;margin-bottom:20px;\"><div class=\"fusion-column-wrapper fusion-flex-column-wrapper-legacy\" style=\"background-position:left top;background-repeat:no-repeat;-webkit-background-size:cover;-moz-background-size:cover;-o-background-size:cover;background-size:cover;padding: 0px 0px 0px 0px;\"><iframe src=\"https:\/\/www.google.com\/maps\/d\/embed?mid=zoJ5Cw5W2El0.kAtaBj4mj2lw\" width=\"100%\" height=\"400\"><\/iframe><div class=\"fusion-clearfix\"><\/div><\/div><\/div><div class=\"fusion-layout-column fusion_builder_column fusion-builder-column-3 fusion_builder_column_1_3 1_3 fusion-one-third fusion-column-last\" style=\"width:30.6666%;margin-top:0px;margin-bottom:20px;\"><div class=\"fusion-column-wrapper fusion-flex-column-wrapper-legacy\" style=\"background-position:left top;background-repeat:no-repeat;-webkit-background-size:cover;-moz-background-size:cover;-o-background-size:cover;background-size:cover;padding: 0px 0px 0px 0px;\"><div class=\"fusion-text fusion-text-2\"><p><a href=\"http:\/\/nice-network.org\/fr\/stage-volontariat-bourse\/\"><img decoding=\"async\" class=\"aligncenter wp-image-3962 size-full\" src=\"http:\/\/nice-network.org\/wp-content\/uploads\/2015\/06\/button-home-FR.png\" alt=\"Last minute et postes vacants pour stages \u00e0 l'\u00e9tranger en Am\u00e9rique du Sud\" width=\"242\" height=\"149\" \/><\/a><a href=\"http:\/\/nice-network.org\/fr\/logement\/\"><img decoding=\"async\" class=\"aligncenter wp-image-4171 size-full\" src=\"http:\/\/nice-network.org\/wp-content\/uploads\/2015\/01\/Alojamiento-FR.png\" alt=\"Logements chez personnes priv\u00e9es et familles en Argentine\" width=\"242\" height=\"149\" \/><\/a><\/p>\n<\/div><div class=\"fusion-clearfix\"><\/div><\/div><\/div><\/div><\/div><div class=\"fusion-fullwidth fullwidth-box fusion-builder-row-3 nonhundred-percent-fullwidth non-hundred-percent-height-scrolling\" style=\"background-color: no;background-position: left top;background-repeat: no-repeat;padding-top:0px;padding-right:0px;padding-bottom:50px;padding-left:0px;margin-bottom: 0px;margin-top: 0px;border-width: 0px 0px 0px 0px;border-color:#eae9e9;border-style:solid;\" ><div class=\"fusion-builder-row fusion-row\"><div class=\"fusion-layout-column fusion_builder_column fusion-builder-column-4 fusion_builder_column_1_1 1_1 fusion-one-full fusion-column-first fusion-column-last fusion-column-no-min-height\" style=\"margin-top:0px;margin-bottom:0px;\"><div class=\"fusion-column-wrapper fusion-flex-column-wrapper-legacy\" style=\"background-position:left top;background-repeat:no-repeat;-webkit-background-size:cover;-moz-background-size:cover;-o-background-size:cover;background-size:cover;padding: 0px 0px 0px 0px;\"><style type=\"text\/css\"><\/style><div class=\"fusion-title title fusion-title-3 fusion-sep-none fusion-title-text fusion-title-size-three\" style=\"margin-top:0px;margin-right:0px;margin-bottom:31px;margin-left:0px;\"><h3 class=\"title-heading-left\" style=\"margin:0;\">Jetez un regard sur tous nos services!<\/h3><\/div><div class=\"fusion-clearfix\"><\/div><\/div><\/div><div class=\"fusion-layout-column fusion_builder_column fusion-builder-column-5 fusion_builder_column_1_1 1_1 fusion-one-full fusion-column-first fusion-column-last fusion-column-no-min-height\" style=\"margin-top:0px;margin-bottom:0px;\"><div class=\"fusion-column-wrapper fusion-flex-column-wrapper-legacy\" style=\"background-position:left top;background-repeat:no-repeat;-webkit-background-size:cover;-moz-background-size:cover;-o-background-size:cover;background-size:cover;padding: 0px 0px 0px 0px;\"><div class=\"fusion-image-carousel fusion-image-carousel-fixed fusion-carousel-border\"><div class=\"fusion-carousel\" data-autoplay=\"no\" data-columns=\"5\" data-itemmargin=\"13\" data-itemwidth=\"180\" data-touchscroll=\"no\" data-imagesize=\"fixed\"><div class=\"fusion-carousel-positioner\"><ul class=\"fusion-carousel-holder\"><li class=\"fusion-carousel-item\"><div class=\"fusion-carousel-item-wrapper\"><div class=\"fusion-image-wrapper hover-type-none\"><a href=\"http:\/\/nice-network.org\/fr\/description\/\" target=\"_self\"><img decoding=\"async\" src=\"http:\/\/nice-network.org\/wp-content\/uploads\/2015\/02\/About-Nice-Petrol-Frances.gif\" alt=\"Stages et volontariats en Argentine\"\/><\/a><\/div><\/div><\/li><li class=\"fusion-carousel-item\"><div class=\"fusion-carousel-item-wrapper\"><div class=\"fusion-image-wrapper hover-type-none\"><a href=\"http:\/\/nice-network.org\/fr\/logement\/\" target=\"_self\"><img decoding=\"async\" src=\"http:\/\/nice-network.org\/wp-content\/uploads\/2015\/02\/Nice-Acco-Petrol-Frances.gif\" alt=\"Acceuil et logement en Argentine\"\/><\/a><\/div><\/div><\/li><li class=\"fusion-carousel-item\"><div class=\"fusion-carousel-item-wrapper\"><div class=\"fusion-image-wrapper hover-type-none\"><a href=\"http:\/\/nice-network.org\/fr\/stage-categoryfit\/\" target=\"_self\"><img decoding=\"async\" src=\"http:\/\/nice-network.org\/wp-content\/uploads\/2015\/02\/Category-Fit-Petrol-Frances.gif\" alt=\"Stage \u00e0 l'\u00e9tranger en Argentine\"\/><\/a><\/div><\/div><\/li><li class=\"fusion-carousel-item\"><div class=\"fusion-carousel-item-wrapper\"><div class=\"fusion-image-wrapper hover-type-none\"><a href=\"http:\/\/nice-network.org\/fr\/argentine-voyages\/\" target=\"_self\"><img decoding=\"async\" src=\"http:\/\/nice-network.org\/wp-content\/uploads\/2015\/02\/Touristic-Highlights-Petrol-Frances.gif\" alt=\"D\u00e9couvrez les meilleurs lieux en Argentine\"\/><\/a><\/div><\/div><\/li><li class=\"fusion-carousel-item\"><div class=\"fusion-carousel-item-wrapper\"><div class=\"fusion-image-wrapper hover-type-none\"><a href=\"http:\/\/nice-network.org\/fr\/coursdespagnol-amerique-du-sud\/\" target=\"_self\"><img decoding=\"async\" src=\"http:\/\/nice-network.org\/wp-content\/uploads\/2015\/02\/Learn-Spanish-Petrol-Frances.gif\" alt=\"Cours d'espagnol en Am\u00e9rique du Sud\"\/><\/a><\/div><\/div><\/li><li class=\"fusion-carousel-item\"><div class=\"fusion-carousel-item-wrapper\"><div class=\"fusion-image-wrapper hover-type-none\"><a href=\"http:\/\/nice-network.org\/fr\/pourquoi\/\" target=\"_self\"><img decoding=\"async\" src=\"http:\/\/nice-network.org\/wp-content\/uploads\/2015\/02\/Why-Nice-Petrol-Frances.gif\" alt=\"Le sp\u00e9cialiste pour stages et volontariats en Argentine\"\/><\/a><\/div><\/div><\/li><li class=\"fusion-carousel-item\"><div class=\"fusion-carousel-item-wrapper\"><div class=\"fusion-image-wrapper hover-type-none\"><a href=\"http:\/\/nice-network.org\/fr\/stage-gapyear\/\" target=\"_self\"><img decoding=\"async\" src=\"http:\/\/nice-network.org\/wp-content\/uploads\/2015\/02\/Gap-Year-Petrol-Frances.gif\" alt=\"Stages et Gap Year en Am\u00e9rique du Sud\"\/><\/a><\/div><\/div><\/li><li class=\"fusion-carousel-item\"><div class=\"fusion-carousel-item-wrapper\"><div class=\"fusion-image-wrapper hover-type-none\"><a href=\"http:\/\/nice-network.org\/fr\/stage-amerique-du-sud\/\" target=\"_self\"><img decoding=\"async\" src=\"http:\/\/nice-network.org\/wp-content\/uploads\/2015\/02\/Internship-Petrol-Frances.gif\" alt=\"Stage en Am\u00e9rique du Sud\"\/><\/a><\/div><\/div><\/li><li class=\"fusion-carousel-item\"><div class=\"fusion-carousel-item-wrapper\"><div class=\"fusion-image-wrapper hover-type-none\"><a href=\"http:\/\/nice-network.org\/fr\/coursdespagnol-amerique-du-sud\/\" target=\"_self\"><img decoding=\"async\" src=\"http:\/\/nice-network.org\/wp-content\/uploads\/2015\/02\/Learn-Spanish-Petrol-Frances.gif\" alt=\"Cours d'espagnol en Am\u00e9rique du Sud\"\/><\/a><\/div><\/div><\/li><li class=\"fusion-carousel-item\"><div class=\"fusion-carousel-item-wrapper\"><div class=\"fusion-image-wrapper hover-type-none\"><a href=\"http:\/\/nice-network.org\/fr\/promotion\/\" target=\"_self\"><img decoding=\"async\" src=\"http:\/\/nice-network.org\/wp-content\/uploads\/2015\/02\/Promotion-Petrol-Frances.gif\" alt=\"Packages pour stages ou volontariats en Argentine\"\/><\/a><\/div><\/div><\/li><li class=\"fusion-carousel-item\"><div class=\"fusion-carousel-item-wrapper\"><div class=\"fusion-image-wrapper hover-type-none\"><a href=\"http:\/\/nice-network.org\/fr\/volontariat-amerique-du-sud\/\" target=\"_self\"><img decoding=\"async\" src=\"http:\/\/nice-network.org\/wp-content\/uploads\/2015\/02\/Volunteer-Petrol-Frances.gif\" alt=\"Volontariat en Am\u00e9rique du Sud\"\/><\/a><\/div><\/div><\/li><li class=\"fusion-carousel-item\"><div class=\"fusion-carousel-item-wrapper\"><div class=\"fusion-image-wrapper hover-type-none\"><a href=\"http:\/\/nice-network.org\/fr\/coursdespagnol-commercial\/\" target=\"_self\"><img decoding=\"async\" src=\"http:\/\/nice-network.org\/wp-content\/uploads\/2015\/02\/Business-Spanish-Petrol-Frances.gif\" alt=\"Cours d'espagnol commerciale en Argentine\"\/><\/a><\/div><\/div><\/li><li class=\"fusion-carousel-item\"><div class=\"fusion-carousel-item-wrapper\"><div class=\"fusion-image-wrapper hover-type-none\"><a href=\"http:\/\/nice-network.org\/fr\/description\/\" target=\"_self\"><img decoding=\"async\" src=\"http:\/\/nice-network.org\/wp-content\/uploads\/2015\/02\/About-Nice-Petrol-Frances.gif\" alt=\"Stages et volontariats en Argentine\"\/><\/a><\/div><\/div><\/li><li class=\"fusion-carousel-item\"><div class=\"fusion-carousel-item-wrapper\"><div class=\"fusion-image-wrapper hover-type-none\"><a href=\"http:\/\/nice-network.org\/fr\/stage-categoryfit\/\" target=\"_self\"><img decoding=\"async\" src=\"http:\/\/nice-network.org\/wp-content\/uploads\/2015\/02\/Category-Fit-Petrol-Frances.gif\" alt=\"Stage \u00e0 l'\u00e9tranger en Argentine\"\/><\/a><\/div><\/div><\/li><li class=\"fusion-carousel-item\"><div class=\"fusion-carousel-item-wrapper\"><div class=\"fusion-image-wrapper hover-type-none\"><a href=\"http:\/\/nice-network.org\/fr\/stage-volontariat-bourse\/\" target=\"_self\"><img decoding=\"async\" src=\"http:\/\/nice-network.org\/wp-content\/uploads\/2015\/02\/Internship-Vac-Petrol-Frances.gif\" alt=\"Postes vacants pour stages en Argentine\"\/><\/a><\/div><\/div><\/li><li class=\"fusion-carousel-item\"><div class=\"fusion-carousel-item-wrapper\"><div class=\"fusion-image-wrapper hover-type-none\"><a href=\"http:\/\/nice-network.org\/fr\/argentine-amerique-du-sud\/\" target=\"_self\"><img decoding=\"async\" src=\"http:\/\/nice-network.org\/wp-content\/uploads\/2015\/02\/Discover-Argentina-Petrol-Frances.gif\" alt=\"L'argentine: La vraie Am\u00e9rique du Sud\"\/><\/a><\/div><\/div><\/li><li class=\"fusion-carousel-item\"><div class=\"fusion-carousel-item-wrapper\"><div class=\"fusion-image-wrapper hover-type-none\"><a href=\"http:\/\/nice-network.org\/fr\/logement\/\" target=\"_self\"><img decoding=\"async\" src=\"http:\/\/nice-network.org\/wp-content\/uploads\/2015\/02\/Nice-Acco-Petrol-Frances.gif\" alt=\"Acceuil et logement en Argentine\"\/><\/a><\/div><\/div><\/li><li class=\"fusion-carousel-item\"><div class=\"fusion-carousel-item-wrapper\"><div class=\"fusion-image-wrapper hover-type-none\"><a href=\"http:\/\/nice-network.org\/fr\/stage-personalfit\/\" target=\"_self\"><img decoding=\"async\" src=\"http:\/\/nice-network.org\/wp-content\/uploads\/2015\/02\/Personal-Fit-Petrol-Frances.gif\" alt=\"Stages pour des \u00e9tudiants en Argentine\"\/><\/a><\/div><\/div><\/li><li class=\"fusion-carousel-item\"><div class=\"fusion-carousel-item-wrapper\"><div class=\"fusion-image-wrapper hover-type-none\"><a href=\"http:\/\/nice-network.org\/fr\/argentine-voyages\/\" target=\"_self\"><img decoding=\"async\" src=\"http:\/\/nice-network.org\/wp-content\/uploads\/2015\/02\/Touristic-Highlights-Petrol-Frances.gif\" alt=\"D\u00e9couvrez les meilleurs lieux en Argentine\"\/><\/a><\/div><\/div><\/li><li class=\"fusion-carousel-item\"><div class=\"fusion-carousel-item-wrapper\"><div class=\"fusion-image-wrapper hover-type-none\"><a href=\"http:\/\/nice-network.org\/fr\/coursdespagnol-amerique-du-sud\/\" target=\"_self\"><img decoding=\"async\" src=\"http:\/\/nice-network.org\/wp-content\/uploads\/2015\/02\/Learn-Spanish-Petrol-Frances.gif\" alt=\"Cours d'espagnol en Am\u00e9rique du Sud\"\/><\/a><\/div><\/div><\/li><li class=\"fusion-carousel-item\"><div class=\"fusion-carousel-item-wrapper\"><div class=\"fusion-image-wrapper hover-type-none\"><a href=\"http:\/\/nice-network.org\/fr\/stage-gapyear\/\" target=\"_self\"><img decoding=\"async\" src=\"http:\/\/nice-network.org\/wp-content\/uploads\/2015\/02\/Gap-Year-Petrol-Frances.gif\" alt=\"Stages et Gap Year en Am\u00e9rique du Sud\"\/><\/a><\/div><\/div><\/li><li class=\"fusion-carousel-item\"><div class=\"fusion-carousel-item-wrapper\"><div class=\"fusion-image-wrapper hover-type-none\"><a href=\"http:\/\/nice-network.org\/fr\/guide\/\" target=\"_self\"><img decoding=\"async\" src=\"http:\/\/nice-network.org\/wp-content\/uploads\/2015\/02\/Travel-Preparation-Petrol-Frances.gif\" alt=\"Pr\u00e9paration de votre voyage en Argentine et Am\u00e9rique du Sud\"\/><\/a><\/div><\/div><\/li><li class=\"fusion-carousel-item\"><div class=\"fusion-carousel-item-wrapper\"><div class=\"fusion-image-wrapper hover-type-none\"><a href=\"http:\/\/nice-network.org\/fr\/promotion\/\" target=\"_self\"><img decoding=\"async\" src=\"http:\/\/nice-network.org\/wp-content\/uploads\/2015\/02\/Promotion-Petrol-Frances.gif\" alt=\"Packages pour stages ou volontariats en Argentine\"\/><\/a><\/div><\/div><\/li><li class=\"fusion-carousel-item\"><div class=\"fusion-carousel-item-wrapper\"><div class=\"fusion-image-wrapper hover-type-none\"><a href=\"http:\/\/nice-network.org\/fr\/coursdespagnol-intensifplus\/\" target=\"_self\"><img decoding=\"async\" src=\"http:\/\/nice-network.org\/wp-content\/uploads\/2015\/02\/Intensiv-Course-Plus-Petrol-France.gif\" alt=\"Link\"\/><\/a><\/div><\/div><\/li><\/ul><div class=\"fusion-carousel-nav\"><span class=\"fusion-nav-prev\"><\/span><span class=\"fusion-nav-next\"><\/span><\/div><\/div><\/div><\/div><div class=\"fusion-clearfix\"><\/div><\/div><\/div><\/div><\/div><\/p>\n","protected":false},"excerpt":{"rendered":"","protected":false},"author":5,"featured_media":0,"parent":0,"menu_order":0,"comment_status":"open","ping_status":"open","template":"","meta":{"footnotes":""},"_links":{"self":[{"href":"https:\/\/nice-network.org\/fr\/wp-json\/wp\/v2\/pages\/3096"}],"collection":[{"href":"https:\/\/nice-network.org\/fr\/wp-json\/wp\/v2\/pages"}],"about":[{"href":"https:\/\/nice-network.org\/fr\/wp-json\/wp\/v2\/types\/page"}],"author":[{"embeddable":true,"href":"https:\/\/nice-network.org\/fr\/wp-json\/wp\/v2\/users\/5"}],"replies":[{"embeddable":true,"href":"https:\/\/nice-network.org\/fr\/wp-json\/wp\/v2\/comments?post=3096"}],"version-history":[{"count":2,"href":"https:\/\/nice-network.org\/fr\/wp-json\/wp\/v2\/pages\/3096\/revisions"}],"predecessor-version":[{"id":17870,"href":"https:\/\/nice-network.org\/fr\/wp-json\/wp\/v2\/pages\/3096\/revisions\/17870"}],"wp:attachment":[{"href":"https:\/\/nice-network.org\/fr\/wp-json\/wp\/v2\/media?parent=3096"}],"curies":[{"name":"wp","href":"https:\/\/api.w.org\/{rel}","templated":true}]}}