{"id":3152,"date":"2015-01-14T15:36:55","date_gmt":"2015-01-14T15:36:55","guid":{"rendered":"http:\/\/nice-network.org\/?page_id=3152"},"modified":"2020-01-15T09:42:07","modified_gmt":"2020-01-15T09:42:07","slug":"guide","status":"publish","type":"page","link":"https:\/\/nice-network.org\/fr\/guide\/","title":{"rendered":"Pr\u00e9paration du voyage"},"content":{"rendered":"<p><div class=\"fusion-fullwidth fullwidth-box fusion-builder-row-1 nonhundred-percent-fullwidth non-hundred-percent-height-scrolling\" style=\"background-color: no;background-position: left top;background-repeat: no-repeat;padding-top:0px;padding-right:0px;padding-bottom:50px;padding-left:0px;margin-bottom: 0px;margin-top: 0px;border-width: 0px 0px 0px 0px;border-color:#eae9e9;border-style:solid;\" ><div class=\"fusion-builder-row fusion-row\"><div class=\"fusion-layout-column fusion_builder_column fusion-builder-column-0 fusion_builder_column_1_1 1_1 fusion-one-full fusion-column-first fusion-column-last fusion-column-no-min-height\" style=\"margin-top:0px;margin-bottom:0px;\"><div class=\"fusion-column-wrapper fusion-flex-column-wrapper-legacy\" style=\"background-position:left top;background-repeat:no-repeat;-webkit-background-size:cover;-moz-background-size:cover;-o-background-size:cover;background-size:cover;padding: 0px 0px 0px 0px;\"><style type=\"text\/css\"><\/style><div class=\"fusion-title title fusion-title-1 fusion-sep-none fusion-title-text fusion-title-size-one\" style=\"margin-top:0px;margin-right:0px;margin-bottom:31px;margin-left:0px;\"><h1 class=\"title-heading-left\" style=\"margin:0;\">Votre pr\u00e9paration de voyage de NICE:<\/h1><\/div><div class=\"fusion-text fusion-text-1\"><p>Bien s\u00fbr, il y a beaucoup des choses auxquelles vous devez penser avant de commencer votre aventure de toute une vie: Avec notre &lt;&lt;pr\u00e9paration du voyage sans souci&gt;&gt; il n&rsquo;y aura pas de questions laiss\u00e9es! Nous vous fournissons des conseils personnalis\u00e9s et notre manuel d\u00e9taill\u00e9 vous donne des conseils sur des questions multiples de pr\u00e9paration de voyage fr\u00e9quemment pos\u00e9es.<br \/>\nCi-dessous vous trouverez des premiers r\u00e9sum\u00e9s sur des sujets typiques de notre manuel <a href=\"http:\/\/nice-network.org\/fr\/description\/\">NICE<\/a> Pr\u00e9paration de voyage:<\/p>\n<\/div><div class=\"fusion-clearfix\"><\/div><\/div><\/div><\/div><\/div><div class=\"fusion-fullwidth fullwidth-box fusion-builder-row-2 nonhundred-percent-fullwidth non-hundred-percent-height-scrolling\" style=\"background-color: no;background-position: left top;background-repeat: no-repeat;padding-top:0px;padding-right:0px;padding-bottom:50px;padding-left:0px;margin-bottom: 0px;margin-top: 0px;border-width: 0px 0px 0px 0px;border-color:#eae9e9;border-style:solid;\" ><div class=\"fusion-builder-row fusion-row\"><div class=\"fusion-layout-column fusion_builder_column fusion-builder-column-1 fusion_builder_column_3_4 3_4 fusion-three-fourth fusion-column-first\" style=\"width:74%; margin-right: 4%;margin-top:0px;margin-bottom:20px;\"><div class=\"fusion-column-wrapper fusion-flex-column-wrapper-legacy\" style=\"background-position:left top;background-repeat:no-repeat;-webkit-background-size:cover;-moz-background-size:cover;-o-background-size:cover;background-size:cover;padding: 0px 0px 0px 0px;\"><div class=\"fusion-tabs fusion-tabs-1 classic horizontal-tabs icon-position-left\"><style type=\"text\/css\">.fusion-tabs.fusion-tabs-1 .nav-tabs li a.tab-link{border-top-color:#ebeaea;background-color:#ebeaea;}.fusion-tabs.fusion-tabs-1 .nav-tabs{background-color:#ffffff;}.fusion-tabs.fusion-tabs-1 .nav-tabs li.active a.tab-link,.fusion-tabs.fusion-tabs-1 .nav-tabs li.active a.tab-link:hover,.fusion-tabs.fusion-tabs-1 .nav-tabs li.active a.tab-link:focus{border-right-color:#ffffff;}.fusion-tabs.fusion-tabs-1 .nav-tabs li.active a.tab-link,.fusion-tabs.fusion-tabs-1 .nav-tabs li.active a.tab-link:hover,.fusion-tabs.fusion-tabs-1 .nav-tabs li.active a.tab-link:focus{background-color:#ffffff;}.fusion-tabs.fusion-tabs-1 .nav-tabs li a:hover{background-color:#ffffff;border-top-color:#ffffff;}.fusion-tabs.fusion-tabs-1 .tab-pane{background-color:#ffffff;}.fusion-tabs.fusion-tabs-1 .nav,.fusion-tabs.fusion-tabs-1 .nav-tabs,.fusion-tabs.fusion-tabs-1 .tab-content .tab-pane{border-color:#ebeaea;}<\/style><div class=\"nav\"><ul class=\"nav-tabs nav-justified\" role=\"tablist\"><li class=\"active\"><a class=\"tab-link\" data-toggle=\"tab\" role=\"tab\" aria-controls=\"tab-57a4d42ade62e19eec1\" aria-selected=\"true\" id=\"fusion-tab-lesvols&amp;lesbus\" href=\"#tab-57a4d42ade62e19eec1\"><h4 class=\"fusion-tab-heading\">Les vols &amp; les bus <\/h4><\/a><\/li><li><a class=\"tab-link\" data-toggle=\"tab\" role=\"tab\" aria-controls=\"tab-c8da4cfd9fa5740e001\" aria-selected=\"false\" tabindex=\"-1\" id=\"fusion-tab-letransfert\" href=\"#tab-c8da4cfd9fa5740e001\"><h4 class=\"fusion-tab-heading\">Le transfert<\/h4><\/a><\/li><li><a class=\"tab-link\" data-toggle=\"tab\" role=\"tab\" aria-controls=\"tab-b300a332d754a3a78d7\" aria-selected=\"false\" tabindex=\"-1\" id=\"fusion-tab-lesbagages\" href=\"#tab-b300a332d754a3a78d7\"><h4 class=\"fusion-tab-heading\">Les bagages<\/h4><\/a><\/li><li><a class=\"tab-link\" data-toggle=\"tab\" role=\"tab\" aria-controls=\"tab-57e29fea3cd0f213e6a\" aria-selected=\"false\" tabindex=\"-1\" id=\"fusion-tab-visa&amp;vaccination\" href=\"#tab-57e29fea3cd0f213e6a\"><h4 class=\"fusion-tab-heading\"> Visa &amp; Vaccination<\/h4><\/a><\/li><li><a class=\"tab-link\" data-toggle=\"tab\" role=\"tab\" aria-controls=\"tab-c5377df77b1e7433ece\" aria-selected=\"false\" tabindex=\"-1\" id=\"fusion-tab-modesdepaiement\" href=\"#tab-c5377df77b1e7433ece\"><h4 class=\"fusion-tab-heading\">Modes de paiement<\/h4><\/a><\/li><li><a class=\"tab-link\" data-toggle=\"tab\" role=\"tab\" aria-controls=\"tab-420a301d34bf4219a0e\" aria-selected=\"false\" tabindex=\"-1\" id=\"fusion-tab-liens\" href=\"#tab-420a301d34bf4219a0e\"><h4 class=\"fusion-tab-heading\">Liens<\/h4><\/a><\/li><li><a class=\"tab-link\" data-toggle=\"tab\" role=\"tab\" aria-controls=\"tab-bd6425908595606de6b\" aria-selected=\"false\" tabindex=\"-1\" id=\"fusion-tab-litt\u00e9rature\" href=\"#tab-bd6425908595606de6b\"><h4 class=\"fusion-tab-heading\">Litt\u00e9rature<\/h4><\/a><\/li><\/ul><\/div><div class=\"tab-content\"><div class=\"nav fusion-mobile-tab-nav\"><ul class=\"nav-tabs nav-justified\"><li class=\"active\"><a class=\"tab-link\" data-toggle=\"tab\" role=\"tab\" aria-controls=\"tab-57a4d42ade62e19eec1\" aria-selected=\"true\" id=\"mobile-fusion-tab-lesvols&amp;lesbus\" href=\"#tab-57a4d42ade62e19eec1\"><h4 class=\"fusion-tab-heading\">Les vols &amp; les bus <\/h4><\/a><\/li><\/ul><\/div><div class=\"tab-pane fade fusion-clearfix in active\" role=\"tabpanel\" tabindex=\"0\" aria-labelledby=\"fusion-tab-lesvols&amp;lesbus\" id=\"tab-57a4d42ade62e19eec1\">\n<p>En ce qui concerne le vol, vous pouvez supposer qu&rsquo;il vous co\u00fbtera entre 800 et 1200 Euros. Nous vous recommandons de r\u00e9server votre vol au moins deux mois \u00e0 l&rsquo;avance et de v\u00e9rifier r\u00e9guli\u00e8rement les offres sp\u00e9ciales. S&rsquo;il vous pla\u00eet, assurez-vous de r\u00e9server un vol complet au lieu de combiner les vols vous-m\u00eame.\u00a0Ainsi, vous et vos bagages seront de enregistr\u00e9s de bout en bout jusqu&rsquo;\u00e0 la destination finale &#8211; et si vous manquez votre correspondance \u00e0 cause d&rsquo;un retard de votre compagnie a\u00e9rienne ils vous garantissent un si\u00e8ge libre sur l&rsquo;un des vols suivants.<\/p>\n<p>Si vous voulez prendre un bus de Buenos Aires \u00e0 la ville de votre destination finale, vous pouvez v\u00e9rifier toutes les connexions sur <a href=\"http:\/\/www.plataforma10.com.ar\" target=\"_blank\" rel=\"noopener noreferrer\">Plataforma 10<\/a> ou acheter le billet directement \u00e0 Retiro (le terminal de bus central).<\/p>\n<p>Pour aller de l&rsquo;a\u00e9roport \u00e0 la gare routi\u00e8re, nous vous recommandons la navette \u00ab\u00a0Manuel Tienda Le\u00f3n\u00a0\u00bb, qui offre un service en toute s\u00e9curit\u00e9 et en anglais.<\/p>\n<\/div><div class=\"nav fusion-mobile-tab-nav\"><ul class=\"nav-tabs nav-justified\"><li><a class=\"tab-link\" data-toggle=\"tab\" role=\"tab\" aria-controls=\"tab-c8da4cfd9fa5740e001\" aria-selected=\"false\" tabindex=\"-1\" id=\"mobile-fusion-tab-letransfert\" href=\"#tab-c8da4cfd9fa5740e001\"><h4 class=\"fusion-tab-heading\">Le transfert<\/h4><\/a><\/li><\/ul><\/div><div class=\"tab-pane fade fusion-clearfix\" role=\"tabpanel\" tabindex=\"0\" aria-labelledby=\"fusion-tab-letransfert\" id=\"tab-c8da4cfd9fa5740e001\">\n<p>Si vous planifiez de voler de Buenos Aires \u00e0 une autre ville, vous aurez probablement besoin de changer l&rsquo;a\u00e9roport : de l\u2019a\u00e9roport international d&rsquo;Ezeiza \u00e0 l&rsquo;a\u00e9roport national Aeroparque Jorge Newbery. La navette de bus de Tienda Le\u00f3n fournit un service de transfert confortable et s\u00fbr &#8211; et ses employ\u00e9s parlent anglais!<br \/>\nLe voyage de Ezeiza \u00e0 Aeroparque prend environ 1: 10hs est les navettes d\u00e9partent toutes les 30 minutes. Le billet peut \u00eatre achet\u00e9 directement dans la zone d&rsquo;arriv\u00e9es de l&rsquo;a\u00e9roport.<br \/>\nL\u2019entreprise propose \u00e9galement un transfert vers diff\u00e9rentes destinations, par exemple pour votre h\u00e9bergement \u00e0 Buenos Aires. Plus d&rsquo;infos: <a href=\"http:\/\/www.tiendaleon.com.ar\">TiendaLe\u00f3n<\/a><\/p>\n<\/div><div class=\"nav fusion-mobile-tab-nav\"><ul class=\"nav-tabs nav-justified\"><li><a class=\"tab-link\" data-toggle=\"tab\" role=\"tab\" aria-controls=\"tab-b300a332d754a3a78d7\" aria-selected=\"false\" tabindex=\"-1\" id=\"mobile-fusion-tab-lesbagages\" href=\"#tab-b300a332d754a3a78d7\"><h4 class=\"fusion-tab-heading\">Les bagages<\/h4><\/a><\/li><\/ul><\/div><div class=\"tab-pane fade fusion-clearfix\" role=\"tabpanel\" tabindex=\"0\" aria-labelledby=\"fusion-tab-lesbagages\" id=\"tab-b300a332d754a3a78d7\">\n<p>La plupart des compagnies a\u00e9riennes permettent une valise jusqu\u2019\u00e0 23 kg pour un vol qui va en Argentine. Mais pour \u00eatre s\u00fbr, demandez directement aupr\u00e8s de votre agence de voyage ou de votre compagnie a\u00e9rienne.<\/p>\n<p>Le bagage \u00e0 main peut, suivant les compagnies, avoir un poids de 8 \u00e0 10 kg. S\u2019il vous pla\u00eet, veillez que les bagages \u00e0 main doivent avoir la bonne taille pour tenir dans les compartiments \u00e0 bagages de l\u2019avion ou sous les si\u00e8ges. Les exigences pr\u00e9cises peuvent \u00eatre confirm\u00e9es avec votre compagnie a\u00e9rienne.<\/p>\n<\/div><div class=\"nav fusion-mobile-tab-nav\"><ul class=\"nav-tabs nav-justified\"><li><a class=\"tab-link\" data-toggle=\"tab\" role=\"tab\" aria-controls=\"tab-57e29fea3cd0f213e6a\" aria-selected=\"false\" tabindex=\"-1\" id=\"mobile-fusion-tab-visa&amp;vaccination\" href=\"#tab-57e29fea3cd0f213e6a\"><h4 class=\"fusion-tab-heading\"> Visa &amp; Vaccination<\/h4><\/a><\/li><\/ul><\/div><div class=\"tab-pane fade fusion-clearfix\" role=\"tabpanel\" tabindex=\"0\" aria-labelledby=\"fusion-tab-visa&amp;vaccination\" id=\"tab-57e29fea3cd0f213e6a\">\n<p><strong>Visa<\/strong><\/p>\n<p>La plupart des touristes europ\u00e9ens (\u00e0 l&rsquo;exception de certains pays d&rsquo;Europe de l&rsquo;Est) et les touristes canadiens re\u00e7oivent automatiquement un permis de s\u00e9jour de 90 jours lors de l&rsquo;entr\u00e9e en Argentine. Ce permis peut \u00eatre prolong\u00e9 de 90 jours par un voyage dans l&rsquo;un des pays voisins et la rentr\u00e9e en Argentine. Alternativement, ou bien lors d&rsquo;une seconde expiration du visa, celui-ci peut \u00eatre prolong\u00e9 au <a href=\"http:\/\/www.migraciones.gov.ar\/conare\/?contacto\">service\u00a0des \u00e9trangers<\/a> argentin.<\/p>\n<p>Si vous \u00eates \u00e2g\u00e9s entre 18 et 30 ans, vous pouvez demander un visa correspondant au programme \u00ab Vacances et travail \u00bb. Cela est valable pour 12 mois et vous permet m\u00eame de travailler jusqu\u2019\u00e0 6 mois en Argentine.<\/p>\n<p><strong>Vaccinations<\/strong><\/p>\n<p>Il n&rsquo;y a aucune vaccination obligatoire n\u00e9cessaire pour \u00eatre autoris\u00e9 \u00e0 entrer en Argentine. Dans tous les cas, le voyage devrait \u00eatre l\u2019occasion pour v\u00e9rifier votre carte de vaccination \u00e0 l&rsquo;\u00e9gard des maladies suivantes: dipht\u00e9rie, le t\u00e9tanos, la poliomy\u00e9lite, l&rsquo;h\u00e9patite A. S&rsquo;il vous pla\u00eet, n&rsquo;oubliez pas que g\u00e9n\u00e9ralement une vaccination de rappel est indiqu\u00e9e tous les dix ans.<\/p>\n<\/div><div class=\"nav fusion-mobile-tab-nav\"><ul class=\"nav-tabs nav-justified\"><li><a class=\"tab-link\" data-toggle=\"tab\" role=\"tab\" aria-controls=\"tab-c5377df77b1e7433ece\" aria-selected=\"false\" tabindex=\"-1\" id=\"mobile-fusion-tab-modesdepaiement\" href=\"#tab-c5377df77b1e7433ece\"><h4 class=\"fusion-tab-heading\">Modes de paiement<\/h4><\/a><\/li><\/ul><\/div><div class=\"tab-pane fade fusion-clearfix\" role=\"tabpanel\" tabindex=\"0\" aria-labelledby=\"fusion-tab-modesdepaiement\" id=\"tab-c5377df77b1e7433ece\">\n<p><strong>Distributeur de billets:<\/strong> Vous pouvez utiliser votre carte de d\u00e9bit ou de cr\u00e9dit \u00e0 retirer l&rsquo;argent de n&rsquo;importe quel guichet automatique argentin qui a le logo MasterCard \/ Visa sur lui. La transaction est toujours faite dans ARS (pesos argentins), il n&rsquo;est pas possible de retirer une monnaie diff\u00e9rente.<\/p>\n<p><strong>En liquide:<\/strong> Vous pouvez \u00e9changer des USD et Euros ainsi que les Ch\u00e8ques de voyage dans les a\u00e9roports, les banques et bureaux de change. Ils sont ouverts du lundi au vendredi 8 heures et demie-13h30. Pour v\u00e9rifier le taux de change du jour, vous pouvez visiter: <a href=\"http:\/\/www.oanda.com\" target=\"_blank\" rel=\"noopener noreferrer\">Oanda<\/a>.<\/p>\n<p><strong>Cartes de cr\u00e9dit:<\/strong> En particulier les centres commerciaux, les cha\u00eenes de supermarch\u00e9s et, jusqu&rsquo;\u00e0 la gastronomie de march\u00e9 permettent les paiements par carte de cr\u00e9dit. La plupart des magasins pr\u00e9f\u00e8rent toutefois esp\u00e8ces ou par carte de d\u00e9bit paiement.<\/p>\n<p><strong>Transfert de fonds:\u00a0<\/strong>Un \u00e9tablissement de transfert de fonds rentable est Azimo (www.azimo.com\/de\/). Ici, il est possible de retirer aussi des montants plus \u00e9lev\u00e9s. De plus, les frais sont faibles, car vous envoyez l\u2019argent par le service en ligne \u00e0 une filiale argentine afin de l\u2019aller chercher l\u00e0-bas. Pour plus d\u2019informations \u00e0 ce sujet, vous pouvez consulter le site Internet correspondant.<\/p>\n<\/div><div class=\"nav fusion-mobile-tab-nav\"><ul class=\"nav-tabs nav-justified\"><li><a class=\"tab-link\" data-toggle=\"tab\" role=\"tab\" aria-controls=\"tab-420a301d34bf4219a0e\" aria-selected=\"false\" tabindex=\"-1\" id=\"mobile-fusion-tab-liens\" href=\"#tab-420a301d34bf4219a0e\"><h4 class=\"fusion-tab-heading\">Liens<\/h4><\/a><\/li><\/ul><\/div><div class=\"tab-pane fade fusion-clearfix\" role=\"tabpanel\" tabindex=\"0\" aria-labelledby=\"fusion-tab-liens\" id=\"tab-420a301d34bf4219a0e\"><strong>Sur l\u2019Argentine<\/strong>: <a href=\"http:\/\/www.roughguides.com\/destinations\/south-america\/argentina\/\" target=\"_blank\" rel=\"noopener noreferrer\">Rough Guides<\/a> , <a href=\"http:\/\/www.gringoinbuenosaires.com\/places-visit-argentina\/\" target=\"_blank\" rel=\"noopener noreferrer\">A Gringo In Buenos Aires<\/a>, <a href=\"http:\/\/www.worldtravelguide.net\/argentina\" target=\"_blank\" rel=\"noopener noreferrer\">World Travel Guide<\/a><\/p>\n<p><strong>Journal argentin (en anglais)<\/strong>: <a href=\"http:\/\/www.buenosairesherald.com\/\" target=\"_blank\" rel=\"noopener noreferrer\">Buenos Aires Herald<\/a><\/p>\n<p><strong>Co\u00fbt de la vie &#8211; Comparez l&rsquo;Argentine avec votre ville:<\/strong> <a href=\"http:\/\/www.numbeo.com\/cost-of-living\" target=\"_blank\" rel=\"noopener noreferrer\">Numbeo<\/a><\/p>\n<p><strong>Le climat actuel en Argentine<\/strong>: <a href=\"http:\/\/www.meteored.com.ar\" target=\"_blank\" rel=\"noopener noreferrer\">meteored.com.ar<\/a><\/p>\n<p><strong>Convertisseur de devises<\/strong>: <a href=\"http:\/\/www.oanda.com\" target=\"_blank\" rel=\"noopener noreferrer\">Oanda<\/a><\/p>\n<p><strong>Les vols<\/strong>: <a href=\"http:\/\/www.statravel.fr\/\" target=\"_blank\" rel=\"noopener noreferrer\">STA Travel<\/a>, <a href=\"http:\/\/www.kayak.fr\/flights\" target=\"_blank\" rel=\"noopener noreferrer\">Kayak<\/a>, <a href=\"http:\/\/www.skyscanner.fr\/?market=FR&amp;langid=FR&amp;adults=1&amp;children=0&amp;infants=0&amp;_ga=1.1101234.2085776554.1419249521\" target=\"_blank\" rel=\"noopener noreferrer\">skyscanner<\/a><\/p>\n<p><strong>R\u00e9server des vols int\u00e9rieurs:<\/strong> <a href=\"http:\/\/www.aerolineas.com.ar\/fr-fr\/reservasservicios\/vuelos\" target=\"_blank\" rel=\"noopener noreferrer\">Aerolineas Argentinas<\/a><\/p>\n<p><strong>Carte internationale d&rsquo;\u00e9tudiant<\/strong>: <a href=\"http:\/\/www.isic.fr\/\" target=\"_blank\" rel=\"noopener noreferrer\">isic<\/a><\/p>\n<p><strong>Agence d&rsquo;Etat:<\/strong>\u00a0<a href=\"http:\/\/www.embafrancia-argentina.org\/-Version-Francaise-\" target=\"_blank\" rel=\"noopener noreferrer\">ambassade francaise<\/a><\/div><div class=\"nav fusion-mobile-tab-nav\"><ul class=\"nav-tabs nav-justified\"><li><a class=\"tab-link\" data-toggle=\"tab\" role=\"tab\" aria-controls=\"tab-bd6425908595606de6b\" aria-selected=\"false\" tabindex=\"-1\" id=\"mobile-fusion-tab-litt\u00e9rature\" href=\"#tab-bd6425908595606de6b\"><h4 class=\"fusion-tab-heading\">Litt\u00e9rature<\/h4><\/a><\/li><\/ul><\/div><div class=\"tab-pane fade fusion-clearfix\" role=\"tabpanel\" tabindex=\"0\" aria-labelledby=\"fusion-tab-litt\u00e9rature\" id=\"tab-bd6425908595606de6b\">\n<p><strong>Les guides de voyage<\/strong>:<\/p>\n<ul>\n<li>La petit fut\u00e9 argentine 2014 <a href=\"https:\/\/www.amazon.fr\/Petit-Fut%C3%A9-Argentine\/dp\/2746972905\" target=\"_blank\" rel=\"noopener noreferrer\">(Plus d\u2019infos)<\/a><\/li>\n<li>Guide du Routard Argentine 2015 <a href=\"http:\/\/www.amazon.fr\/Guide-du-Routard-Argentine-2015\/dp\/2010018168\/ref=sr_1_1?ie=UTF8&amp;qid=1430411112&amp;sr=8-1&amp;keywords=Guide+du+Routard+Argentine+2015\" target=\"_blank\" rel=\"noopener noreferrer\">(Plus d\u2019infos)<\/a><\/li>\n<\/ul>\n<p><strong>La culture<\/strong>: Le Guide Vert Argentine Michelin <a href=\"http:\/\/www.amazon.fr\/Guide-Vert-Argentine-Michelin\/dp\/2067179071\/ref=sr_1_1?ie=UTF8&amp;qid=1430411206&amp;sr=8-1&amp;keywords=Le+Guide+Vert+Argentine+Michelin\" target=\"_blank\" rel=\"noopener noreferrer\">(Plus d\u2019infos)<\/a><\/p>\n<p><strong>La language<\/strong>: Guide de conversation espagnol d&rsquo;Argentine(Espagnol) <a href=\"http:\/\/www.amazon.fr\/Guide-conversation-espagnol-dArgentine-ONiel-V\/dp\/2700504720\/ref=sr_1_1?ie=UTF8&amp;qid=1430411252&amp;sr=8-1&amp;keywords=Guide+de+conver\" target=\"_blank\" rel=\"noopener noreferrer\">(Plus d\u2019infos)<\/a><\/p>\n<p><strong>Les repas<\/strong>: Empanadas Argentinas, un festin argentin <a href=\"http:\/\/www.amazon.fr\/EMPANADAS-ARGENTINAS-Gaston-Stivelmaher\/dp\/2501081986\/ref=sr_1_1?ie=UTF8&amp;qid=1430411339&amp;sr=8-1&amp;keywords=Empanadas+Argentinas%2C+un+festin+argentin.\" target=\"_blank\" rel=\"noopener noreferrer\">(Plus d\u2019infos)<\/a><\/p>\n<\/div><\/div><\/div><div class=\"fusion-clearfix\"><\/div><\/div><\/div><div class=\"fusion-layout-column fusion_builder_column fusion-builder-column-2 fusion_builder_column_1_4 1_4 fusion-one-fourth fusion-column-last\" style=\"width:22%;margin-top:0px;margin-bottom:20px;\"><div class=\"fusion-column-wrapper fusion-flex-column-wrapper-legacy\" style=\"background-position:left top;background-repeat:no-repeat;-webkit-background-size:cover;-moz-background-size:cover;-o-background-size:cover;background-size:cover;padding: 0px 0px 0px 0px;\"><div class=\"fusion-text fusion-text-2\"><p><a href=\"http:\/\/nice-network.org\/fr\/pourquoi\/\" target=\"_blank\" rel=\"noopener noreferrer\"><img decoding=\"async\" class=\"aligncenter size-full wp-image-4077\" src=\"http:\/\/nice-network.org\/wp-content\/uploads\/2015\/01\/Why-Nice-uni.png\" alt=\"Why-Nice-uni\" width=\"347\" height=\"380\" srcset=\"https:\/\/nice-network.org\/wp-content\/uploads\/2015\/01\/Why-Nice-uni-274x300.png 274w, https:\/\/nice-network.org\/wp-content\/uploads\/2015\/01\/Why-Nice-uni.png 347w\" sizes=\"(max-width: 347px) 100vw, 347px\" \/><\/a><\/p>\n<\/div><div class=\"fusion-clearfix\"><\/div><\/div><\/div><\/div><\/div><\/p>\n","protected":false},"excerpt":{"rendered":"","protected":false},"author":5,"featured_media":0,"parent":0,"menu_order":0,"comment_status":"open","ping_status":"open","template":"","meta":{"footnotes":""},"_links":{"self":[{"href":"https:\/\/nice-network.org\/fr\/wp-json\/wp\/v2\/pages\/3152"}],"collection":[{"href":"https:\/\/nice-network.org\/fr\/wp-json\/wp\/v2\/pages"}],"about":[{"href":"https:\/\/nice-network.org\/fr\/wp-json\/wp\/v2\/types\/page"}],"author":[{"embeddable":true,"href":"https:\/\/nice-network.org\/fr\/wp-json\/wp\/v2\/users\/5"}],"replies":[{"embeddable":true,"href":"https:\/\/nice-network.org\/fr\/wp-json\/wp\/v2\/comments?post=3152"}],"version-history":[{"count":24,"href":"https:\/\/nice-network.org\/fr\/wp-json\/wp\/v2\/pages\/3152\/revisions"}],"predecessor-version":[{"id":20307,"href":"https:\/\/nice-network.org\/fr\/wp-json\/wp\/v2\/pages\/3152\/revisions\/20307"}],"wp:attachment":[{"href":"https:\/\/nice-network.org\/fr\/wp-json\/wp\/v2\/media?parent=3152"}],"curies":[{"name":"wp","href":"https:\/\/api.w.org\/{rel}","templated":true}]}}