{"id":3185,"date":"2015-01-14T15:45:24","date_gmt":"2015-01-14T15:45:24","guid":{"rendered":"http:\/\/nice-network.org\/?page_id=3185"},"modified":"2017-11-28T15:21:25","modified_gmt":"2017-11-28T15:21:25","slug":"promotion","status":"publish","type":"page","link":"https:\/\/nice-network.org\/fr\/promotion\/","title":{"rendered":"Promotion"},"content":{"rendered":"<p><div class=\"fusion-fullwidth fullwidth-box fusion-builder-row-1 nonhundred-percent-fullwidth non-hundred-percent-height-scrolling\" style=\"background-color: no;background-position: left top;background-repeat: no-repeat;padding-top:20px;padding-right:20px;padding-bottom:20px;padding-left:20px;margin-bottom: 0px;margin-top: 0px;border-width: 0px 0px 0px 0px;border-color:#eae9e9;border-style:solid;\" ><div class=\"fusion-builder-row fusion-row\"><div class=\"fusion-layout-column fusion_builder_column fusion-builder-column-0 fusion_builder_column_2_3 2_3 fusion-two-third fusion-column-first\" style=\"width:65.3333%; margin-right: 4%;margin-top:0px;margin-bottom:20px;\"><div class=\"fusion-column-wrapper fusion-flex-column-wrapper-legacy\" style=\"background-position:left top;background-repeat:no-repeat;-webkit-background-size:cover;-moz-background-size:cover;-o-background-size:cover;background-size:cover;padding: 0px 0px 0px 0px;\"><style type=\"text\/css\"><\/style><div class=\"fusion-title title fusion-title-1 fusion-sep-none fusion-title-text fusion-title-size-one\" style=\"margin-top:0px;margin-right:0px;margin-bottom:31px;margin-left:0px;\"><h1 class=\"title-heading-left\" style=\"margin:0;\">\u00c9conomiser intelligemment avec nos offres et paquets de service complet<\/h1><\/div><div class=\"fusion-text fusion-text-1\"><p>Nos offres sont faites pour vous si vous ne cherchez qu\u2019un stage ou volontariat mais aussi un cours de langue et un h\u00e9bergement.<br \/>\nUne fois vous avez trouv\u00e9 parmi nos offres celle qui vous int\u00e9resse,indiquez-la dans le formulaire d\u2019inscription sous \u00ab divers \u00bb et nous vous accordons les tarifs sp\u00e9ciaux.<br \/>\nNous proposons nos offres promotionnelles surtout \u00e0 <a href=\"https:\/\/fr.wikipedia.org\/wiki\/Buenos_Aires\">Buenos Aires<\/a> et <a href=\"https:\/\/fr.wikipedia.org\/wiki\/C%C3%B3rdoba_(Argentine)\">C\u00f3rdoba<\/a>.<\/p>\n<\/div><div class=\"fusion-clearfix\"><\/div><\/div><\/div><div class=\"fusion-layout-column fusion_builder_column fusion-builder-column-1 fusion_builder_column_1_3 1_3 fusion-one-third fusion-column-last\" style=\"width:30.6666%;margin-top:0px;margin-bottom:20px;\"><div class=\"fusion-column-wrapper fusion-flex-column-wrapper-legacy\" style=\"background-position:left top;background-repeat:no-repeat;-webkit-background-size:cover;-moz-background-size:cover;-o-background-size:cover;background-size:cover;padding: 0px 0px 0px 0px;\"><div class=\"imageframe-liftup fusion-imageframe-liftup-right\"><span class=\" fusion-imageframe imageframe-none imageframe-1\"><a class=\"fusion-no-lightbox\" href=\"http:\/\/nice-network.org\/fr\/rapports\/\" target=\"_self\" aria-label=\"Category-fit-Aino-FR\"><img decoding=\"async\" width=\"242\" height=\"257\" alt=\"Offres Rapports d&#039;Exp\u00e9riences\" src=\"http:\/\/nice-network.org\/wp-content\/uploads\/2015\/01\/Category-fit-Aino-FR.png\" class=\"img-responsive wp-image-15196\"\/><\/a><\/span><\/div><div class=\"fusion-clearfix\"><\/div><\/div><\/div><\/div><\/div><div class=\"fusion-fullwidth fullwidth-box fusion-builder-row-2 fusion-parallax-fixed nonhundred-percent-fullwidth non-hundred-percent-height-scrolling\" style=\"background-color: no;background-image: url(&quot;http:\/\/nice-network.org\/wp-content\/uploads\/2015\/01\/buenos-aires.jpg&quot;);background-position: left top;background-repeat: no-repeat;padding-top:40px;padding-right:0px;padding-bottom:40px;padding-left:0px;margin-bottom: 50px;margin-top: 0px;border-width: 0px 0px 0px 0px;border-color:#eae9e9;border-style:solid;-webkit-background-size:cover;-moz-background-size:cover;-o-background-size:cover;background-size:cover;background-attachment:fixed;\" ><div class=\"fusion-builder-row fusion-row\"><div class=\"fusion-layout-column fusion_builder_column fusion-builder-column-2 fusion_builder_column_1_1 1_1 fusion-one-full fusion-column-first fusion-column-last fusion-column-no-min-height\" style=\"margin-top:0px;margin-bottom:0px;\"><div class=\"fusion-column-wrapper fusion-flex-column-wrapper-legacy\" style=\"background-position:left top;background-repeat:no-repeat;-webkit-background-size:cover;-moz-background-size:cover;-o-background-size:cover;background-size:cover;padding: 0px 0px 0px 0px;\"><div class=\"fusion-flip-boxes flip-boxes row fusion-columns-2 flip-effect-classic\"><div class=\"fusion-flip-box-wrapper fusion-column col-lg-6 col-md-6 col-sm-6\"><div class=\"fusion-flip-box flip-right\" tabindex=\"0\"><div class=\"flip-box-inner-wrapper\"><div class=\"flip-box-front\" style=\"background-color:rgba(255,255,255,0.8);border-color:#00ba7f;border-radius:0px;border-style:solid;border-width:2px;color:#286270;transition-duration:0.4s;\"><div class=\"flip-box-front-inner\"><div class=\"flip-box-grafix flip-box-image\"><img decoding=\"async\" src=\"http:\/\/nice-network.org\/wp-content\/uploads\/2015\/01\/sozial.png\" width=\"150\" height=\"150\" alt=\"\" \/><\/div><h2 class=\"flip-box-heading\" style=\"color:#286270;\">Offre 1: Engagement social<\/h2>6 Semaines \u00e0 C\u00f3rdoba <\/div><\/div><div class=\"flip-box-back\" style=\"background-color:#00ba7f;border-color:#00ba7f;border-radius:0px;border-style:solid;border-width:2px;color:#ffffff;transition-duration:0.4s;\"><div class=\"flip-box-back-inner\">\n<p style=\"text-align: center;\"><strong><a href=\"http:\/\/nice-network.org\/wp-content\/uploads\/2015\/01\/soziele-arbeit-2.jpg\"><img decoding=\"async\" class=\"alignright wp-image-11516 size-full\" title=\"Soziales\" src=\"http:\/\/nice-network.org\/wp-content\/uploads\/2015\/01\/soziele-arbeit-2.jpg\" alt=\"Angebote: Soziales\" width=\"232\" height=\"332\" srcset=\"https:\/\/nice-network.org\/wp-content\/uploads\/2015\/01\/soziele-arbeit-2-200x286.jpg 200w, https:\/\/nice-network.org\/wp-content\/uploads\/2015\/01\/soziele-arbeit-2-210x300.jpg 210w, https:\/\/nice-network.org\/wp-content\/uploads\/2015\/01\/soziele-arbeit-2.jpg 232w\" sizes=\"(max-width: 232px) 100vw, 232px\" \/><\/a>Cours de langue et Volontariat social\u00a0<\/strong><br \/>\n<strong>\u00e0 C\u00f3rdoba<\/strong><br \/>\n1 Semaine Cours de langue*<br \/>\n+ 5 Semaines volontariat<br \/>\n+ 6 Semaines h\u00e9bergement<br \/>\n<strong>= 1090\u00a0\u20ac<\/strong><br \/>\n* Des connaissances d&rsquo;espagnol requises<br \/>\n<span style=\"color: #ffffff;\"><br \/>\n<\/span><\/p>\n<\/div><\/div><\/div><\/div><\/div><div class=\"fusion-flip-box-wrapper fusion-column col-lg-6 col-md-6 col-sm-6\"><div class=\"fusion-flip-box flip-right\" tabindex=\"0\"><div class=\"flip-box-inner-wrapper\"><div class=\"flip-box-front\" style=\"background-color:rgba(255,255,255,0.8);border-color:#f44336;border-radius:0px;border-style:solid;border-width:2px;color:#286270;transition-duration:0.4s;\"><div class=\"flip-box-front-inner\"><div class=\"flip-box-grafix flip-box-image\"><img decoding=\"async\" src=\"http:\/\/nice-network.org\/wp-content\/uploads\/2015\/01\/marketing.png\" width=\"150\" height=\"150\" alt=\"\" \/><\/div><h2 class=\"flip-box-heading\" style=\"color:#286270;\">Offre 2: Stage Marketing <\/h2>6 Semaines \u00e0 Buenos Aires<\/div><\/div><div class=\"flip-box-back\" style=\"background-color:#f44336;border-color:#f44336;border-radius:0px;border-style:solid;border-width:2px;color:#ffffff;transition-duration:0.4s;\"><div class=\"flip-box-back-inner\">\n<p><strong><a href=\"http:\/\/nice-network.org\/wp-content\/uploads\/2015\/01\/Marketing.jpg\"><img decoding=\"async\" class=\"alignright wp-image-11521 size-full\" title=\"Marketing\" src=\"http:\/\/nice-network.org\/wp-content\/uploads\/2015\/01\/Marketing.jpg\" alt=\"Angebote Marketing\" width=\"232\" height=\"332\" srcset=\"https:\/\/nice-network.org\/wp-content\/uploads\/2015\/01\/Marketing-200x286.jpg 200w, https:\/\/nice-network.org\/wp-content\/uploads\/2015\/01\/Marketing-210x300.jpg 210w, https:\/\/nice-network.org\/wp-content\/uploads\/2015\/01\/Marketing.jpg 232w\" sizes=\"(max-width: 232px) 100vw, 232px\" \/><\/a>Cours de langue et Marketing <\/strong><br \/>\n<strong>\u00e0 Buenos Aires<\/strong><br \/>\n1 semaine cours de langue Semi Intensive*<br \/>\n+ 6 semaines stage<br \/>\n+ 6 semaines h\u00e9bergement<br \/>\n<strong>= 1510\u00a0\u20ac<\/strong><br \/>\n*\u00a0Des connaissances d&rsquo;espagnol requises<\/p>\n<\/div><\/div><\/div><\/div><\/div><\/div><div class=\"clearfix\"><\/div><div class=\"fusion-flip-boxes flip-boxes row fusion-columns-2 flip-effect-classic\"><div class=\"fusion-flip-box-wrapper fusion-column col-lg-6 col-md-6 col-sm-6\"><div class=\"fusion-flip-box flip-right\" tabindex=\"0\"><div class=\"flip-box-inner-wrapper\"><div class=\"flip-box-front\" style=\"background-color:rgba(255,255,255,0.8);border-color:#016eb7;border-radius:0px;border-style:solid;border-width:2px;color:#286270;transition-duration:0.4s;\"><div class=\"flip-box-front-inner\"><div class=\"flip-box-grafix flip-box-image\"><img decoding=\"async\" src=\"http:\/\/nice-network.org\/wp-content\/uploads\/2015\/01\/soziale-arbeit.png\" width=\"150\" height=\"150\" alt=\"\" \/><\/div><h2 class=\"flip-box-heading\" style=\"color:#286270;\">Offre 3: Stage \u201cTravail Social\u201d <\/h2>12 semaines \u00e0 C\u00f3rdoba<\/div><\/div><div class=\"flip-box-back\" style=\"background-color:#016eb7;border-color:#016eb7;border-radius:0px;border-style:solid;border-width:2px;color:#ffffff;transition-duration:0.4s;\"><div class=\"flip-box-back-inner\">\n<p><strong><a href=\"http:\/\/nice-network.org\/wp-content\/uploads\/2015\/01\/soziele-arbeit.jpg\"><img decoding=\"async\" class=\"alignright wp-image-11523 size-full\" title=\"Soziale Arbeit\" src=\"http:\/\/nice-network.org\/wp-content\/uploads\/2015\/01\/soziele-arbeit.jpg\" alt=\"Angebote: Soziale Arbeit\" width=\"232\" height=\"332\" srcset=\"https:\/\/nice-network.org\/wp-content\/uploads\/2015\/01\/soziele-arbeit-200x286.jpg 200w, https:\/\/nice-network.org\/wp-content\/uploads\/2015\/01\/soziele-arbeit-210x300.jpg 210w, https:\/\/nice-network.org\/wp-content\/uploads\/2015\/01\/soziele-arbeit.jpg 232w\" sizes=\"(max-width: 232px) 100vw, 232px\" \/><\/a>Cours de langue et stage<\/strong><br \/>\n<strong> \u201cTravail Social\u201d<\/strong><br \/>\n<strong>\u00e0 C\u00f3rdoba<\/strong><br \/>\n4 semaines cours de langue<br \/>\n+ 8 semaines stage<br \/>\n+ 12 semaines h\u00e9bergement<br \/>\n<strong>= 1790 \u20ac<\/strong><\/p>\n<\/div><\/div><\/div><\/div><\/div><div class=\"fusion-flip-box-wrapper fusion-column col-lg-6 col-md-6 col-sm-6\"><div class=\"fusion-flip-box flip-right\" tabindex=\"0\"><div class=\"flip-box-inner-wrapper\"><div class=\"flip-box-front\" style=\"background-color:rgba(255,255,255,0.8);border-color:#00e0e0;border-radius:0px;border-style:solid;border-width:2px;color:#286270;transition-duration:0.4s;\"><div class=\"flip-box-front-inner\"><div class=\"flip-box-grafix flip-box-image\"><img decoding=\"async\" src=\"http:\/\/nice-network.org\/wp-content\/uploads\/2015\/01\/bwl.png\" width=\"150\" height=\"150\" alt=\"\" \/><\/div><h2 class=\"flip-box-heading\" style=\"color:#286270;\">Offre 4: Stage Administration des Affaires International<\/h2>14 Semaines \u00e0 C\u00f3rdoba<\/div><\/div><div class=\"flip-box-back\" style=\"background-color:#00e0e0;border-color:#00e0e0;border-radius:0px;border-style:solid;border-width:2px;color:#ffffff;transition-duration:0.4s;\"><div class=\"flip-box-back-inner\">\n<p><strong><a href=\"http:\/\/nice-network.org\/wp-content\/uploads\/2015\/01\/BWL.jpg\"><img decoding=\"async\" class=\"alignright wp-image-11525 size-full\" title=\"BWL\" src=\"http:\/\/nice-network.org\/wp-content\/uploads\/2015\/01\/BWL.jpg\" alt=\"Angebote: BWL\" width=\"232\" height=\"332\" srcset=\"https:\/\/nice-network.org\/wp-content\/uploads\/2015\/01\/BWL-200x286.jpg 200w, https:\/\/nice-network.org\/wp-content\/uploads\/2015\/01\/BWL-210x300.jpg 210w, https:\/\/nice-network.org\/wp-content\/uploads\/2015\/01\/BWL.jpg 232w\" sizes=\"(max-width: 232px) 100vw, 232px\" \/><\/a>Cours de langue et stage<br \/>\n<\/strong><strong>Administration des Affaires<\/strong><br \/>\n<strong>\u00e0 C\u00f3rdoba<\/strong><br \/>\n4 semaines cours de langue<br \/>\n+ 10 semaines stage<br \/>\n+ 14 semaines h\u00e9bergement<br \/>\n<strong>= 2440 \u20ac<\/strong><\/p>\n<\/div><\/div><\/div><\/div><\/div><\/div><div class=\"clearfix\"><\/div><style type='text\/css'>.reading-box-container-1 .element-bottomshadow:before,.reading-box-container-1 .element-bottomshadow:after{opacity:0.7;}<\/style><div class=\"fusion-reading-box-container reading-box-container-1\" style=\"margin-top:0px;margin-bottom:30px;\"><div class=\"reading-box\" style=\"background-color:rgba(255,255,255,0.8);border-width:0px;border-color:#f6f6f6;border-style:solid;\"><div class=\"reading-box-additional\">\n<p><span style=\"color: #003366;\">\u2022 Chaque semaine suppl\u00e9mentaire du cours d&rsquo;espagnol (h\u00e9bergement compris): 250 \u20ac<\/span><br \/>\n<span style=\"color: #003366;\">\u2022 Chaque semaine suppl\u00e9mentaire du stage C\u00f3rdoba (h\u00e9bergement compris): 100 \u20ac<br \/>\n\u2022 Chaque semaine suppl\u00e9mentaire du stage Buenos Aires (h\u00e9bergement compris): 145 \u20ac<br \/>\n<\/span><\/p>\n<\/div><div class=\"fusion-clearfix\"><\/div><\/div><\/div><div class=\"fusion-clearfix\"><\/div><\/div><\/div><div class=\"fusion-layout-column fusion_builder_column fusion-builder-column-3 fusion_builder_column_1_1 1_1 fusion-one-full fusion-column-first fusion-column-last fusion-animated\" style=\"margin-top:20px;margin-bottom:20px;\" data-animationType=\"fadeInDown\" data-animationDuration=\"0.7\" data-animationOffset=\"100%\"><div class=\"fusion-column-wrapper fusion-flex-column-wrapper-legacy\" style=\"background-position:left top;background-repeat:no-repeat;-webkit-background-size:cover;-moz-background-size:cover;-o-background-size:cover;background-size:cover;background-color:rgba(255,255,255,0.8);border:20px solid rgba(255,255,255,0.8);padding: 0px 0px 0px 0px;\"><div class=\"fusion-column-content-centered\"><div class=\"fusion-column-content\"><style type=\"text\/css\"><\/style><div class=\"fusion-title title fusion-title-2 fusion-sep-none fusion-title-text fusion-title-size-five\" style=\"margin-top:0px;margin-right:0px;margin-bottom:10px;margin-left:0px;\"><h5 class=\"title-heading-left\" style=\"margin:0;\"><p style=\"text-align: center;\">Curieux? Inscrivez-vous sans engagement et commencez votre aventure en Argentine!<\/p><\/h5><\/div><div class=\"imageframe-align-center\"><div class=\"imageframe-liftup\"><span class=\" fusion-imageframe imageframe-none imageframe-2\"><a class=\"fusion-no-lightbox\" href=\"http:\/\/nice-network.org\/fr\/inscription\/\" target=\"_self\" aria-label=\"subscribe_FR\"><img decoding=\"async\" width=\"242\" height=\"149\" alt=\"Offres Inscription\" src=\"http:\/\/nice-network.org\/wp-content\/uploads\/2016\/04\/button-subscribe-International-fr.png\" class=\"img-responsive wp-image-15931\"\/><\/a><\/span><\/div><\/div><\/div><\/div><div class=\"fusion-clearfix\"><\/div><\/div><\/div><\/div><\/div><div class=\"fusion-fullwidth fullwidth-box fusion-builder-row-3 nonhundred-percent-fullwidth non-hundred-percent-height-scrolling\" style=\"background-color: no;background-position: left top;background-repeat: no-repeat;padding-top:0px;padding-right:0px;padding-bottom:50px;padding-left:0px;margin-bottom: 0px;margin-top: 0px;border-width: 0px 0px 0px 0px;border-color:#eae9e9;border-style:solid;\" ><div class=\"fusion-builder-row fusion-row\"><div class=\"fusion-layout-column fusion_builder_column fusion-builder-column-4 fusion_builder_column_1_1 1_1 fusion-one-full fusion-column-first fusion-column-last fusion-column-no-min-height\" style=\"margin-top:0px;margin-bottom:0px;\"><div class=\"fusion-column-wrapper fusion-flex-column-wrapper-legacy\" style=\"background-position:left top;background-repeat:no-repeat;-webkit-background-size:cover;-moz-background-size:cover;-o-background-size:cover;background-size:cover;padding: 0px 0px 0px 0px;\"><style type=\"text\/css\"><\/style><div class=\"fusion-title title fusion-title-3 fusion-sep-none fusion-title-text fusion-title-size-two\" style=\"margin-top:0px;margin-right:0px;margin-bottom:31px;margin-left:0px;\"><h2 class=\"title-heading-left\" style=\"margin:0;\">Jetez un regard sur tous nos services!<\/h2><\/div><div class=\"fusion-clearfix\"><\/div><\/div><\/div><div class=\"fusion-layout-column fusion_builder_column fusion-builder-column-5 fusion_builder_column_1_1 1_1 fusion-one-full fusion-column-first fusion-column-last fusion-column-no-min-height\" style=\"margin-top:0px;margin-bottom:0px;\"><div class=\"fusion-column-wrapper fusion-flex-column-wrapper-legacy\" style=\"background-position:left top;background-repeat:no-repeat;-webkit-background-size:cover;-moz-background-size:cover;-o-background-size:cover;background-size:cover;padding: 0px 0px 0px 0px;\"><div class=\"fusion-image-carousel fusion-image-carousel-fixed fusion-carousel-border\"><div class=\"fusion-carousel\" data-autoplay=\"no\" data-columns=\"5\" data-itemmargin=\"13\" data-itemwidth=\"180\" data-touchscroll=\"no\" data-imagesize=\"fixed\"><div class=\"fusion-carousel-positioner\"><ul class=\"fusion-carousel-holder\"><li class=\"fusion-carousel-item\"><div class=\"fusion-carousel-item-wrapper\"><div class=\"fusion-image-wrapper hover-type-none\"><a href=\"http:\/\/nice-network.org\/fr\/argentine-amerique-du-sud\/\" target=\"_self\"><img decoding=\"async\" src=\"http:\/\/nice-network.org\/wp-content\/uploads\/2015\/02\/Discover-Argentina-Petrol-Frances.gif\" alt=\"L'argentine: La vraie Am\u00e9rique du Sud\"\/><\/a><\/div><\/div><\/li><li class=\"fusion-carousel-item\"><div class=\"fusion-carousel-item-wrapper\"><div class=\"fusion-image-wrapper hover-type-none\"><a href=\"http:\/\/nice-network.org\/fr\/argentine-voyages\/\" target=\"_self\"><img decoding=\"async\" src=\"http:\/\/nice-network.org\/wp-content\/uploads\/2015\/02\/Touristic-Highlights-Petrol-Frances.gif\" alt=\"D\u00e9couvrez les meilleurs lieux en Argentine\"\/><\/a><\/div><\/div><\/li><li class=\"fusion-carousel-item\"><div class=\"fusion-carousel-item-wrapper\"><div class=\"fusion-image-wrapper hover-type-none\"><a href=\"http:\/\/nice-network.org\/fr\/coursdespagnol-amerique-du-sud\/\" target=\"_self\"><img decoding=\"async\" src=\"http:\/\/nice-network.org\/wp-content\/uploads\/2015\/02\/Learn-Spanish-Petrol-Frances.gif\" alt=\"Cours d'espagnol en Am\u00e9rique du Sud\"\/><\/a><\/div><\/div><\/li><li class=\"fusion-carousel-item\"><div class=\"fusion-carousel-item-wrapper\"><div class=\"fusion-image-wrapper hover-type-none\"><a href=\"http:\/\/nice-network.org\/fr\/logement\/\" target=\"_self\"><img decoding=\"async\" src=\"http:\/\/nice-network.org\/wp-content\/uploads\/2015\/02\/Nice-Acco-Petrol-Frances.gif\" alt=\"Acceuil et logement en Argentine\"\/><\/a><\/div><\/div><\/li><li class=\"fusion-carousel-item\"><div class=\"fusion-carousel-item-wrapper\"><div class=\"fusion-image-wrapper hover-type-none\"><a href=\"http:\/\/nice-network.org\/fr\/promotion\/\" target=\"_self\"><img decoding=\"async\" src=\"http:\/\/nice-network.org\/wp-content\/uploads\/2015\/02\/Promotion-Petrol-Frances.gif\" alt=\"Packages pour stages ou volontariats en Argentine\"\/><\/a><\/div><\/div><\/li><li class=\"fusion-carousel-item\"><div class=\"fusion-carousel-item-wrapper\"><div class=\"fusion-image-wrapper hover-type-none\"><a href=\"http:\/\/nice-network.org\/fr\/guide\/\" target=\"_self\"><img decoding=\"async\" src=\"http:\/\/nice-network.org\/wp-content\/uploads\/2015\/02\/Travel-Preparation-Petrol-Frances.gif\" alt=\"Pr\u00e9paration de votre voyage en Argentine et Am\u00e9rique du Sud\"\/><\/a><\/div><\/div><\/li><li class=\"fusion-carousel-item\"><div class=\"fusion-carousel-item-wrapper\"><div class=\"fusion-image-wrapper hover-type-none\"><a href=\"http:\/\/nice-network.org\/fr\/volontariat-amerique-du-sud\/\" target=\"_self\"><img decoding=\"async\" src=\"http:\/\/nice-network.org\/wp-content\/uploads\/2015\/02\/Volunteer-Petrol-Frances.gif\" alt=\"Volontariat en Am\u00e9rique du Sud\"\/><\/a><\/div><\/div><\/li><li class=\"fusion-carousel-item\"><div class=\"fusion-carousel-item-wrapper\"><div class=\"fusion-image-wrapper hover-type-none\"><a href=\"http:\/\/nice-network.org\/fr\/pourquoi\/\" target=\"_self\"><img decoding=\"async\" src=\"http:\/\/nice-network.org\/wp-content\/uploads\/2015\/02\/Why-Nice-Petrol-Frances.gif\" alt=\"Le sp\u00e9cialiste pour stages et volontariats en Argentine\"\/><\/a><\/div><\/div><\/li><li class=\"fusion-carousel-item\"><div class=\"fusion-carousel-item-wrapper\"><div class=\"fusion-image-wrapper hover-type-none\"><a href=\"http:\/\/nice-network.org\/fr\/stage-categoryfit\/\" target=\"_self\"><img decoding=\"async\" src=\"http:\/\/nice-network.org\/wp-content\/uploads\/2015\/02\/Category-Fit-Petrol-Frances.gif\" alt=\"Stage \u00e0 l'\u00e9tranger en Argentine\"\/><\/a><\/div><\/div><\/li><li class=\"fusion-carousel-item\"><div class=\"fusion-carousel-item-wrapper\"><div class=\"fusion-image-wrapper hover-type-none\"><a href=\"http:\/\/nice-network.org\/fr\/argentine-cordoba\/\" target=\"_self\"><img decoding=\"async\" src=\"http:\/\/nice-network.org\/wp-content\/uploads\/2015\/02\/Cordoba-Petrol-Frances.gif\" alt=\"C\u00f3rdoba en Argentine en Am\u00e9rique du Sud\"\/><\/a><\/div><\/div><\/li><li class=\"fusion-carousel-item\"><div class=\"fusion-carousel-item-wrapper\"><div class=\"fusion-image-wrapper hover-type-none\"><a href=\"http:\/\/nice-network.org\/fr\/stage-personalfit\/\" target=\"_self\"><img decoding=\"async\" src=\"http:\/\/nice-network.org\/wp-content\/uploads\/2015\/02\/Personal-Fit-Petrol-Frances.gif\" alt=\"Stages pour des \u00e9tudiants en Argentine\"\/><\/a><\/div><\/div><\/li><li class=\"fusion-carousel-item\"><div class=\"fusion-carousel-item-wrapper\"><div class=\"fusion-image-wrapper hover-type-none\"><a href=\"http:\/\/nice-network.org\/fr\/stage-amerique-du-sud\/\" target=\"_self\"><img decoding=\"async\" src=\"http:\/\/nice-network.org\/wp-content\/uploads\/2015\/02\/Internship-Petrol-Frances.gif\" alt=\"Stage en Am\u00e9rique du Sud\"\/><\/a><\/div><\/div><\/li><li class=\"fusion-carousel-item\"><div class=\"fusion-carousel-item-wrapper\"><div class=\"fusion-image-wrapper hover-type-none\"><a href=\"http:\/\/nice-network.org\/fr\/stage-volontariat-bourse\/\" target=\"_self\"><img decoding=\"async\" src=\"http:\/\/nice-network.org\/wp-content\/uploads\/2015\/02\/Internship-Vac-Petrol-Frances.gif\" alt=\"Postes vacants pour stages en Argentine\"\/><\/a><\/div><\/div><\/li><\/ul><div class=\"fusion-carousel-nav\"><span class=\"fusion-nav-prev\"><\/span><span class=\"fusion-nav-next\"><\/span><\/div><\/div><\/div><\/div><div class=\"fusion-clearfix\"><\/div><\/div><\/div><\/div><\/div><\/p>\n","protected":false},"excerpt":{"rendered":"","protected":false},"author":5,"featured_media":0,"parent":0,"menu_order":0,"comment_status":"open","ping_status":"open","template":"100-width.php","meta":{"footnotes":""},"_links":{"self":[{"href":"https:\/\/nice-network.org\/fr\/wp-json\/wp\/v2\/pages\/3185"}],"collection":[{"href":"https:\/\/nice-network.org\/fr\/wp-json\/wp\/v2\/pages"}],"about":[{"href":"https:\/\/nice-network.org\/fr\/wp-json\/wp\/v2\/types\/page"}],"author":[{"embeddable":true,"href":"https:\/\/nice-network.org\/fr\/wp-json\/wp\/v2\/users\/5"}],"replies":[{"embeddable":true,"href":"https:\/\/nice-network.org\/fr\/wp-json\/wp\/v2\/comments?post=3185"}],"version-history":[{"count":3,"href":"https:\/\/nice-network.org\/fr\/wp-json\/wp\/v2\/pages\/3185\/revisions"}],"predecessor-version":[{"id":12704,"href":"https:\/\/nice-network.org\/fr\/wp-json\/wp\/v2\/pages\/3185\/revisions\/12704"}],"wp:attachment":[{"href":"https:\/\/nice-network.org\/fr\/wp-json\/wp\/v2\/media?parent=3185"}],"curies":[{"name":"wp","href":"https:\/\/api.w.org\/{rel}","templated":true}]}}