{"id":5157,"date":"2015-08-04T03:47:05","date_gmt":"2015-08-04T03:47:05","guid":{"rendered":"http:\/\/nice-network.org\/?page_id=5157"},"modified":"2025-12-09T16:50:30","modified_gmt":"2025-12-09T16:50:30","slug":"inscription","status":"publish","type":"page","link":"https:\/\/nice-network.org\/fr\/inscription\/","title":{"rendered":"Inscription"},"content":{"rendered":"<div class=\"fusion-fullwidth fullwidth-box fusion-builder-row-1 nonhundred-percent-fullwidth non-hundred-percent-height-scrolling\" style=\"background-color: no;background-position: left top;background-repeat: no-repeat;padding-top:0px;padding-right:0px;padding-bottom:0px;padding-left:0px;margin-bottom: 0px;margin-top: 0px;border-width: 0px 0px 0px 0px;border-color:#eae9e9;border-style:solid;\" ><div class=\"fusion-builder-row fusion-row\"><div class=\"fusion-layout-column fusion_builder_column fusion-builder-column-0 fusion_builder_column_2_3 2_3 fusion-two-third fusion-column-first\" style=\"width:65.3333%; margin-right: 4%;margin-top:0px;margin-bottom:20px;\"><div class=\"fusion-column-wrapper fusion-flex-column-wrapper-legacy\" style=\"background-position:left top;background-repeat:no-repeat;-webkit-background-size:cover;-moz-background-size:cover;-o-background-size:cover;background-size:cover;padding: 0px 0px 0px 0px;\">\n<div class=\"wpcf7 no-js\" id=\"wpcf7-f13207-o1\" lang=\"fr-FR\" dir=\"ltr\">\n<div class=\"screen-reader-response\"><p role=\"status\" aria-live=\"polite\" aria-atomic=\"true\"><\/p> <ul><\/ul><\/div>\n<form action=\"\/fr\/wp-json\/wp\/v2\/pages\/5157#wpcf7-f13207-o1\" method=\"post\" class=\"wpcf7-form init\" aria-label=\"Formulaire de contact\" novalidate=\"novalidate\" data-status=\"init\">\n<div style=\"display: none;\">\n<input type=\"hidden\" name=\"_wpcf7\" value=\"13207\" \/>\n<input type=\"hidden\" name=\"_wpcf7_version\" value=\"5.9.8\" \/>\n<input type=\"hidden\" name=\"_wpcf7_locale\" value=\"fr_FR\" \/>\n<input type=\"hidden\" name=\"_wpcf7_unit_tag\" value=\"wpcf7-f13207-o1\" \/>\n<input type=\"hidden\" name=\"_wpcf7_container_post\" value=\"0\" \/>\n<input type=\"hidden\" name=\"_wpcf7_posted_data_hash\" value=\"\" \/>\n<\/div>\n<h1>Inscription sans engagement\n<\/h1>\n<h3>Informations personnelles:\n<\/h3>\n<p><span class=\"wpcf7-form-control-wrap\" data-name=\"nombre\"><input size=\"40\" maxlength=\"400\" class=\"wpcf7-form-control wpcf7-text wpcf7-validates-as-required\" aria-required=\"true\" aria-invalid=\"false\" placeholder=\"Je m\u2019appelle: NOM, Pr\u00e9nom\" value=\"\" type=\"text\" name=\"nombre\" \/><\/span>\n<\/p>\n<p><span class=\"wpcf7-form-control-wrap\" data-name=\"mail\"><input size=\"40\" maxlength=\"400\" class=\"wpcf7-form-control wpcf7-email wpcf7-validates-as-required wpcf7-text wpcf7-validates-as-email\" aria-required=\"true\" aria-invalid=\"false\" placeholder=\"Mon adresse mail est*:\" value=\"\" type=\"email\" name=\"mail\" \/><\/span>\n<\/p>\n<p><span class=\"wpcf7-form-control-wrap\" data-name=\"lugar\"><input size=\"40\" maxlength=\"400\" class=\"wpcf7-form-control wpcf7-text\" aria-invalid=\"false\" placeholder=\"Je suis de:\" value=\"\" type=\"text\" name=\"lugar\" \/><\/span>\n<\/p>\n<p><span class=\"wpcf7-form-control-wrap\" data-name=\"tiempo\"><input size=\"40\" maxlength=\"400\" class=\"wpcf7-form-control wpcf7-text\" aria-invalid=\"false\" placeholder=\"Je compte aller en Argentine en (p\u00e9riode approximative):\" value=\"\" type=\"text\" name=\"tiempo\" \/><\/span>\n<\/p>\n<p><span class=\"wpcf7-form-control-wrap\" data-name=\"soy\"><input size=\"40\" maxlength=\"400\" class=\"wpcf7-form-control wpcf7-text\" aria-invalid=\"false\" placeholder=\"Je suis: \u00e9l\u00e8ve, \u00e9tudiant(e), jeune dipl\u00f4m\u00e9(e), autre..\" value=\"\" type=\"text\" name=\"soy\" \/><\/span>\n<\/p>\n<p><div class=\"fusion-sep-clear\"><\/div><div class=\"fusion-separator fusion-full-width-sep\" style=\"margin-left: auto;margin-right: auto;margin-top:20px;margin-bottom:20px;width:100%;\"><div class=\"fusion-separator-border sep-shadow\" style=\"background:radial-gradient(ellipse at 50% -50% , #e0dede 0px, rgba(255, 255, 255, 0) 80%) repeat scroll 0 0 rgba(0, 0, 0, 0);background:-webkit-radial-gradient(ellipse at 50% -50% , #e0dede 0px, rgba(255, 255, 255, 0) 80%) repeat scroll 0 0 rgba(0, 0, 0, 0);background:-moz-radial-gradient(ellipse at 50% -50% , #e0dede 0px, rgba(255, 255, 255, 0) 80%) repeat scroll 0 0 rgba(0, 0, 0, 0);background:-o-radial-gradient(ellipse at 50% -50% , #e0dede 0px, rgba(255, 255, 255, 0) 80%) repeat scroll 0 0 rgba(0, 0, 0, 0);\"><\/div><\/div><div class=\"fusion-sep-clear\"><\/div>\n<\/p>\n<h3>Je suis int\u00e9ress\u00e9(e) par:\n<\/h3>\n<h4><span class=\"wpcf7-form-control-wrap\" data-name=\"PF\"><span class=\"wpcf7-form-control wpcf7-checkbox\"><span class=\"wpcf7-list-item first last\"><input type=\"checkbox\" name=\"PF[]\" value=\"Un Stage Personal Fit\" \/><span class=\"wpcf7-list-item-label\">Un Stage Personal Fit<\/span><\/span><\/span><\/span> <span class=\"fusion-popover popover-1\" data-animation=\"1\" data-class=\"popover-1\" data-container=\"popover-1\" data-content=\"Lors de ce programme, le stage sera adapt\u00e9 de mani\u00e8re optimale \u00e0 vos besoins individuels. Vous d\u00e9crivez avec vos propres mots ce que vous cherchez.\" data-delay=\"50\" data-placement=\"top\" data-toggle=\"popover\" data-trigger=\"hover\"><i class=\"fa fa-question-circle\"><\/i><\/span> <span class=\"wpcf7-form-control-wrap\" data-name=\"CF\"><span class=\"wpcf7-form-control wpcf7-checkbox\"><span class=\"wpcf7-list-item first last\"><input type=\"checkbox\" name=\"CF[]\" value=\"Un Stage Category Fit\" \/><span class=\"wpcf7-list-item-label\">Un Stage Category Fit<\/span><\/span><\/span><\/span> <span class=\"fusion-popover popover-2\" data-animation=\"1\" data-class=\"popover-2\" data-container=\"popover-2\" data-content=\"Lors de ce programme, vous pouvez choisir vos cat\u00e9gories souhait\u00e9es. Nous vous envoyons les offres de stage et voil\u00e0 - Bienvenue en Argentine!\" data-delay=\"50\" data-placement=\"top\" data-toggle=\"popover\" data-trigger=\"hover\"><i class=\"fa fa-question-circle\"><\/i><\/span>\n<\/h4>\n<h4><span class=\"wpcf7-form-control-wrap\" data-name=\"GY\"><span class=\"wpcf7-form-control wpcf7-checkbox\"><span class=\"wpcf7-list-item first last\"><input type=\"checkbox\" name=\"GY[]\" value=\"Un Projet Gap Year\" \/><span class=\"wpcf7-list-item-label\">Un Projet Gap Year<\/span><\/span><\/span><\/span> <span class=\"fusion-popover popover-3\" data-animation=\"1\" data-class=\"popover-3\" data-container=\"popover-3\" data-html-content=\"Ce programme est particuli\u00e8rement adapt\u00e9 aux dipl\u00f4m\u00e9(e)s du secondaire qui sont \u00e0 la recherche d&#039;une orientation professionnelle ou d&#039;un stage pr\u00e9alables aux \u00e9tudes.\" data-delay=\"50\" data-placement=\"top\" data-toggle=\"popover\" data-trigger=\"hover\"><i class=\"fa fa-question-circle\"><\/i><\/span> <span class=\"wpcf7-form-control-wrap\" data-name=\"Vol\"><span class=\"wpcf7-form-control wpcf7-checkbox\"><span class=\"wpcf7-list-item first last\"><input type=\"checkbox\" name=\"Vol[]\" value=\"Un Volontariat\" \/><span class=\"wpcf7-list-item-label\">Un Volontariat<\/span><\/span><\/span><\/span> <span class=\"fusion-popover popover-4\" data-animation=\"1\" data-class=\"popover-4\" data-container=\"popover-4\" data-content=\"Engagez-vous dans le domaine qui vous pla\u00eet le plus: nous vous envoyons des projets sociaux - et vous \u00e9lisez votre favori.\" data-delay=\"50\" data-placement=\"top\" data-toggle=\"popover\" data-trigger=\"hover\"><i class=\"fa fa-question-circle\"><\/i><\/span>\n<\/h4>\n<h4><span class=\"wpcf7-form-control-wrap\" data-name=\"SB\"><span class=\"wpcf7-form-control wpcf7-checkbox\"><span class=\"wpcf7-list-item first last\"><input type=\"checkbox\" name=\"SB[]\" value=\"Ce(s) poste(s) de la bourse d\u2019emploi\" \/><span class=\"wpcf7-list-item-label\">Ce(s) poste(s) de la bourse d\u2019emploi<\/span><\/span><\/span><\/span> <span class=\"fusion-popover popover-5\" data-animation=\"1\" data-class=\"popover-5\" data-container=\"popover-5\" data-html-content=\"Ici, vous pouvez indiquer un ou plusieurs postes de notre bourse d&#039;emploi - et nous entrons en contact avec les entreprises.\" data-delay=\"50\" data-placement=\"top\" data-toggle=\"popover\" data-trigger=\"hover\"><i class=\"fa fa-question-circle\"><\/i><\/span>\n<\/h4>\n<p><span class=\"wpcf7-form-control-wrap\" data-name=\"codigo\"><input size=\"40\" maxlength=\"400\" class=\"wpcf7-form-control wpcf7-text\" aria-invalid=\"false\" placeholder=\"Merci de mettre le code du\/des poste(s) ici\" value=\"\" type=\"text\" name=\"codigo\" \/><\/span>\n<\/p>\n<h6>J\u2019ai besoin d\u2019aide. En-dessous je vous explique ce que je cherche.\n<\/h6>\n<p><span class=\"wpcf7-form-control-wrap\" data-name=\"deseos\"><input size=\"40\" maxlength=\"400\" class=\"wpcf7-form-control wpcf7-text\" aria-invalid=\"false\" placeholder=\"Merci de nous d\u00e9crire bri\u00e8vement vos attentes de stage\/volontariat\" value=\"\" type=\"text\" name=\"deseos\" \/><\/span>\n<\/p>\n<p><span class=\"wpcf7-form-control-wrap\" data-name=\"preguntas\"><input size=\"40\" maxlength=\"400\" class=\"wpcf7-form-control wpcf7-text\" aria-invalid=\"false\" placeholder=\"Avez-vous des questions?\" value=\"\" type=\"text\" name=\"preguntas\" \/><\/span>\n<\/p>\n<p><div class=\"fusion-sep-clear\"><\/div><div class=\"fusion-separator fusion-full-width-sep\" style=\"margin-left: auto;margin-right: auto;margin-top:20px;margin-bottom:20px;width:100%;\"><div class=\"fusion-separator-border sep-shadow\" style=\"background:radial-gradient(ellipse at 50% -50% , #e0dede 0px, rgba(255, 255, 255, 0) 80%) repeat scroll 0 0 rgba(0, 0, 0, 0);background:-webkit-radial-gradient(ellipse at 50% -50% , #e0dede 0px, rgba(255, 255, 255, 0) 80%) repeat scroll 0 0 rgba(0, 0, 0, 0);background:-moz-radial-gradient(ellipse at 50% -50% , #e0dede 0px, rgba(255, 255, 255, 0) 80%) repeat scroll 0 0 rgba(0, 0, 0, 0);background:-o-radial-gradient(ellipse at 50% -50% , #e0dede 0px, rgba(255, 255, 255, 0) 80%) repeat scroll 0 0 rgba(0, 0, 0, 0);\"><\/div><\/div><div class=\"fusion-sep-clear\"><\/div>\n<\/p>\n<h3>Mon niveau d\u2018espagnol:\n<\/h3>\n<h4><span class=\"wpcf7-form-control-wrap\" data-name=\"quierocurso\"><span class=\"wpcf7-form-control wpcf7-checkbox\"><span class=\"wpcf7-list-item first\"><label><input type=\"checkbox\" name=\"quierocurso[]\" value=\"J\u2019aimerais faire un cours d\u2018espagnol\" \/><span class=\"wpcf7-list-item-label\">J\u2019aimerais faire un cours d\u2018espagnol<\/span><\/label><\/span><span class=\"wpcf7-list-item last\"><label><input type=\"checkbox\" name=\"quierocurso[]\" value=\"Je ne suis pas int\u00e9ress\u00e9(e) par un cours d\u2019espagnol\" \/><span class=\"wpcf7-list-item-label\">Je ne suis pas int\u00e9ress\u00e9(e) par un cours d\u2019espagnol<\/span><\/label><\/span><\/span><\/span>\n<\/h4>\n<p><span class=\"wpcf7-form-control-wrap\" data-name=\"conocimientos\"><input size=\"40\" maxlength=\"400\" class=\"wpcf7-form-control wpcf7-text\" aria-invalid=\"false\" placeholder=\"Avez-vous d\u00e9j\u00e0 des connaissances en espagnol ? Si oui, merci de pr\u00e9ciser.\" value=\"\" type=\"text\" name=\"conocimientos\" \/><\/span>\n<\/p>\n<h6>Je suis int\u00e9ress\u00e9(e) par ce cours d\u2018espagnol:\n<\/h6>\n<h4><span class=\"wpcf7-form-control-wrap\" data-name=\"In\"><span class=\"wpcf7-form-control wpcf7-checkbox\"><span class=\"wpcf7-list-item first last\"><input type=\"checkbox\" name=\"In[]\" value=\"Cours Intensif\" \/><span class=\"wpcf7-list-item-label\">Cours Intensif<\/span><\/span><\/span><\/span> <span class=\"fusion-popover popover-6\" data-animation=\"1\" data-class=\"popover-6\" data-container=\"popover-6\" data-content=\"GROUPE: 20 le\u00e7ons d\u2018espagnol par semaine. INDIVIDUEL: 10 le\u00e7ons d\u2019espagnol par semaine.\" data-delay=\"50\" data-placement=\"top\" data-toggle=\"popover\" data-trigger=\"hover\"><i class=\"fa fa-question-circle\"><\/i><\/span>\n<\/h4>\n<h4><span class=\"wpcf7-form-control-wrap\" data-name=\"InP\"><span class=\"wpcf7-form-control wpcf7-checkbox\"><span class=\"wpcf7-list-item first last\"><input type=\"checkbox\" name=\"InP[]\" value=\"Cours Intensif + Conversation\" \/><span class=\"wpcf7-list-item-label\">Cours Intensif + Conversation<\/span><\/span><\/span><\/span> <span class=\"fusion-popover popover-7\" data-animation=\"1\" data-class=\"popover-7\" data-container=\"popover-7\" data-content=\"GROUPE: 20 le\u00e7ons d\u2019espagnol plus 5 heures de conversation par semaine. INDIVIDUEL: 10 le\u00e7ons d\u2019espagnol plus 2,5 heures de conversation par semaine.\" data-delay=\"50\" data-placement=\"top\" data-toggle=\"popover\" data-trigger=\"hover\"><i class=\"fa fa-question-circle\"><\/i><\/span>\n<\/h4>\n<h4><span class=\"wpcf7-form-control-wrap\" data-name=\"InPT\"><span class=\"wpcf7-form-control wpcf7-checkbox\"><span class=\"wpcf7-list-item first last\"><input type=\"checkbox\" name=\"InPT[]\" value=\"Cours Intensif + Tango\" \/><span class=\"wpcf7-list-item-label\">Cours Intensif + Tango<\/span><\/span><\/span><\/span> <span class=\"fusion-popover popover-8\" data-animation=\"1\" data-class=\"popover-8\" data-container=\"popover-8\" data-content=\"GROUPE : 20 le\u00e7ons d\u2019espagnol plus 1 heure de Tango par semaine. INDIVIDUEL : 10 le\u00e7ons d\u2019espagnol plus 1 heure de Tango par semaine.\" data-delay=\"50\" data-placement=\"top\" data-toggle=\"popover\" data-trigger=\"hover\"><i class=\"fa fa-question-circle\"><\/i><\/span>\n<\/h4>\n<h4><span class=\"wpcf7-form-control-wrap\" data-name=\"FaS\"><span class=\"wpcf7-form-control wpcf7-checkbox\"><span class=\"wpcf7-list-item first last\"><input type=\"checkbox\" name=\"FaS[]\" value=\"Espagnol Professionnel\" \/><span class=\"wpcf7-list-item-label\">Espagnol Professionnel<\/span><\/span><\/span><\/span> <span class=\"fusion-popover popover-9\" data-animation=\"1\" data-class=\"popover-9\" data-container=\"popover-9\" data-content=\"INDIVIDUEL : 10 le\u00e7ons d\u2019espagnol par semaine.\" data-delay=\"50\" data-placement=\"top\" data-toggle=\"popover\" data-trigger=\"hover\"><i class=\"fa fa-question-circle\"><\/i><\/span>\n<\/h4>\n<h4><span class=\"wpcf7-form-control-wrap\" data-name=\"FaSK\"><span class=\"wpcf7-form-control wpcf7-checkbox\"><span class=\"wpcf7-list-item first last\"><input type=\"checkbox\" name=\"FaSK[]\" value=\"Espagnol Professionnel + Conversation\" \/><span class=\"wpcf7-list-item-label\">Espagnol Professionnel + Conversation<\/span><\/span><\/span><\/span> <span class=\"fusion-popover popover-10\" data-animation=\"1\" data-class=\"popover-10\" data-container=\"popover-10\" data-content=\"INDIVIDUEL : 10 le\u00e7ons d\u2019espagnol plus 5 heures de conversation par semaine.\" data-delay=\"50\" data-placement=\"top\" data-toggle=\"popover\" data-trigger=\"hover\"><i class=\"fa fa-question-circle\"><\/i><\/span>\n<\/h4>\n<h4><span class=\"wpcf7-form-control-wrap\" data-name=\"ZeK\"><span class=\"wpcf7-form-control wpcf7-checkbox\"><span class=\"wpcf7-list-item first last\"><input type=\"checkbox\" name=\"ZeK[]\" value=\"DELE Pr\u00e9paration\" \/><span class=\"wpcf7-list-item-label\">DELE Pr\u00e9paration<\/span><\/span><\/span><\/span> <span class=\"fusion-popover popover-11\" data-animation=\"1\" data-class=\"popover-11\" data-container=\"popover-11\" data-content=\"GROUPE : 32 le\u00e7ons d\u2019espagnol en tout.\" data-delay=\"50\" data-placement=\"top\" data-toggle=\"popover\" data-trigger=\"hover\"><i class=\"fa fa-question-circle\"><\/i><\/span>\n<\/h4>\n<h4><span class=\"wpcf7-form-control-wrap\" data-name=\"BA\"><span class=\"wpcf7-form-control wpcf7-checkbox\"><span class=\"wpcf7-list-item first last\"><input type=\"checkbox\" name=\"BA[]\" value=\"Cours pendant le stage ou volontariat \u00e0 Buenos Aires\" \/><span class=\"wpcf7-list-item-label\">Cours pendant le stage ou volontariat \u00e0 Buenos Aires<\/span><\/span><\/span><\/span> <span class=\"fusion-popover popover-12\" data-animation=\"1\" data-class=\"popover-12\" data-container=\"popover-12\" data-content=\"INDIVIDUEL : 10 le\u00e7ons d\u2019espagnol par semaine.\" data-delay=\"50\" data-placement=\"top\" data-toggle=\"popover\" data-trigger=\"hover\"><i class=\"fa fa-question-circle\"><\/i><\/span>\n<\/h4>\n<p><span class=\"wpcf7-form-control-wrap\" data-name=\"platz\"><input size=\"40\" maxlength=\"400\" class=\"wpcf7-form-control wpcf7-text\" aria-invalid=\"false\" placeholder=\"Avec-vous des questions concernant les cours ?\" value=\"\" type=\"text\" name=\"platz\" \/><\/span>\n<\/p>\n<p><div class=\"fusion-sep-clear\"><\/div><div class=\"fusion-separator fusion-full-width-sep\" style=\"margin-left: auto;margin-right: auto;margin-top:20px;margin-bottom:20px;width:100%;\"><div class=\"fusion-separator-border sep-shadow\" style=\"background:radial-gradient(ellipse at 50% -50% , #e0dede 0px, rgba(255, 255, 255, 0) 80%) repeat scroll 0 0 rgba(0, 0, 0, 0);background:-webkit-radial-gradient(ellipse at 50% -50% , #e0dede 0px, rgba(255, 255, 255, 0) 80%) repeat scroll 0 0 rgba(0, 0, 0, 0);background:-moz-radial-gradient(ellipse at 50% -50% , #e0dede 0px, rgba(255, 255, 255, 0) 80%) repeat scroll 0 0 rgba(0, 0, 0, 0);background:-o-radial-gradient(ellipse at 50% -50% , #e0dede 0px, rgba(255, 255, 255, 0) 80%) repeat scroll 0 0 rgba(0, 0, 0, 0);\"><\/div><\/div><div class=\"fusion-sep-clear\"><\/div>\n<\/p>\n<h3>De plus, je voudrais:\n<\/h3>\n<h4><span class=\"wpcf7-form-control-wrap\" data-name=\"llamada\"><span class=\"wpcf7-form-control wpcf7-checkbox\"><span class=\"wpcf7-list-item first last\"><input type=\"checkbox\" name=\"llamada[]\" value=\"recevoir un appel sous le num\u00e9ro suivant:\" \/><span class=\"wpcf7-list-item-label\">recevoir un appel sous le num\u00e9ro suivant:<\/span><\/span><\/span><\/span>\n<\/h4>\n<p><span class=\"wpcf7-form-control-wrap\" data-name=\"fono\"><input size=\"40\" maxlength=\"400\" class=\"wpcf7-form-control wpcf7-text\" aria-invalid=\"false\" placeholder=\"Votre num\u00e9ro, la date et l\u2019heure pr\u00e9f\u00e9r\u00e9e pour recevoir l&#039;appel\" value=\"\" type=\"text\" name=\"fono\" \/><\/span>\n<\/p>\n<h4><span class=\"wpcf7-form-control-wrap\" data-name=\"InfoB\"><span class=\"wpcf7-form-control wpcf7-checkbox\"><span class=\"wpcf7-list-item first last\"><input type=\"checkbox\" name=\"InfoB[]\" value=\"obtenir NICE Info Brochure\" \/><span class=\"wpcf7-list-item-label\">obtenir NICE Info Brochure<\/span><\/span><\/span><\/span>\n<\/h4>\n<h6>J\u2019ai trouv\u00e9 NICE de cette mani\u00e8re:\n<\/h6>\n<h4><span class=\"wpcf7-form-control-wrap\" data-name=\"encontrar\"><span class=\"wpcf7-form-control wpcf7-checkbox\"><span class=\"wpcf7-list-item first\"><label><input type=\"checkbox\" name=\"encontrar[]\" value=\"Recherche sur Internet\" \/><span class=\"wpcf7-list-item-label\">Recherche sur Internet<\/span><\/label><\/span><span class=\"wpcf7-list-item\"><label><input type=\"checkbox\" name=\"encontrar[]\" value=\"R\u00e9seaux sociaux\" \/><span class=\"wpcf7-list-item-label\">R\u00e9seaux sociaux<\/span><\/label><\/span><span class=\"wpcf7-list-item\"><label><input type=\"checkbox\" name=\"encontrar[]\" value=\"Universit\u00e9\" \/><span class=\"wpcf7-list-item-label\">Universit\u00e9<\/span><\/label><\/span><span class=\"wpcf7-list-item\"><label><input type=\"checkbox\" name=\"encontrar[]\" value=\"\u00c9cole\" \/><span class=\"wpcf7-list-item-label\">\u00c9cole<\/span><\/label><\/span><span class=\"wpcf7-list-item last\"><label><input type=\"checkbox\" name=\"encontrar[]\" value=\"Recommandation\" \/><span class=\"wpcf7-list-item-label\">Recommandation<\/span><\/label><\/span><\/span><\/span>\n<\/h4>\n<p><span class=\"wpcf7-form-control-wrap\" data-name=\"hcap-cf7\">\t\t<input\n\t\t\t\ttype=\"hidden\"\n\t\t\t\tclass=\"hcaptcha-widget-id\"\n\t\t\t\tname=\"hcaptcha-widget-id\"\n\t\t\t\tvalue=\"eyJzb3VyY2UiOlsiY29udGFjdC1mb3JtLTdcL3dwLWNvbnRhY3QtZm9ybS03LnBocCJdLCJmb3JtX2lkIjoxMzIwN30=-efb8f9abba85ef61c7759bde825237c6\">\n\t\t\t\t<span id=\"hcap_cf7-69eb78a5562f86.76908166\" class=\"wpcf7-form-control h-captcha \"\n\t\t\tdata-sitekey=\"8c1058bc-eaaa-4e42-b632-282e075eec5a\"\n\t\t\tdata-theme=\"light\"\n\t\t\tdata-size=\"normal\"\n\t\t\tdata-auto=\"false\"\n\t\t\tdata-ajax=\"false\"\n\t\t\tdata-force=\"false\">\n\t\t<\/span>\n\t\t<input type=\"hidden\" id=\"_wpnonce\" name=\"_wpnonce\" value=\"ea83520107\" \/><input type=\"hidden\" name=\"_wp_http_referer\" value=\"\/fr\/wp-json\/wp\/v2\/pages\/5157\" \/><\/span><input class=\"wpcf7-form-control wpcf7-submit has-spinner boton-formulario\" type=\"submit\" value=\"Envoyer\" \/>\n<\/p><div class=\"wpcf7-response-output\" aria-hidden=\"true\"><\/div>\n<\/form>\n<\/div>\n<div class=\"fusion-clearfix\"><\/div><\/div><\/div><div class=\"fusion-layout-column fusion_builder_column fusion-builder-column-1 fusion_builder_column_1_3 1_3 fusion-one-third fusion-column-last\" style=\"width:30.6666%;margin-top:100px;margin-bottom:20px;\"><div class=\"fusion-column-wrapper fusion-flex-column-wrapper-legacy\" style=\"background-position:left top;background-repeat:no-repeat;-webkit-background-size:cover;-moz-background-size:cover;-o-background-size:cover;background-size:cover;padding: 0px 0px 0px 0px;\"><div class=\"fusion-text fusion-text-1\"><p><strong><span style=\"color: #000000;\">NICE en Argentine<\/span><\/strong><br \/>\n<strong>T\u00e9l\u00e9phone :<\/strong><br \/>\n+54 &#8211; (9)351 &#8211; 5286778<br \/>\n<strong>Heure d\u2019ouverture :<\/strong><br \/>\nLu-Ve : 9.00h &#8211; 16.00h (ARG)<\/p>\n<p><span style=\"color: #000000;\"><strong>E-Mail:<\/strong><\/span><br \/>\ninfo@nice-network.org<\/p>\n<\/div><div class=\"fusion-sep-clear\"><\/div><div class=\"fusion-separator fusion-full-width-sep\" style=\"margin-left: auto;margin-right: auto;margin-top:60px;width:100%;\"><\/div><div class=\"fusion-sep-clear\"><\/div><div class=\"fusion-social-links\"><div class=\"fusion-social-networks boxed-icons\"><div class=\"fusion-social-networks-wrapper\"><a class=\"fusion-social-network-icon fusion-tooltip fusion-mail fusion-icon-mail\" style=\"color:#ffffff;font-size:16px;width: calc(16px + (2 * (8px)) + 2px);background-color:#000000;border-color:#000000;border-radius:4px;\" data-placement=\"top\" data-title=\"Email\" data-toggle=\"tooltip\" title=\"Email\" aria-label=\"mail\" target=\"_blank\" rel=\"noopener noreferrer\" href=\"http:\/\/nice-network.org\/contact\/\"><\/a><a class=\"fusion-social-network-icon fusion-tooltip fusion-facebook fusion-icon-facebook\" style=\"color:#ffffff;font-size:16px;width: calc(16px + (2 * (8px)) + 2px);background-color:#3b5998;border-color:#3b5998;border-radius:4px;\" data-placement=\"top\" data-title=\"Facebook\" data-toggle=\"tooltip\" title=\"Facebook\" aria-label=\"facebook\" target=\"_blank\" rel=\"noopener noreferrer\" href=\"https:\/\/www.facebook.com\/FundacionNICE\/\"><\/a><a class=\"fusion-social-network-icon fusion-tooltip fusion-youtube fusion-icon-youtube\" style=\"color:#ffffff;font-size:16px;width: calc(16px + (2 * (8px)) + 2px);background-color:#cd201f;border-color:#cd201f;border-radius:4px;\" data-placement=\"top\" data-title=\"YouTube\" data-toggle=\"tooltip\" title=\"YouTube\" aria-label=\"youtube\" target=\"_blank\" rel=\"noopener noreferrer\" href=\"https:\/\/www.youtube.com\/channel\/UCVUyAQ0Qbz026EvTvspm4xA\"><\/a><a class=\"fusion-social-network-icon fusion-tooltip fusion-pinterest fusion-icon-pinterest\" style=\"color:#ffffff;font-size:16px;width: calc(16px + (2 * (8px)) + 2px);background-color:#bd081c;border-color:#bd081c;border-radius:4px;\" data-placement=\"top\" data-title=\"Pinterest\" data-toggle=\"tooltip\" title=\"Pinterest\" aria-label=\"pinterest\" target=\"_blank\" rel=\"noopener noreferrer\" href=\"https:\/\/es.pinterest.com\/nicenetworkorg\/\"><\/a><\/div><\/div><\/div><div class=\"fusion-sep-clear\"><\/div><div class=\"fusion-separator fusion-full-width-sep\" style=\"margin-left: auto;margin-right: auto;margin-top:60px;width:100%;\"><\/div><div class=\"fusion-sep-clear\"><\/div><span class=\" fusion-imageframe imageframe-none imageframe-1 hover-type-none fusion-animated\" data-animationType=\"fadeInRight\" data-animationDuration=\"0.9\" data-animationOffset=\"100%\"><a class=\"fusion-no-lightbox\" href=\"http:\/\/nice-network.org\/fr\/rapports\/\" target=\"_self\" aria-label=\"anciens-participants\"><img decoding=\"async\" width=\"347\" height=\"380\" alt=\"Contact\" src=\"http:\/\/nice-network.org\/wp-content\/uploads\/2015\/01\/anciens-participants.png\" class=\"img-responsive wp-image-16640\" srcset=\"https:\/\/nice-network.org\/wp-content\/uploads\/2015\/01\/anciens-participants-200x219.png 200w, https:\/\/nice-network.org\/wp-content\/uploads\/2015\/01\/anciens-participants.png 347w\" sizes=\"(max-width: 800px) 100vw, 347px\" \/><\/a><\/span><div class=\"fusion-clearfix\"><\/div><\/div><\/div><\/div><\/div>\n","protected":false},"excerpt":{"rendered":"","protected":false},"author":3,"featured_media":0,"parent":0,"menu_order":0,"comment_status":"open","ping_status":"open","template":"","meta":{"footnotes":""},"_links":{"self":[{"href":"https:\/\/nice-network.org\/fr\/wp-json\/wp\/v2\/pages\/5157"}],"collection":[{"href":"https:\/\/nice-network.org\/fr\/wp-json\/wp\/v2\/pages"}],"about":[{"href":"https:\/\/nice-network.org\/fr\/wp-json\/wp\/v2\/types\/page"}],"author":[{"embeddable":true,"href":"https:\/\/nice-network.org\/fr\/wp-json\/wp\/v2\/users\/3"}],"replies":[{"embeddable":true,"href":"https:\/\/nice-network.org\/fr\/wp-json\/wp\/v2\/comments?post=5157"}],"version-history":[{"count":9,"href":"https:\/\/nice-network.org\/fr\/wp-json\/wp\/v2\/pages\/5157\/revisions"}],"predecessor-version":[{"id":47866,"href":"https:\/\/nice-network.org\/fr\/wp-json\/wp\/v2\/pages\/5157\/revisions\/47866"}],"wp:attachment":[{"href":"https:\/\/nice-network.org\/fr\/wp-json\/wp\/v2\/media?parent=5157"}],"curies":[{"name":"wp","href":"https:\/\/api.w.org\/{rel}","templated":true}]}}