{"id":6986,"date":"2016-05-09T17:06:29","date_gmt":"2016-05-09T17:06:29","guid":{"rendered":"http:\/\/nice-network.org\/fr\/nice-prices\/"},"modified":"2025-05-11T17:56:30","modified_gmt":"2025-05-11T17:56:30","slug":"prix-de-nice","status":"publish","type":"page","link":"https:\/\/nice-network.org\/fr\/prix-de-nice\/","title":{"rendered":"Tous les Prix"},"content":{"rendered":"<div class=\"fusion-fullwidth fullwidth-box fusion-builder-row-1 nonhundred-percent-fullwidth non-hundred-percent-height-scrolling\" style=\"background-color: rgba(255,255,255,0);background-position: center center;background-repeat: no-repeat;padding-top:0px;padding-right:0px;padding-bottom:0px;padding-left:0px;margin-bottom: 0px;margin-top: 0px;border-width: 0px 0px 0px 0px;border-color:#eae9e9;border-style:solid;\" ><div class=\"fusion-builder-row fusion-row\"><div class=\"fusion-layout-column fusion_builder_column fusion-builder-column-0 fusion_builder_column_3_4 3_4 fusion-three-fourth fusion-column-first\" style=\"width:75%;width:calc(75% - ( ( 4% ) * 0.75 ) );margin-right: 4%;margin-top:0px;margin-bottom:20px;\"><div class=\"fusion-column-wrapper fusion-flex-column-wrapper-legacy\" style=\"background-position:left top;background-repeat:no-repeat;-webkit-background-size:cover;-moz-background-size:cover;-o-background-size:cover;background-size:cover;padding: 0px 0px 0px 0px;\"><style type=\"text\/css\"><\/style><div class=\"fusion-title title fusion-title-1 fusion-sep-none fusion-title-text fusion-title-size-one\" style=\"margin-top:0px;margin-right:0px;margin-bottom:31px;margin-left:0px;\"><h1 class=\"title-heading-left\" style=\"margin:0;\">NICE prix de votre s\u00e9jour \u00e0 l\u2018\u00e9tranger<\/h1><\/div><div class=\"fusion-text fusion-text-1\"><p>\u00cates-vous int\u00e9ress\u00e9 par un <a href=\"http:\/\/nice-network.org\/fr\/stage-amerique-du-sud\/\">stage \u00e1 l\u2019\u00e9tranger<\/a>, un <a href=\"http:\/\/nice-network.org\/fr\/volontariat-amerique-du-sud\/\">volontariat<\/a>, un <a href=\"http:\/\/nice-network.org\/fr\/coursdespagnol-amerique-du-sud\/\">cours d&rsquo; espagnol<\/a> ou un <a href=\"http:\/\/nice-network.org\/fr\/logement\/\">logement<\/a>?\u00a0 Ici vous trouvez tous les prix de NICE \u2013 tout d\u2019un seul coup d\u2019\u0153il. \u00a0Voyez vous-m\u00eame ce que vous pr\u00e9f\u00e9rez et choisissez vos services en <a href=\"http:\/\/nice-network.org\/fr\/argentine-amerique-du-sud\/\">Argentine<\/a>.<\/p>\n<\/div><style type=\"text\/css\">.fusion-accordian  #accordion-6986-1 .panel-title a .fa-fusion-box{ color: #ffffff;}.fusion-accordian  #accordion-6986-1 .panel-title a .fa-fusion-box:before{ font-size: 13px; width: 13px;}.fusion-accordian  #accordion-6986-1 .panel-title a{font-size:17px;}.fusion-accordian  #accordion-6986-1 .fa-fusion-box { background-color: #286270;border-color: #286270;}.fusion-accordian  #accordion-6986-1 .panel-title a:hover, #accordion-6986-1 .fusion-toggle-boxed-mode:hover .panel-title a { color: #f48300;}.fusion-accordian  #accordion-6986-1 .panel-title .active .fa-fusion-box,.fusion-accordian  #accordion-6986-1 .panel-title a:hover .fa-fusion-box { background-color: #f48300!important;border-color: #f48300!important;}<\/style><div class=\"accordian fusion-accordian\"><div class=\"panel-group\" id=\"accordion-6986-1\"><div class=\"fusion-panel panel-default\"><div class=\"panel-heading\"><h4 class=\"panel-title toggle\"><a aria-expanded=\"false\" aria-controls=\"be3b8b162a97fbef7\" role=\"button\" data-toggle=\"collapse\" data-parent=\"#accordion-6986-1\" data-target=\"#be3b8b162a97fbef7\" href=\"#be3b8b162a97fbef7\"><span class=\"fusion-toggle-icon-wrapper\" aria-hidden=\"true\"><i class=\"fa-fusion-box\" aria-hidden=\"true\"><\/i><\/span><span class=\"fusion-toggle-heading\">Stage \u00e0 l'\u00e9tranger<\/span><\/a><\/h4><\/div><div id=\"be3b8b162a97fbef7\" class=\"panel-collapse collapse \"><div class=\"panel-body toggle-content fusion-clearfix\">\n<p>Voulez-vous faire le premier pas? Alors, envoyez-nous votre candidature et transf\u00e9rez l&rsquo;un des frais d&rsquo;inscription suivants\u00a0:\n<span style=\"color: #ffffff;\">.<\/span><\/p>\n<div class=\"table-2\">\n<table width=\"100%\">\n<thead>\n<tr>\n<th align=\"left\">Frais d&rsquo;Inscription<\/th>\n<th align=\"left\">Prix<\/th>\n<\/tr>\n<\/thead>\n<tbody>\n<tr>\n<td>Standard: Premi\u00e8re offre de stage dans les 6-8 semaines<br \/>\nPostes Vacants: 2-4 semaines<\/td>\n<td>100 \u20ac<\/td>\n<\/tr>\n<tr>\n<td>Express: Premi\u00e8re offre de stage dans les 3-4 semaines<\/td>\n<td>150 \u20ac<\/td>\n<\/tr>\n<\/tbody>\n<\/table>\n<\/div>\n\n<div class=\"fusion-sep-clear\"><\/div><div class=\"fusion-separator fusion-full-width-sep\" style=\"margin-left: auto;margin-right: auto;margin-top:30px;width:100%;\"><\/div><div class=\"fusion-sep-clear\"><\/div>\n<p>L&rsquo;offre de stage est parfaite pour vous et vous souhaitez vous inscrire \u00e0 ce poste. Maintenant, vous devriez payer les co\u00fbts d&rsquo;organisation. Au fait, ces co\u00fbts sont ind\u00e9pendants de la dur\u00e9e du stage.<\/p>\n<p>Si vous voulez \u00e9pargner de l\u2019argent, c\u2019est possible de choisir notre Prix Combin\u00e9 au lieu du Prix Catalogue: La r\u00e9servation d&rsquo;un logement et d&rsquo;un cours d&rsquo;espagnol d&rsquo;au moins 4 semaines \u00e0 NICE permettra directement de b\u00e9n\u00e9ficier des Co\u00fbts d&rsquo;organisation r\u00e9duits pour votre stage:<\/p>\n\n<div class=\"table-2\">\n<table width=\"100%\">\n<thead>\n<tr>\n<th align=\"left\">Co\u00fbts d&rsquo;Organisation<\/th>\n<th align=\"left\">Prix Combin\u00e9 *<\/th>\n<th align=\"left\">Prix Catalogue *<\/th>\n<\/tr>\n<\/thead>\n<tbody>\n<tr>\n<td><a href=\"http:\/\/nice-network.org\/fr\/stage-volontariat-bourse\/\">Postes Vacants<\/a><\/td>\n<td>200 \u20ac<\/td>\n<td>300 \u20ac<\/td>\n<\/tr>\n<tr>\n<td><a href=\"http:\/\/nice-network.org\/fr\/stage-categoryfit\/\">Category Fit<\/a><\/td>\n<td>250 \u20ac<\/td>\n<td>400 \u20ac<\/td>\n<\/tr>\n<tr>\n<td><a href=\"http:\/\/nice-network.org\/fr\/stage-gapyear\/\">Projets de Gap Year<\/a><\/td>\n<td>250 \u20ac<\/td>\n<td>400 \u20ac<\/td>\n<\/tr>\n<tr>\n<td><a href=\"http:\/\/nice-network.org\/fr\/stage-personalfit\/\">Personal Fit<\/a><\/td>\n<td>Pas possible<\/td>\n<td>500 \u20ac<\/td>\n<\/tr>\n<\/tbody>\n<\/table>\n<\/div>\n\n<p><span style=\"color: #ffffff;\">.<\/span><br \/>\n*\u00a0Pour les stages \u00e0 Buenos Aires, nous facturons un suppl\u00e9ment unique de 100 \u20ac.<br \/>\n<span style=\"color: #ffffff;\">.<\/span><\/p>\n<\/div><\/div><\/div><div class=\"fusion-panel panel-default\"><div class=\"panel-heading\"><h4 class=\"panel-title toggle\"><a aria-expanded=\"false\" aria-controls=\"77ff71bd69aa560f9\" role=\"button\" data-toggle=\"collapse\" data-parent=\"#accordion-6986-1\" data-target=\"#77ff71bd69aa560f9\" href=\"#77ff71bd69aa560f9\"><span class=\"fusion-toggle-icon-wrapper\" aria-hidden=\"true\"><i class=\"fa-fusion-box\" aria-hidden=\"true\"><\/i><\/span><span class=\"fusion-toggle-heading\">Volontariat<\/span><\/a><\/h4><\/div><div id=\"77ff71bd69aa560f9\" class=\"panel-collapse collapse \"><div class=\"panel-body toggle-content fusion-clearfix\">\n<p>Voulez-vous faire le premier pas? Alors, envoyez-nous votre candidature et transf\u00e9rez l&rsquo;un des Frais d&rsquo;inscription suivants\u00a0:<\/p>\n\n<div class=\"table-2\">\n<table width=\"100%\">\n<thead>\n<tr>\n<th align=\"left\">Frais d&rsquo;Inscription<\/th>\n<th align=\"left\">Prix<\/th>\n<\/tr>\n<\/thead>\n<tbody>\n<tr>\n<td>Standard: Premi\u00e8re offre de stage dans 6 semaines<br \/>\nPostes Vacants: dans 2-4 semaines<\/td>\n<td>\u00a0100 \u20ac<\/td>\n<\/tr>\n<tr>\n<td>Express: Premi\u00e8re offre de stage dans 3 semaines<\/td>\n<td>150 \u20ac<\/td>\n<\/tr>\n<\/tbody>\n<\/table>\n<\/div>\n\n<div class=\"fusion-sep-clear\"><\/div><div class=\"fusion-separator fusion-full-width-sep\" style=\"margin-left: auto;margin-right: auto;margin-top:30px;width:100%;\"><\/div><div class=\"fusion-sep-clear\"><\/div>\nL&rsquo;offre de volontariat est parfaite pour vous et vous souhaitez vous inscrire \u00e0 ce projet. Maintenant, les co\u00fbts d&rsquo;organisation sont augment\u00e9s. Au fait, ces co\u00fbts sont ind\u00e9pendants de la dur\u00e9e du volontariat.<\/p>\n<p>Si vous voulez \u00e9pargner de l\u2019argent, pouvez choisir notre Prix Combin\u00e9 au lieu du prix Catalogue:<br \/>\nLa r\u00e9servation d&rsquo;un h\u00e9bergement et d&rsquo;un cours d&rsquo;espagnol d&rsquo;au moins 2 semaines \u00e0 NICE permettra directement de b\u00e9n\u00e9ficier des frais r\u00e9duits d&rsquo;organisation pour votre volontariat:<br \/>\n<span style=\"color: #ffffff;\">.<\/span><\/p>\n\n<div class=\"table-2\">\n<table width=\"100%\">\n<thead>\n<tr>\n<th align=\"left\">Co\u00fbts d&rsquo;Organisation<\/th>\n<th align=\"left\">Prix Combin\u00e9 *<\/th>\n<th align=\"left\">Prix Catalogue *<\/th>\n<\/tr>\n<\/thead>\n<tbody>\n<tr>\n<td><a href=\"http:\/\/nice-network.org\/fr\/stage-volontariat-bourse\/\">Postes vacants<\/a><\/td>\n<td>150 \u20ac<\/td>\n<td>250 \u20ac<\/td>\n<\/tr>\n<tr>\n<td><a href=\"http:\/\/nice-network.org\/fr\/volontariat-programme\/\">Programme<\/a><\/td>\n<td>150 \u20ac<\/td>\n<td>300 \u20ac<\/td>\n<\/tr>\n<\/tbody>\n<\/table>\n<\/div>\n\n<span style=\"color: #ffffff;\">.<\/span><br \/>\n*\u00a0Pour les projets \u00e0 Buenos Aires, nous facturons un suppl\u00e9ment unique de 100 \u20ac.<br \/>\n<span style=\"color: #ffffff;\">.<\/span><\/p>\n<\/div><\/div><\/div><div class=\"fusion-panel panel-default\"><div class=\"panel-heading\"><h4 class=\"panel-title toggle\"><a aria-expanded=\"false\" aria-controls=\"1d9fa7adfc2291fc7\" role=\"button\" data-toggle=\"collapse\" data-parent=\"#accordion-6986-1\" data-target=\"#1d9fa7adfc2291fc7\" href=\"#1d9fa7adfc2291fc7\"><span class=\"fusion-toggle-icon-wrapper\" aria-hidden=\"true\"><i class=\"fa-fusion-box\" aria-hidden=\"true\"><\/i><\/span><span class=\"fusion-toggle-heading\">Cours d'espagnol (groupe)<\/span><\/a><\/h4><\/div><div id=\"1d9fa7adfc2291fc7\" class=\"panel-collapse collapse \"><div class=\"panel-body toggle-content fusion-clearfix\">\n<p><a href=\"http:\/\/nice-network.org\/fr\/pourquoi\/\">NICE<\/a> propose des cours d&rsquo;espagnol pour tous les buts et niveaux. Dans nos petits groupes, vous pourrez pr\u00e9parer votre <a href=\"http:\/\/nice-network.org\/fr\/stage-amerique-du-sud\/\">stage<\/a>, votre <a href=\"http:\/\/nice-network.org\/fr\/volontariat-amerique-du-sud\/\">volontariat<\/a> ou votre voyage en <a href=\"http:\/\/nice-network.org\/fr\/argentine-amerique-du-sud\/\">Am\u00e9rique du Sud<\/a> de mani\u00e8re intensive et avec plaisir.<br \/>\n<span style=\"color: #ffffff;\">.<\/span>\n<div class=\"table-2\">\n<table width=\"100%\">\n<thead>\n<tr>\n<th align=\"left\">Produit<\/th>\n<th align=\"left\">Prix<\/th>\n<\/tr>\n<\/thead>\n<tbody>\n<tr>\n<td>Frais d&rsquo;Inscription<\/td>\n<td>60 \u20ac unique<\/td>\n<\/tr>\n<tr>\n<td>Cours Intensif plus Conversation<br \/>\n(20+5 le\u00e7ons*)<\/td>\n<td>205 \u20ac par semaine<\/td>\n<\/tr>\n<tr>\n<td>Cours Intensif<br \/>\n(20 le\u00e7ons*)<\/td>\n<td>165 \u20ac par semaine<\/td>\n<\/tr>\n<tr>\n<td>Cours Intensif plus Tango<br \/>\n(20 le\u00e7ons* + 1 le\u00e7on Tango)<\/td>\n<td>185 \u20ac par semaine<\/td>\n<\/tr>\n<tr>\n<td>DELE Pr\u00e9paration de Certificat<br \/>\n(32 le\u00e7ons*)<\/td>\n<td>305 \u20ac unique<\/td>\n<\/tr>\n<\/tbody>\n<\/table>\n<\/div>\n\n<span style=\"color: #ffffff;\">.<\/span><br \/>\n* Une le\u00e7on est correspondante \u00e0 45 minutes. Une le\u00e7on de conversation est correspondante \u00e0 50 minutes.<br \/>\n<span style=\"color: #ffffff;\">.<\/span><\/p>\n<\/div><\/div><\/div><div class=\"fusion-panel panel-default\"><div class=\"panel-heading\"><h4 class=\"panel-title toggle\"><a aria-expanded=\"false\" aria-controls=\"da0066a30e1a7f36a\" role=\"button\" data-toggle=\"collapse\" data-parent=\"#accordion-6986-1\" data-target=\"#da0066a30e1a7f36a\" href=\"#da0066a30e1a7f36a\"><span class=\"fusion-toggle-icon-wrapper\" aria-hidden=\"true\"><i class=\"fa-fusion-box\" aria-hidden=\"true\"><\/i><\/span><span class=\"fusion-toggle-heading\">Cours d'espagnol (particulier)<\/span><\/a><\/h4><\/div><div id=\"da0066a30e1a7f36a\" class=\"panel-collapse collapse \"><div class=\"panel-body toggle-content fusion-clearfix\">\n<p>Les le\u00e7ons priv\u00e9es sont le bon choix si vous souhaitez utiliser votre temps de mani\u00e8re optimale et adapter le contenu du cours \u00e0 votre <a href=\"http:\/\/nice-network.org\/fr\/stage-amerique-du-sud\/\">stage<\/a> ou votre <a href=\"http:\/\/nice-network.org\/fr\/volontariat-amerique-du-sud\/\">volontariat<\/a>. Vous verrez, ces cours sont 100% sur mesure pour vous et votre niveau d&rsquo;espagnol.<br \/>\n<span style=\"color: #ffffff;\">.<\/span>\n<div class=\"table-2\">\n<table width=\"100%\">\n<thead>\n<tr>\n<th align=\"left\">Les cours en C\u00f3rdoba<\/th>\n<th align=\"left\">Prix<\/th>\n<\/tr>\n<\/thead>\n<tbody>\n<tr>\n<td>Frais d&rsquo;Inscription<\/td>\n<td>60 \u20ac unique<\/td>\n<\/tr>\n<tr>\n<td>Cours Intensif plus Conversation<br \/>\n(10 + 2,5 le\u00e7ons*)<\/td>\n<td>235 \u20ac par semaine<\/td>\n<\/tr>\n<tr>\n<td>Cours Intensif<br \/>\n(10 le\u00e7ons*)<\/td>\n<td>195 \u20ac par semaine<\/td>\n<\/tr>\n<tr>\n<td>Espagnol Professionnel<br \/>\n(10 le\u00e7ons*)<\/td>\n<td>235 \u20ac par semaine<\/td>\n<\/tr>\n<tr>\n<td>Espagnol Professionnel plus Conversation<br \/>\n(10 + 2,5 Unterrichtsstunden*)<\/td>\n<td>275 \u20ac par semaine<\/td>\n<\/tr>\n<tr>\n<td>Cours Intensif plus Tango<br \/>\n(10 le\u00e7ons* + 1 le\u00e7on Tango)<\/td>\n<td>215 \u20ac par semaine<\/td>\n<\/tr>\n<tr>\n<td>Une le\u00e7on*<\/td>\n<td>21 \u20ac<\/td>\n<\/tr>\n<\/tbody>\n<\/table>\n<\/div>\n\n<span style=\"color: #ffffff;\">.<\/span><br \/>\n* Une le\u00e7on est correspondante \u00e0 45 minutes. Une le\u00e7on de conversation est correspondante \u00e0 50 minutes.<br \/>\n<span style=\"color: #ffffff;\">.<\/span><\/p>\n\n<div class=\"table-2\">\n<table width=\"100%\">\n<thead>\n<tr>\n<th align=\"left\">Les cours en Buenos Aires<\/th>\n<th align=\"left\">Prix<\/th>\n<\/tr>\n<\/thead>\n<tbody>\n<tr>\n<td>Frais d&rsquo;Inscription<\/td>\n<td>60 \u20ac unique<\/td>\n<\/tr>\n<tr>\n<td>Cours Intensif plus Conversation<br \/>\n(10 + 2,5 le\u00e7ons*)<\/td>\n<td>280 \u20ac par semaine<\/td>\n<\/tr>\n<tr>\n<td>Cours Intensif (10 le\u00e7ons*)<\/td>\n<td>230\u00a0\u20ac par semaine<\/td>\n<\/tr>\n<tr>\n<td>Une le\u00e7on*<\/td>\n<td>24\u00a0\u20ac<\/td>\n<\/tr>\n<\/tbody>\n<\/table>\n<\/div>\n\n<span style=\"color: #ffffff;\">.<\/span><br \/>\n* Une le\u00e7on est correspondante \u00e0 45 minutes. Une le\u00e7on de conversation est correspondante \u00e0 50 minutes.<br \/>\n<span style=\"color: #ffffff;\">.<\/span><\/p>\n<\/div><\/div><\/div><div class=\"fusion-panel panel-default\"><div class=\"panel-heading\"><h4 class=\"panel-title toggle\"><a aria-expanded=\"false\" aria-controls=\"4ba11bc9089e44464\" role=\"button\" data-toggle=\"collapse\" data-parent=\"#accordion-6986-1\" data-target=\"#4ba11bc9089e44464\" href=\"#4ba11bc9089e44464\"><span class=\"fusion-toggle-icon-wrapper\" aria-hidden=\"true\"><i class=\"fa-fusion-box\" aria-hidden=\"true\"><\/i><\/span><span class=\"fusion-toggle-heading\">Logements<\/span><\/a><\/h4><\/div><div id=\"4ba11bc9089e44464\" class=\"panel-collapse collapse \"><div class=\"panel-body toggle-content fusion-clearfix\">\n<p>Si vous souhaitez vivre en <a href=\"http:\/\/nice-network.org\/fr\/argentine-amerique-du-sud\/\">Argentine<\/a> avec des locaux, nos <a href=\"http:\/\/nice-network.org\/fr\/logement\/\">logements<\/a> sont parfaits pour vous!\u00a0 Vous avez votre propre chambre dans une maison ou un appartement, soit en plein centre-ville, soit dans un autre quartier central, accueillant et s\u00fbr.\u00a0 Ainsi, vous vous sentirez comme chez vous d\u00e8s le premier jour.<br \/>\n<span style=\"color: #ffffff;\">.<\/span>\n<div class=\"table-2\">\n<table width=\"100%\">\n<thead>\n<tr>\n<th align=\"left\">Produit<\/th>\n<th align=\"left\">Prix<\/th>\n<\/tr>\n<\/thead>\n<tbody>\n<tr>\n<td>Frais d&rsquo;Inscription<\/td>\n<td>60 \u20ac unique<\/td>\n<\/tr>\n<tr>\n<td><a href=\"http:\/\/nice-network.org\/fr\/logement\/\">Logement<\/a>*<\/td>\n<td>100 \u20ac par semaine<\/td>\n<\/tr>\n<tr>\n<td>Accueil <a href=\"http:\/\/nice-network.org\/fr\/argentine-cordoba\/\">C\u00f3rdoba<\/a> en semaine<\/td>\n<td>30 \u20ac<\/td>\n<\/tr>\n<tr>\n<td>Accueil <a href=\"http:\/\/nice-network.org\/fr\/argentine-cordoba\/\">C\u00f3rdoba<\/a> les week-ends et jours f\u00e9ri\u00e9s<\/td>\n<td>50 \u20ac<\/td>\n<\/tr>\n<\/tbody>\n<\/table>\n<\/div>\n\n<span style=\"color: #ffffff;\">.<\/span><br \/>\n*\u00a0Pour les h\u00e9bergements \u00e0 Buenos Aires, nous facturons un suppl\u00e9ment de 45\u20ac chaque semaine.<\/p>\n<\/div><\/div><\/div><\/div><\/div><div class=\"fusion-clearfix\"><\/div><\/div><\/div><div class=\"fusion-layout-column fusion_builder_column fusion-builder-column-1 fusion_builder_column_1_4 1_4 fusion-one-fourth fusion-column-last\" style=\"width:25%;width:calc(25% - ( ( 4% ) * 0.25 ) );margin-top:0px;margin-bottom:20px;\"><div class=\"fusion-column-wrapper fusion-flex-column-wrapper-legacy\" style=\"background-position:left top;background-repeat:no-repeat;-webkit-background-size:cover;-moz-background-size:cover;-o-background-size:cover;background-size:cover;padding: 0px 0px 0px 0px;\"><span class=\" fusion-imageframe imageframe-none imageframe-1 hover-type-none\"><a class=\"fusion-no-lightbox\" href=\"http:\/\/nice-network.org\/promotion\/\" target=\"_self\"><img decoding=\"async\" alt=\"NICE Prices &amp; Promotion\" src=\"http:\/\/nice-network.org\/wp-content\/uploads\/2016\/05\/Paquete3-FR-274x300.png\" class=\"img-responsive\"\/><\/a><\/span><div class=\"fusion-clearfix\"><\/div><\/div><\/div><\/div><\/div>\n","protected":false},"excerpt":{"rendered":"","protected":false},"author":5,"featured_media":0,"parent":0,"menu_order":0,"comment_status":"closed","ping_status":"closed","template":"","meta":{"footnotes":""},"_links":{"self":[{"href":"https:\/\/nice-network.org\/fr\/wp-json\/wp\/v2\/pages\/6986"}],"collection":[{"href":"https:\/\/nice-network.org\/fr\/wp-json\/wp\/v2\/pages"}],"about":[{"href":"https:\/\/nice-network.org\/fr\/wp-json\/wp\/v2\/types\/page"}],"author":[{"embeddable":true,"href":"https:\/\/nice-network.org\/fr\/wp-json\/wp\/v2\/users\/5"}],"replies":[{"embeddable":true,"href":"https:\/\/nice-network.org\/fr\/wp-json\/wp\/v2\/comments?post=6986"}],"version-history":[{"count":28,"href":"https:\/\/nice-network.org\/fr\/wp-json\/wp\/v2\/pages\/6986\/revisions"}],"predecessor-version":[{"id":21407,"href":"https:\/\/nice-network.org\/fr\/wp-json\/wp\/v2\/pages\/6986\/revisions\/21407"}],"wp:attachment":[{"href":"https:\/\/nice-network.org\/fr\/wp-json\/wp\/v2\/media?parent=6986"}],"curies":[{"name":"wp","href":"https:\/\/api.w.org\/{rel}","templated":true}]}}